{"id":3390,"date":"2024-06-22T12:14:47","date_gmt":"2024-06-22T10:14:47","guid":{"rendered":"https:\/\/staging.steppenwolf-bicycles.com\/zaruka\/"},"modified":"2026-01-20T04:58:40","modified_gmt":"2026-01-20T03:58:40","slug":"zaruka","status":"publish","type":"page","link":"https:\/\/www.steppenwolf-bicycles.com\/cs\/zaruka\/","title":{"rendered":"Z\u00e1ruka"},"content":{"rendered":"<div class=\"wpb-content-wrapper\"><p>[vc_row unlock_row=&#8220;&#8220; row_height_percent=&#8220;0&#8243; override_padding=&#8220;yes&#8220; h_padding=&#8220;2&#8243; top_padding=&#8220;4&#8243; bottom_padding=&#8220;4&#8243; overlay_color=&#8220;color-xsdn&#8220; overlay_alpha=&#8220;96&#8243; gutter_size=&#8220;3&#8243; column_width_percent=&#8220;100&#8243; shift_y=&#8220;0&#8243; z_index=&#8220;0&#8243; uncode_shortcode_id=&#8220;322877&#8243; overlay_color_type=&#8220;uncode-palette&#8220;][vc_column width=&#8220;1\/4&#8243;][vc_gallery el_id=&#8220;gallery-185515&#8243; medias=&#8220;3394&#8243; gutter_size=&#8220;3&#8243; screen_lg=&#8220;1000&#8243; screen_md=&#8220;600&#8243; screen_sm=&#8220;480&#8243; images_size=&#8220;nine-sixteen&#8220; single_overlay_opacity=&#8220;50&#8243; single_padding=&#8220;2&#8243; uncode_shortcode_id=&#8220;591956&#8243;][\/vc_column][vc_column column_width_percent=&#8220;100&#8243; gutter_size=&#8220;3&#8243; override_padding=&#8220;yes&#8220; column_padding=&#8220;2&#8243; overlay_color=&#8220;color-921807&#8243; overlay_alpha=&#8220;0&#8243; shift_x=&#8220;0&#8243; shift_y=&#8220;0&#8243; shift_y_down=&#8220;0&#8243; z_index=&#8220;0&#8243; medium_width=&#8220;0&#8243; mobile_width=&#8220;0&#8243; toggle=&#8220;yes&#8220; max_height=&#8220;369&#8243; closed_txt=&#8220;weiter lesen&#8220; open_txt=&#8220;einklappen&#8220; fade=&#8220;sm&#8220; btn_align=&#8220;left&#8220; toggle_scroll=&#8220;yes&#8220; toggle_navbar=&#8220;yes&#8220; toggle_navbar_mobile=&#8220;yes&#8220; trigger_resize=&#8220;yes&#8220; width=&#8220;3\/4&#8243; uncode_shortcode_id=&#8220;572969&#8243; overlay_color_type=&#8220;uncode-palette&#8220;][vc_row_inner limit_content=&#8220;&#8220;][vc_column_inner column_width_percent=&#8220;100&#8243; gutter_size=&#8220;3&#8243; overlay_alpha=&#8220;50&#8243; shift_x=&#8220;0&#8243; shift_y=&#8220;0&#8243; shift_y_down=&#8220;0&#8243; z_index=&#8220;0&#8243; medium_width=&#8220;0&#8243; mobile_width=&#8220;0&#8243; width=&#8220;1\/1&#8243; uncode_shortcode_id=&#8220;870686&#8243;][vc_custom_heading heading_semantic=&#8220;h3&#8243; text_size=&#8220;h1&#8243; uncode_shortcode_id=&#8220;160697&#8243;]<span class=\"font-555555\">Z\u00e1ruka<\/span>[\/vc_custom_heading][\/vc_column_inner][\/vc_row_inner][vc_column_text uncode_shortcode_id=&#8220;125409&#8243;]<span class=\"font-151610\">My, spole\u010dnost Zweirad Union e-Mobility GmbH &amp; Produktion Co. KG, V\u00e1m jako kupuj\u00edc\u00edmu nov\u00e9ho elektrokola zna\u010dky STEPPENWOLF nab\u00edz\u00edme<\/span><\/p>\n<h5><span class=\"font-151610\">Z\u00c1RUKU V\u00ddROBCE V D\u00c9LCE DVOU LET<\/span><\/h5>\n<p><span class=\"font-151610\">na bezvadnost r\u00e1mu a zadn\u00ed kyvn\u00e9 vidlice. Tato z\u00e1ruka zahrnuje zejm\u00e9na funk\u010dnost a absenci materi\u00e1lov\u00fdch nebo v\u00fdrobn\u00edch vad a prasklin r\u00e1mu. Z\u00e1ru\u010dn\u00ed doba za\u010d\u00edn\u00e1 p\u0159ed\u00e1n\u00edm, resp. dod\u00e1n\u00edm elektrokola.  <\/span><\/p>\n<p><span class=\"ffont-151610\">Tato z\u00e1ruka neomezuje Va\u0161e z\u00e1konn\u00e1 pr\u00e1va. Tato z\u00e1ruka sp\u00ed\u0161e roz\u0161i\u0159uje z\u00e1konem p\u0159edepsanou odpov\u011bdnost za v\u011bcn\u00e9 vady ve V\u00e1\u0161 prosp\u011bch. <\/span><\/p>\n<p><span class=\"font-151610\">Z\u00e1ruka plat\u00ed, pokud jste prvn\u00edm majitelem elektrokola. V p\u0159\u00edpad\u011b z\u00e1ruky mus\u00ed b\u00fdt doklad o koupi a r\u00e1m nebo kompletn\u00ed elektrokolo zasl\u00e1ny do na\u0161eho z\u00e1vodu. Proto doklad o koupi pe\u010dliv\u011b uschovejte. Pro uplatn\u011bn\u00ed z\u00e1ruky se pros\u00edm obra\u0165te na prodejce, u kter\u00e9ho jste kolo zakoupili. Ten za\u0159\u00edd\u00ed vy\u0159\u00edzen\u00ed z\u00e1ruky v na\u0161em zastoupen\u00ed. Pokud se chcete obr\u00e1tit p\u0159\u00edmo na n\u00e1s, pou\u017eijte pros\u00edm n\u00e1sleduj\u00edc\u00ed adresu: Zweirad Union e-Mobility GmbH &amp; Produktion Co. KG, Kyselh\u00e4user Str. 23, 06526 Sangerhausen. Ze z\u00e1ruky jsou vylou\u010deny \u0161kody zp\u016fsoben\u00e9 opot\u0159eben\u00edm, p\u00e1dem, p\u0159et\u00ed\u017een\u00edm, neodborn\u00fdm zach\u00e1zen\u00edm, \u00fapravou elektrokola, mont\u00e1\u017e\u00ed a p\u0159estavbou dodate\u010dn\u00fdch komponent\u016f, tuningem, pou\u017eit\u00edm v sout\u011b\u017e\u00edch, skoky a netypick\u00fdm p\u0159et\u011b\u017eov\u00e1n\u00edm. Z\u00e1ruka plat\u00ed pouze p\u0159i soukrom\u00e9m pou\u017e\u00edv\u00e1n\u00ed elektrokola a pouze v r\u00e1mci Evropsk\u00e9 unie. Pln\u011bn\u00ed ze z\u00e1ruky zahrnuje v\u00fdm\u011bnu vadn\u00e9ho d\u00edlu; n\u00e1klady na p\u0159estavbu a dopravu nejsou sou\u010d\u00e1st\u00ed z\u00e1ruky. Dal\u0161\u00ed n\u00e1roky, jako nap\u0159. n\u00e1hrada \u0161kody nebo u\u0161l\u00fd zisk, jsou v r\u00e1mci z\u00e1ruky vylou\u010deny. Pokud by takov\u00e9 n\u00e1roky p\u0159esto existovaly z jin\u00fdch d\u016fvod\u016f (nap\u0159. b\u011bhem z\u00e1konn\u00e9 odpov\u011bdnosti za v\u011bcn\u00e9 vady), z\u016fst\u00e1vaj\u00ed nedot\u010deny. V p\u0159\u00edpad\u011b z\u00e1ru\u010dn\u00ed v\u00fdm\u011bny si spole\u010dnost Zweirad Union e-Mobility GmbH &amp; Produktion Co. KG vyhrazuje pr\u00e1vo dodat nebo zabudovat funk\u010dn\u011b rovnocenn\u00e9 nebo kvalitn\u011bj\u0161\u00ed zbo\u017e\u00ed. P\u0159\u00edpadn\u00e9 z\u00e1ru\u010dn\u00ed pln\u011bn\u00ed neprodlu\u017euje p\u016fvodn\u00ed z\u00e1ru\u010dn\u00ed dobu.            <\/span>[\/vc_column_text][vc_column_text uncode_shortcode_id=&#8220;415750&#8243;]Sangerhausen, 1. \u010dervence 2024<\/p>\n<p>Zweirad Union e-Mobility GmbH &amp; Produktion Co. KG<br \/>Kyselh\u00e4user Str. 23<br \/>06526 Sangerhausen[\/vc_column_text][\/vc_column][\/vc_row]<\/p>\n<\/div>","protected":false},"excerpt":{"rendered":"<p>[vc_row unlock_row=&#8220;&#8220; row_height_percent=&#8220;0&#8243; override_padding=&#8220;yes&#8220; h_padding=&#8220;2&#8243; top_padding=&#8220;4&#8243; bottom_padding=&#8220;4&#8243; overlay_color=&#8220;color-xsdn&#8220; overlay_alpha=&#8220;96&#8243; gutter_size=&#8220;3&#8243; column_width_percent=&#8220;100&#8243; shift_y=&#8220;0&#8243; z_index=&#8220;0&#8243; uncode_shortcode_id=&#8220;322877&#8243; overlay_color_type=&#8220;uncode-palette&#8220;][vc_column width=&#8220;1\/4&#8243;][vc_gallery el_id=&#8220;gallery-185515&#8243; medias=&#8220;3394&#8243; gutter_size=&#8220;3&#8243; screen_lg=&#8220;1000&#8243; [&hellip;]<\/p>\n","protected":false},"author":1,"featured_media":0,"parent":0,"menu_order":0,"comment_status":"closed","ping_status":"closed","template":"","meta":{"footnotes":""},"class_list":["post-3390","page","type-page","status-publish","hentry"],"yoast_head":"<!-- This site is optimized with the Yoast SEO plugin v27.5 - https:\/\/yoast.com\/product\/yoast-seo-wordpress\/ -->\n<title>Z\u00e1ruka - Steppenwolf Bikes<\/title>\n<meta name=\"robots\" content=\"index, follow, max-snippet:-1, max-image-preview:large, max-video-preview:-1\" \/>\n<link rel=\"canonical\" href=\"https:\/\/www.steppenwolf-bicycles.com\/cs\/zaruka\/\" \/>\n<meta property=\"og:locale\" content=\"cs_CZ\" \/>\n<meta property=\"og:type\" content=\"article\" \/>\n<meta property=\"og:title\" content=\"Z\u00e1ruka - Steppenwolf Bikes\" \/>\n<meta property=\"og:description\" content=\"[vc_row unlock_row=&#8220;&#8220; row_height_percent=&#8220;0&#8243; override_padding=&#8220;yes&#8220; h_padding=&#8220;2&#8243; top_padding=&#8220;4&#8243; bottom_padding=&#8220;4&#8243; overlay_color=&#8220;color-xsdn&#8220; overlay_alpha=&#8220;96&#8243; gutter_size=&#8220;3&#8243; column_width_percent=&#8220;100&#8243; shift_y=&#8220;0&#8243; z_index=&#8220;0&#8243; uncode_shortcode_id=&#8220;322877&#8243; overlay_color_type=&#8220;uncode-palette&#8220;][vc_column width=&#8220;1\/4&#8243;][vc_gallery el_id=&#8220;gallery-185515&#8243; medias=&#8220;3394&#8243; gutter_size=&#8220;3&#8243; screen_lg=&#8220;1000&#8243; [&hellip;]\" \/>\n<meta property=\"og:url\" content=\"https:\/\/www.steppenwolf-bicycles.com\/cs\/zaruka\/\" \/>\n<meta property=\"og:site_name\" content=\"Steppenwolf Bikes\" \/>\n<meta property=\"article:publisher\" content=\"https:\/\/www.facebook.com\/Steppenwolf.Stw\" \/>\n<meta property=\"article:modified_time\" content=\"2026-01-20T03:58:40+00:00\" \/>\n<meta name=\"twitter:card\" content=\"summary_large_image\" \/>\n<meta name=\"twitter:label1\" content=\"Odhadovan\u00e1 doba \u010dten\u00ed\" \/>\n\t<meta name=\"twitter:data1\" content=\"3 minuty\" \/>\n<script type=\"application\/ld+json\" class=\"yoast-schema-graph\">{\"@context\":\"https:\\\/\\\/schema.org\",\"@graph\":[{\"@type\":\"WebPage\",\"@id\":\"https:\\\/\\\/www.steppenwolf-bicycles.com\\\/cs\\\/zaruka\\\/\",\"url\":\"https:\\\/\\\/www.steppenwolf-bicycles.com\\\/cs\\\/zaruka\\\/\",\"name\":\"Z\u00e1ruka - Steppenwolf Bikes\",\"isPartOf\":{\"@id\":\"https:\\\/\\\/www.steppenwolf-bicycles.com\\\/cs\\\/#website\"},\"datePublished\":\"2024-06-22T10:14:47+00:00\",\"dateModified\":\"2026-01-20T03:58:40+00:00\",\"breadcrumb\":{\"@id\":\"https:\\\/\\\/www.steppenwolf-bicycles.com\\\/cs\\\/zaruka\\\/#breadcrumb\"},\"inLanguage\":\"cs\",\"potentialAction\":[{\"@type\":\"ReadAction\",\"target\":[\"https:\\\/\\\/www.steppenwolf-bicycles.com\\\/cs\\\/zaruka\\\/\"]}]},{\"@type\":\"BreadcrumbList\",\"@id\":\"https:\\\/\\\/www.steppenwolf-bicycles.com\\\/cs\\\/zaruka\\\/#breadcrumb\",\"itemListElement\":[{\"@type\":\"ListItem\",\"position\":1,\"name\":\"Startseite\",\"item\":\"https:\\\/\\\/www.steppenwolf-bicycles.com\\\/cs\\\/\"},{\"@type\":\"ListItem\",\"position\":2,\"name\":\"Z\u00e1ruka\"}]},{\"@type\":\"WebSite\",\"@id\":\"https:\\\/\\\/www.steppenwolf-bicycles.com\\\/cs\\\/#website\",\"url\":\"https:\\\/\\\/www.steppenwolf-bicycles.com\\\/cs\\\/\",\"name\":\"Steppenwolf Bikes\",\"description\":\"Premium E-Bikes Made in Germany\",\"publisher\":{\"@id\":\"https:\\\/\\\/www.steppenwolf-bicycles.com\\\/cs\\\/#organization\"},\"potentialAction\":[{\"@type\":\"SearchAction\",\"target\":{\"@type\":\"EntryPoint\",\"urlTemplate\":\"https:\\\/\\\/www.steppenwolf-bicycles.com\\\/cs\\\/?s={search_term_string}\"},\"query-input\":{\"@type\":\"PropertyValueSpecification\",\"valueRequired\":true,\"valueName\":\"search_term_string\"}}],\"inLanguage\":\"cs\"},{\"@type\":\"Organization\",\"@id\":\"https:\\\/\\\/www.steppenwolf-bicycles.com\\\/cs\\\/#organization\",\"name\":\"Steppenwolf Bikes\",\"url\":\"https:\\\/\\\/www.steppenwolf-bicycles.com\\\/cs\\\/\",\"logo\":{\"@type\":\"ImageObject\",\"inLanguage\":\"cs\",\"@id\":\"https:\\\/\\\/www.steppenwolf-bicycles.com\\\/cs\\\/#\\\/schema\\\/logo\\\/image\\\/\",\"url\":\"https:\\\/\\\/www.steppenwolf-bicycles.com\\\/wp-content\\\/uploads\\\/2024\\\/05\\\/Logo-nur-Berg-S-auf-w.png\",\"contentUrl\":\"https:\\\/\\\/www.steppenwolf-bicycles.com\\\/wp-content\\\/uploads\\\/2024\\\/05\\\/Logo-nur-Berg-S-auf-w.png\",\"width\":1000,\"height\":1000,\"caption\":\"Steppenwolf Bikes\"},\"image\":{\"@id\":\"https:\\\/\\\/www.steppenwolf-bicycles.com\\\/cs\\\/#\\\/schema\\\/logo\\\/image\\\/\"},\"sameAs\":[\"https:\\\/\\\/www.facebook.com\\\/Steppenwolf.Stw\",\"https:\\\/\\\/www.instagram.com\\\/steppenwolfbikes\\\/\"]}]}<\/script>\n<!-- \/ Yoast SEO plugin. -->","yoast_head_json":{"title":"Z\u00e1ruka - Steppenwolf Bikes","robots":{"index":"index","follow":"follow","max-snippet":"max-snippet:-1","max-image-preview":"max-image-preview:large","max-video-preview":"max-video-preview:-1"},"canonical":"https:\/\/www.steppenwolf-bicycles.com\/cs\/zaruka\/","og_locale":"cs_CZ","og_type":"article","og_title":"Z\u00e1ruka - Steppenwolf Bikes","og_description":"[vc_row unlock_row=&#8220;&#8220; row_height_percent=&#8220;0&#8243; override_padding=&#8220;yes&#8220; h_padding=&#8220;2&#8243; top_padding=&#8220;4&#8243; bottom_padding=&#8220;4&#8243; overlay_color=&#8220;color-xsdn&#8220; overlay_alpha=&#8220;96&#8243; gutter_size=&#8220;3&#8243; column_width_percent=&#8220;100&#8243; shift_y=&#8220;0&#8243; z_index=&#8220;0&#8243; uncode_shortcode_id=&#8220;322877&#8243; overlay_color_type=&#8220;uncode-palette&#8220;][vc_column width=&#8220;1\/4&#8243;][vc_gallery el_id=&#8220;gallery-185515&#8243; medias=&#8220;3394&#8243; gutter_size=&#8220;3&#8243; screen_lg=&#8220;1000&#8243; [&hellip;]","og_url":"https:\/\/www.steppenwolf-bicycles.com\/cs\/zaruka\/","og_site_name":"Steppenwolf Bikes","article_publisher":"https:\/\/www.facebook.com\/Steppenwolf.Stw","article_modified_time":"2026-01-20T03:58:40+00:00","twitter_card":"summary_large_image","twitter_misc":{"Odhadovan\u00e1 doba \u010dten\u00ed":"3 minuty"},"schema":{"@context":"https:\/\/schema.org","@graph":[{"@type":"WebPage","@id":"https:\/\/www.steppenwolf-bicycles.com\/cs\/zaruka\/","url":"https:\/\/www.steppenwolf-bicycles.com\/cs\/zaruka\/","name":"Z\u00e1ruka - Steppenwolf Bikes","isPartOf":{"@id":"https:\/\/www.steppenwolf-bicycles.com\/cs\/#website"},"datePublished":"2024-06-22T10:14:47+00:00","dateModified":"2026-01-20T03:58:40+00:00","breadcrumb":{"@id":"https:\/\/www.steppenwolf-bicycles.com\/cs\/zaruka\/#breadcrumb"},"inLanguage":"cs","potentialAction":[{"@type":"ReadAction","target":["https:\/\/www.steppenwolf-bicycles.com\/cs\/zaruka\/"]}]},{"@type":"BreadcrumbList","@id":"https:\/\/www.steppenwolf-bicycles.com\/cs\/zaruka\/#breadcrumb","itemListElement":[{"@type":"ListItem","position":1,"name":"Startseite","item":"https:\/\/www.steppenwolf-bicycles.com\/cs\/"},{"@type":"ListItem","position":2,"name":"Z\u00e1ruka"}]},{"@type":"WebSite","@id":"https:\/\/www.steppenwolf-bicycles.com\/cs\/#website","url":"https:\/\/www.steppenwolf-bicycles.com\/cs\/","name":"Steppenwolf Bikes","description":"Premium E-Bikes Made in Germany","publisher":{"@id":"https:\/\/www.steppenwolf-bicycles.com\/cs\/#organization"},"potentialAction":[{"@type":"SearchAction","target":{"@type":"EntryPoint","urlTemplate":"https:\/\/www.steppenwolf-bicycles.com\/cs\/?s={search_term_string}"},"query-input":{"@type":"PropertyValueSpecification","valueRequired":true,"valueName":"search_term_string"}}],"inLanguage":"cs"},{"@type":"Organization","@id":"https:\/\/www.steppenwolf-bicycles.com\/cs\/#organization","name":"Steppenwolf Bikes","url":"https:\/\/www.steppenwolf-bicycles.com\/cs\/","logo":{"@type":"ImageObject","inLanguage":"cs","@id":"https:\/\/www.steppenwolf-bicycles.com\/cs\/#\/schema\/logo\/image\/","url":"https:\/\/www.steppenwolf-bicycles.com\/wp-content\/uploads\/2024\/05\/Logo-nur-Berg-S-auf-w.png","contentUrl":"https:\/\/www.steppenwolf-bicycles.com\/wp-content\/uploads\/2024\/05\/Logo-nur-Berg-S-auf-w.png","width":1000,"height":1000,"caption":"Steppenwolf Bikes"},"image":{"@id":"https:\/\/www.steppenwolf-bicycles.com\/cs\/#\/schema\/logo\/image\/"},"sameAs":["https:\/\/www.facebook.com\/Steppenwolf.Stw","https:\/\/www.instagram.com\/steppenwolfbikes\/"]}]}},"_links":{"self":[{"href":"https:\/\/www.steppenwolf-bicycles.com\/cs\/wp-json\/wp\/v2\/pages\/3390","targetHints":{"allow":["GET"]}}],"collection":[{"href":"https:\/\/www.steppenwolf-bicycles.com\/cs\/wp-json\/wp\/v2\/pages"}],"about":[{"href":"https:\/\/www.steppenwolf-bicycles.com\/cs\/wp-json\/wp\/v2\/types\/page"}],"author":[{"embeddable":true,"href":"https:\/\/www.steppenwolf-bicycles.com\/cs\/wp-json\/wp\/v2\/users\/1"}],"replies":[{"embeddable":true,"href":"https:\/\/www.steppenwolf-bicycles.com\/cs\/wp-json\/wp\/v2\/comments?post=3390"}],"version-history":[{"count":3,"href":"https:\/\/www.steppenwolf-bicycles.com\/cs\/wp-json\/wp\/v2\/pages\/3390\/revisions"}],"predecessor-version":[{"id":3410,"href":"https:\/\/www.steppenwolf-bicycles.com\/cs\/wp-json\/wp\/v2\/pages\/3390\/revisions\/3410"}],"wp:attachment":[{"href":"https:\/\/www.steppenwolf-bicycles.com\/cs\/wp-json\/wp\/v2\/media?parent=3390"}],"curies":[{"name":"wp","href":"https:\/\/api.w.org\/{rel}","templated":true}]}}