{"id":3548,"date":"2024-06-22T12:43:50","date_gmt":"2024-06-22T10:43:50","guid":{"rendered":"https:\/\/staging.steppenwolf-bicycles.com\/portal-prodejce\/"},"modified":"2026-01-20T05:00:43","modified_gmt":"2026-01-20T04:00:43","slug":"portal-prodejce","status":"publish","type":"page","link":"https:\/\/www.steppenwolf-bicycles.com\/cs\/portal-prodejce\/","title":{"rendered":"Port\u00e1l prodejce"},"content":{"rendered":"<div class=\"wpb-content-wrapper\"><p>[vc_row row_height_percent=&#8220;0&#8243; override_padding=&#8220;yes&#8220; h_padding=&#8220;2&#8243; top_padding=&#8220;5&#8243; bottom_padding=&#8220;3&#8243; overlay_alpha=&#8220;50&#8243; equal_height=&#8220;yes&#8220; gutter_size=&#8220;5&#8243; column_width_percent=&#8220;100&#8243; shift_y=&#8220;0&#8243; z_index=&#8220;0&#8243; uncode_shortcode_id=&#8220;169460&#8243;][vc_column column_width_percent=&#8220;100&#8243; gutter_size=&#8220;3&#8243; overlay_alpha=&#8220;50&#8243; shift_x=&#8220;0&#8243; shift_y=&#8220;0&#8243; shift_y_down=&#8220;0&#8243; z_index=&#8220;0&#8243; medium_width=&#8220;0&#8243; mobile_width=&#8220;0&#8243; width=&#8220;1\/2&#8243; uncode_shortcode_id=&#8220;213683&#8243;][vc_single_image media=&#8220;3554&#8243; media_width_percent=&#8220;100&#8243; shadow=&#8220;yes&#8220; shadow_weight=&#8220;std&#8220; uncode_shortcode_id=&#8220;338681&#8243; media_link=&#8220;url:http%3A%2F%2F202.66.117.33%3A8080%2Fuser%2Flogin.html&#8220;][\/vc_column][vc_column width=&#8220;1\/2&#8243;][vc_custom_heading uncode_shortcode_id=&#8220;200261&#8243;]P\u0159ej\u00edt na port\u00e1l prodejce Zweirad Union[\/vc_custom_heading][vc_custom_heading text_font=&#8220;font-151610&#8243; text_size=&#8220;h5&#8243; text_weight=&#8220;400&#8243; uncode_shortcode_id=&#8220;101206&#8243;]<\/p>\n<ul>\n<li><span class=\"font-116337\">Objednat kola<\/span><\/li>\n<li><span class=\"font-116337\">Objednat n\u00e1hradn\u00ed d\u00edly<\/span><\/li>\n<li><span class=\"font-116337\">Spravovat sv\u00e9 objedn\u00e1vky\/zak\u00e1zky<\/span><\/li>\n<li><span class=\"font-116337\">Sledovat sv\u00e9 dod\u00e1vky\/stav dod\u00e1vky<\/span><\/li>\n<li><span class=\"font-116337\">Spravovat sv\u00e9 servisn\u00ed po\u017eadavky<\/span><\/li>\n<li><span class=\"font-116337\">Prohl\u00ed\u017eet a stahovat mont\u00e1\u017en\u00ed n\u00e1vody a rozkreslen\u00e9 n\u00e1kresy<br \/><\/span><\/li>\n<\/ul>\n<p>&nbsp;<\/p>\n<p>Jednotliv\u00e9 funkce budou postupn\u011b zav\u00e1d\u011bny a pln\u011b dostupn\u00e9 do roku 2025.[\/vc_custom_heading][vc_button button_color=&#8220;accent&#8220; custom_typo=&#8220;yes&#8220; font_family=&#8220;font-151610&#8243; font_weight=&#8220;500&#8243; text_transform=&#8220;uppercase&#8220; border_width=&#8220;0&#8243; uncode_shortcode_id=&#8220;134456&#8243; link=&#8220;url:https%3A%2F%2Fzweirad-union.kwmportal.com%2Fuser%2Flogin.html|target:_blank|&#8220; button_color_type=&#8220;uncode-palette&#8220; icon=&#8220;fa fa-enter&#8220; width=&#8220;200&#8243;]P\u0159ihl\u00e1sit se[\/vc_button][\/vc_column][\/vc_row][vc_row row_height_percent=&#8220;0&#8243; override_padding=&#8220;yes&#8220; h_padding=&#8220;2&#8243; top_padding=&#8220;5&#8243; bottom_padding=&#8220;2&#8243; overlay_alpha=&#8220;50&#8243; gutter_size=&#8220;5&#8243; column_width_percent=&#8220;100&#8243; shift_y=&#8220;0&#8243; z_index=&#8220;0&#8243; uncode_shortcode_id=&#8220;432263&#8243;][vc_column column_width_percent=&#8220;100&#8243; gutter_size=&#8220;2&#8243; overlay_alpha=&#8220;50&#8243; shift_x=&#8220;0&#8243; shift_y=&#8220;0&#8243; shift_y_down=&#8220;0&#8243; z_index=&#8220;0&#8243; medium_width=&#8220;0&#8243; mobile_width=&#8220;0&#8243; width=&#8220;1\/2&#8243; uncode_shortcode_id=&#8220;116982&#8243;][vc_custom_heading text_size=&#8220;h6&#8243; uncode_shortcode_id=&#8220;976711&#8243;]Nahl\u00e9dnut\u00ed do na\u0161eho z\u00e1vodu v Sangerhausenu[\/vc_custom_heading][vc_single_image media=&#8220;3555&#8243; media_width_percent=&#8220;100&#8243; shadow=&#8220;yes&#8220; shadow_weight=&#8220;std&#8220; uncode_shortcode_id=&#8220;212033&#8243;][\/vc_column][vc_column column_width_percent=&#8220;100&#8243; gutter_size=&#8220;3&#8243; overlay_alpha=&#8220;50&#8243; shift_x=&#8220;0&#8243; shift_y=&#8220;0&#8243; shift_y_down=&#8220;0&#8243; z_index=&#8220;0&#8243; medium_width=&#8220;0&#8243; mobile_width=&#8220;0&#8243; width=&#8220;1\/2&#8243; uncode_shortcode_id=&#8220;500130&#8243;][vc_custom_heading uncode_shortcode_id=&#8220;616583&#8243;]1A spolehlivost[\/vc_custom_heading][vc_custom_heading heading_semantic=&#8220;h6&#8243; text_font=&#8220;font-151610&#8243; text_size=&#8220;h5&#8243; text_weight=&#8220;500&#8243; uncode_shortcode_id=&#8220;227809&#8243;]Pl\u00e1novatelnost, spolehlivost a kvalita jsou z\u00e1kladem spole\u010dn\u00e9ho \u00fasp\u011bchu. D\u00edky na\u0161\u00ed reorganizaci v roce 2024 sdru\u017eujeme u Steppenwolf \/ ZU nyn\u00ed ty nejlep\u0161\u00ed zdroje: <\/p>\n<ul>\n<li>Supermodern\u00ed v\u00fdrobn\u00ed haly v srdci N\u011bmecka<\/li>\n<li>Nov\u00fd, \u00fasp\u011b\u0161n\u00fd t\u00fdm veden\u00ed kolem Michaela Heckena (d\u0159\u00edve Grace, HNF)<\/li>\n<li>Geely\/Keeway jako mate\u0159sk\u00e1 spole\u010dnost \u2013 s automobilovou infrastrukturou a vysokou ochotou investovat<\/li>\n<\/ul>\n<p>[\/vc_custom_heading][vc_custom_heading text_size=&#8220;h6&#8243; medium_visibility=&#8220;yes&#8220; mobile_visibility=&#8220;yes&#8220; uncode_shortcode_id=&#8220;324487&#8243;]Je\u0161t\u011b nejste odborn\u00fdm prodejcem Steppenwolf? Zaregistrujte se zde:[\/vc_custom_heading][vc_button button_color=&#8220;accent&#8220; custom_typo=&#8220;yes&#8220; font_family=&#8220;font-151610&#8243; font_weight=&#8220;500&#8243; text_transform=&#8220;uppercase&#8220; border_width=&#8220;0&#8243; uncode_shortcode_id=&#8220;537546&#8243; link=&#8220;url:https%3A%2F%2Fwww.steppenwolf-bicycles.com%2Fcs%2Fprodejci%2F|title:Prodejci|target:_blank|&#8220; button_color_type=&#8220;uncode-palette&#8220; width=&#8220;200&#8243;]Str\u00e1nka prodejce[\/vc_button][\/vc_column][\/vc_row][vc_row][vc_column width=&#8220;1\/1&#8243;][\/vc_column][\/vc_row]<\/p>\n<\/div>","protected":false},"excerpt":{"rendered":"<p>[vc_row row_height_percent=&#8220;0&#8243; override_padding=&#8220;yes&#8220; h_padding=&#8220;2&#8243; top_padding=&#8220;5&#8243; bottom_padding=&#8220;3&#8243; overlay_alpha=&#8220;50&#8243; equal_height=&#8220;yes&#8220; gutter_size=&#8220;5&#8243; column_width_percent=&#8220;100&#8243; shift_y=&#8220;0&#8243; z_index=&#8220;0&#8243; uncode_shortcode_id=&#8220;169460&#8243;][vc_column column_width_percent=&#8220;100&#8243; gutter_size=&#8220;3&#8243; overlay_alpha=&#8220;50&#8243; shift_x=&#8220;0&#8243; shift_y=&#8220;0&#8243; shift_y_down=&#8220;0&#8243; z_index=&#8220;0&#8243; [&hellip;]<\/p>\n","protected":false},"author":1,"featured_media":0,"parent":0,"menu_order":0,"comment_status":"closed","ping_status":"closed","template":"","meta":{"footnotes":""},"class_list":["post-3548","page","type-page","status-publish","hentry"],"yoast_head":"<!-- This site is optimized with the Yoast SEO plugin v27.5 - https:\/\/yoast.com\/product\/yoast-seo-wordpress\/ -->\n<title>Port\u00e1l prodejce - Steppenwolf Bikes<\/title>\n<meta name=\"robots\" content=\"index, follow, max-snippet:-1, max-image-preview:large, max-video-preview:-1\" \/>\n<link rel=\"canonical\" href=\"https:\/\/www.steppenwolf-bicycles.com\/cs\/portal-prodejce\/\" \/>\n<meta property=\"og:locale\" content=\"cs_CZ\" \/>\n<meta property=\"og:type\" content=\"article\" \/>\n<meta property=\"og:title\" content=\"Port\u00e1l prodejce - Steppenwolf Bikes\" \/>\n<meta property=\"og:description\" content=\"[vc_row row_height_percent=&#8220;0&#8243; override_padding=&#8220;yes&#8220; h_padding=&#8220;2&#8243; top_padding=&#8220;5&#8243; bottom_padding=&#8220;3&#8243; overlay_alpha=&#8220;50&#8243; equal_height=&#8220;yes&#8220; gutter_size=&#8220;5&#8243; column_width_percent=&#8220;100&#8243; shift_y=&#8220;0&#8243; z_index=&#8220;0&#8243; uncode_shortcode_id=&#8220;169460&#8243;][vc_column column_width_percent=&#8220;100&#8243; gutter_size=&#8220;3&#8243; overlay_alpha=&#8220;50&#8243; shift_x=&#8220;0&#8243; shift_y=&#8220;0&#8243; shift_y_down=&#8220;0&#8243; z_index=&#8220;0&#8243; [&hellip;]\" \/>\n<meta property=\"og:url\" content=\"https:\/\/www.steppenwolf-bicycles.com\/cs\/portal-prodejce\/\" \/>\n<meta property=\"og:site_name\" content=\"Steppenwolf Bikes\" \/>\n<meta property=\"article:publisher\" content=\"https:\/\/www.facebook.com\/Steppenwolf.Stw\" \/>\n<meta property=\"article:modified_time\" content=\"2026-01-20T04:00:43+00:00\" \/>\n<meta name=\"twitter:card\" content=\"summary_large_image\" \/>\n<meta name=\"twitter:label1\" content=\"Odhadovan\u00e1 doba \u010dten\u00ed\" \/>\n\t<meta name=\"twitter:data1\" content=\"3 minuty\" \/>\n<script type=\"application\/ld+json\" class=\"yoast-schema-graph\">{\"@context\":\"https:\\\/\\\/schema.org\",\"@graph\":[{\"@type\":\"WebPage\",\"@id\":\"https:\\\/\\\/www.steppenwolf-bicycles.com\\\/cs\\\/portal-prodejce\\\/\",\"url\":\"https:\\\/\\\/www.steppenwolf-bicycles.com\\\/cs\\\/portal-prodejce\\\/\",\"name\":\"Port\u00e1l prodejce - Steppenwolf Bikes\",\"isPartOf\":{\"@id\":\"https:\\\/\\\/www.steppenwolf-bicycles.com\\\/cs\\\/#website\"},\"datePublished\":\"2024-06-22T10:43:50+00:00\",\"dateModified\":\"2026-01-20T04:00:43+00:00\",\"breadcrumb\":{\"@id\":\"https:\\\/\\\/www.steppenwolf-bicycles.com\\\/cs\\\/portal-prodejce\\\/#breadcrumb\"},\"inLanguage\":\"cs\",\"potentialAction\":[{\"@type\":\"ReadAction\",\"target\":[\"https:\\\/\\\/www.steppenwolf-bicycles.com\\\/cs\\\/portal-prodejce\\\/\"]}]},{\"@type\":\"BreadcrumbList\",\"@id\":\"https:\\\/\\\/www.steppenwolf-bicycles.com\\\/cs\\\/portal-prodejce\\\/#breadcrumb\",\"itemListElement\":[{\"@type\":\"ListItem\",\"position\":1,\"name\":\"Startseite\",\"item\":\"https:\\\/\\\/www.steppenwolf-bicycles.com\\\/cs\\\/\"},{\"@type\":\"ListItem\",\"position\":2,\"name\":\"Port\u00e1l prodejce\"}]},{\"@type\":\"WebSite\",\"@id\":\"https:\\\/\\\/www.steppenwolf-bicycles.com\\\/cs\\\/#website\",\"url\":\"https:\\\/\\\/www.steppenwolf-bicycles.com\\\/cs\\\/\",\"name\":\"Steppenwolf Bikes\",\"description\":\"Premium E-Bikes Made in Germany\",\"publisher\":{\"@id\":\"https:\\\/\\\/www.steppenwolf-bicycles.com\\\/cs\\\/#organization\"},\"potentialAction\":[{\"@type\":\"SearchAction\",\"target\":{\"@type\":\"EntryPoint\",\"urlTemplate\":\"https:\\\/\\\/www.steppenwolf-bicycles.com\\\/cs\\\/?s={search_term_string}\"},\"query-input\":{\"@type\":\"PropertyValueSpecification\",\"valueRequired\":true,\"valueName\":\"search_term_string\"}}],\"inLanguage\":\"cs\"},{\"@type\":\"Organization\",\"@id\":\"https:\\\/\\\/www.steppenwolf-bicycles.com\\\/cs\\\/#organization\",\"name\":\"Steppenwolf Bikes\",\"url\":\"https:\\\/\\\/www.steppenwolf-bicycles.com\\\/cs\\\/\",\"logo\":{\"@type\":\"ImageObject\",\"inLanguage\":\"cs\",\"@id\":\"https:\\\/\\\/www.steppenwolf-bicycles.com\\\/cs\\\/#\\\/schema\\\/logo\\\/image\\\/\",\"url\":\"https:\\\/\\\/www.steppenwolf-bicycles.com\\\/wp-content\\\/uploads\\\/2024\\\/05\\\/Logo-nur-Berg-S-auf-w.png\",\"contentUrl\":\"https:\\\/\\\/www.steppenwolf-bicycles.com\\\/wp-content\\\/uploads\\\/2024\\\/05\\\/Logo-nur-Berg-S-auf-w.png\",\"width\":1000,\"height\":1000,\"caption\":\"Steppenwolf Bikes\"},\"image\":{\"@id\":\"https:\\\/\\\/www.steppenwolf-bicycles.com\\\/cs\\\/#\\\/schema\\\/logo\\\/image\\\/\"},\"sameAs\":[\"https:\\\/\\\/www.facebook.com\\\/Steppenwolf.Stw\",\"https:\\\/\\\/www.instagram.com\\\/steppenwolfbikes\\\/\"]}]}<\/script>\n<!-- \/ Yoast SEO plugin. -->","yoast_head_json":{"title":"Port\u00e1l prodejce - Steppenwolf Bikes","robots":{"index":"index","follow":"follow","max-snippet":"max-snippet:-1","max-image-preview":"max-image-preview:large","max-video-preview":"max-video-preview:-1"},"canonical":"https:\/\/www.steppenwolf-bicycles.com\/cs\/portal-prodejce\/","og_locale":"cs_CZ","og_type":"article","og_title":"Port\u00e1l prodejce - Steppenwolf Bikes","og_description":"[vc_row row_height_percent=&#8220;0&#8243; override_padding=&#8220;yes&#8220; h_padding=&#8220;2&#8243; top_padding=&#8220;5&#8243; bottom_padding=&#8220;3&#8243; overlay_alpha=&#8220;50&#8243; equal_height=&#8220;yes&#8220; gutter_size=&#8220;5&#8243; column_width_percent=&#8220;100&#8243; shift_y=&#8220;0&#8243; z_index=&#8220;0&#8243; uncode_shortcode_id=&#8220;169460&#8243;][vc_column column_width_percent=&#8220;100&#8243; gutter_size=&#8220;3&#8243; overlay_alpha=&#8220;50&#8243; shift_x=&#8220;0&#8243; shift_y=&#8220;0&#8243; shift_y_down=&#8220;0&#8243; z_index=&#8220;0&#8243; [&hellip;]","og_url":"https:\/\/www.steppenwolf-bicycles.com\/cs\/portal-prodejce\/","og_site_name":"Steppenwolf Bikes","article_publisher":"https:\/\/www.facebook.com\/Steppenwolf.Stw","article_modified_time":"2026-01-20T04:00:43+00:00","twitter_card":"summary_large_image","twitter_misc":{"Odhadovan\u00e1 doba \u010dten\u00ed":"3 minuty"},"schema":{"@context":"https:\/\/schema.org","@graph":[{"@type":"WebPage","@id":"https:\/\/www.steppenwolf-bicycles.com\/cs\/portal-prodejce\/","url":"https:\/\/www.steppenwolf-bicycles.com\/cs\/portal-prodejce\/","name":"Port\u00e1l prodejce - Steppenwolf Bikes","isPartOf":{"@id":"https:\/\/www.steppenwolf-bicycles.com\/cs\/#website"},"datePublished":"2024-06-22T10:43:50+00:00","dateModified":"2026-01-20T04:00:43+00:00","breadcrumb":{"@id":"https:\/\/www.steppenwolf-bicycles.com\/cs\/portal-prodejce\/#breadcrumb"},"inLanguage":"cs","potentialAction":[{"@type":"ReadAction","target":["https:\/\/www.steppenwolf-bicycles.com\/cs\/portal-prodejce\/"]}]},{"@type":"BreadcrumbList","@id":"https:\/\/www.steppenwolf-bicycles.com\/cs\/portal-prodejce\/#breadcrumb","itemListElement":[{"@type":"ListItem","position":1,"name":"Startseite","item":"https:\/\/www.steppenwolf-bicycles.com\/cs\/"},{"@type":"ListItem","position":2,"name":"Port\u00e1l prodejce"}]},{"@type":"WebSite","@id":"https:\/\/www.steppenwolf-bicycles.com\/cs\/#website","url":"https:\/\/www.steppenwolf-bicycles.com\/cs\/","name":"Steppenwolf Bikes","description":"Premium E-Bikes Made in Germany","publisher":{"@id":"https:\/\/www.steppenwolf-bicycles.com\/cs\/#organization"},"potentialAction":[{"@type":"SearchAction","target":{"@type":"EntryPoint","urlTemplate":"https:\/\/www.steppenwolf-bicycles.com\/cs\/?s={search_term_string}"},"query-input":{"@type":"PropertyValueSpecification","valueRequired":true,"valueName":"search_term_string"}}],"inLanguage":"cs"},{"@type":"Organization","@id":"https:\/\/www.steppenwolf-bicycles.com\/cs\/#organization","name":"Steppenwolf Bikes","url":"https:\/\/www.steppenwolf-bicycles.com\/cs\/","logo":{"@type":"ImageObject","inLanguage":"cs","@id":"https:\/\/www.steppenwolf-bicycles.com\/cs\/#\/schema\/logo\/image\/","url":"https:\/\/www.steppenwolf-bicycles.com\/wp-content\/uploads\/2024\/05\/Logo-nur-Berg-S-auf-w.png","contentUrl":"https:\/\/www.steppenwolf-bicycles.com\/wp-content\/uploads\/2024\/05\/Logo-nur-Berg-S-auf-w.png","width":1000,"height":1000,"caption":"Steppenwolf Bikes"},"image":{"@id":"https:\/\/www.steppenwolf-bicycles.com\/cs\/#\/schema\/logo\/image\/"},"sameAs":["https:\/\/www.facebook.com\/Steppenwolf.Stw","https:\/\/www.instagram.com\/steppenwolfbikes\/"]}]}},"_links":{"self":[{"href":"https:\/\/www.steppenwolf-bicycles.com\/cs\/wp-json\/wp\/v2\/pages\/3548","targetHints":{"allow":["GET"]}}],"collection":[{"href":"https:\/\/www.steppenwolf-bicycles.com\/cs\/wp-json\/wp\/v2\/pages"}],"about":[{"href":"https:\/\/www.steppenwolf-bicycles.com\/cs\/wp-json\/wp\/v2\/types\/page"}],"author":[{"embeddable":true,"href":"https:\/\/www.steppenwolf-bicycles.com\/cs\/wp-json\/wp\/v2\/users\/1"}],"replies":[{"embeddable":true,"href":"https:\/\/www.steppenwolf-bicycles.com\/cs\/wp-json\/wp\/v2\/comments?post=3548"}],"version-history":[{"count":7,"href":"https:\/\/www.steppenwolf-bicycles.com\/cs\/wp-json\/wp\/v2\/pages\/3548\/revisions"}],"predecessor-version":[{"id":3594,"href":"https:\/\/www.steppenwolf-bicycles.com\/cs\/wp-json\/wp\/v2\/pages\/3548\/revisions\/3594"}],"wp:attachment":[{"href":"https:\/\/www.steppenwolf-bicycles.com\/cs\/wp-json\/wp\/v2\/media?parent=3548"}],"curies":[{"name":"wp","href":"https:\/\/api.w.org\/{rel}","templated":true}]}}