{"id":3582,"date":"2024-06-22T16:51:59","date_gmt":"2024-06-22T14:51:59","guid":{"rendered":"https:\/\/staging.steppenwolf-bicycles.com\/uzivatelske-prirucky\/"},"modified":"2026-01-20T05:01:05","modified_gmt":"2026-01-20T04:01:05","slug":"uzivatelske-prirucky","status":"publish","type":"page","link":"https:\/\/www.steppenwolf-bicycles.com\/cs\/uzivatelske-prirucky\/","title":{"rendered":"U\u017eivatelsk\u00e9 p\u0159\u00edru\u010dky"},"content":{"rendered":"<div class=\"wpb-content-wrapper\"><p>[vc_row unlock_row=&#8220;&#8220; row_height_percent=&#8220;0&#8243; override_padding=&#8220;yes&#8220; h_padding=&#8220;2&#8243; top_padding=&#8220;6&#8243; bottom_padding=&#8220;6&#8243; overlay_alpha=&#8220;50&#8243; gutter_size=&#8220;3&#8243; column_width_percent=&#8220;100&#8243; shift_y=&#8220;0&#8243; z_index=&#8220;0&#8243; uncode_shortcode_id=&#8220;207511&#8243;][vc_column width=&#8220;1\/1&#8243;][vc_custom_heading text_weight=&#8220;500&#8243; text_space=&#8220;fontspace-131361&#8243; uncode_shortcode_id=&#8220;378433&#8243;]<span class=\"font-555555\">U\u017eivatelsk\u00e9 p\u0159\u00edru\u010dky<\/span>[\/vc_custom_heading][vc_column_text uncode_shortcode_id=&#8220;842687&#8243;]Na t\u00e9to str\u00e1nce v\u00e1m brzy zp\u0159\u00edstupn\u00edme u\u017eivatelsk\u00e9 p\u0159\u00edru\u010dky k na\u0161im elektrokol\u016fm ke sta\u017een\u00ed.<br \/>Do t\u00e9 doby si m\u016f\u017eete u\u017eivatelsk\u00e9 p\u0159\u00edru\u010dky vy\u017e\u00e1dat e-mailem.<br \/>Za\u0161lete n\u00e1m e-mail na adresu <a href=\"mailto:info@zweirad-union.com\">info@zweirad-union.com<\/a>.[\/vc_column_text][\/vc_column][\/vc_row]<\/p>\n<\/div>","protected":false},"excerpt":{"rendered":"<p>[vc_row unlock_row=&#8220;&#8220; row_height_percent=&#8220;0&#8243; override_padding=&#8220;yes&#8220; h_padding=&#8220;2&#8243; top_padding=&#8220;6&#8243; bottom_padding=&#8220;6&#8243; overlay_alpha=&#8220;50&#8243; gutter_size=&#8220;3&#8243; column_width_percent=&#8220;100&#8243; shift_y=&#8220;0&#8243; z_index=&#8220;0&#8243; uncode_shortcode_id=&#8220;207511&#8243;][vc_column width=&#8220;1\/1&#8243;][vc_custom_heading text_weight=&#8220;500&#8243; text_space=&#8220;fontspace-131361&#8243; uncode_shortcode_id=&#8220;378433&#8243;]U\u017eivatelsk\u00e9 p\u0159\u00edru\u010dky[\/vc_custom_heading][vc_column_text uncode_shortcode_id=&#8220;842687&#8243;]Na t\u00e9to [&hellip;]<\/p>\n","protected":false},"author":1,"featured_media":0,"parent":0,"menu_order":0,"comment_status":"closed","ping_status":"closed","template":"","meta":{"footnotes":""},"class_list":["post-3582","page","type-page","status-publish","hentry"],"yoast_head":"<!-- This site is optimized with the Yoast SEO plugin v27.5 - https:\/\/yoast.com\/product\/yoast-seo-wordpress\/ -->\n<title>U\u017eivatelsk\u00e9 p\u0159\u00edru\u010dky - Steppenwolf Bikes<\/title>\n<meta name=\"robots\" content=\"index, follow, max-snippet:-1, max-image-preview:large, max-video-preview:-1\" \/>\n<link rel=\"canonical\" href=\"https:\/\/www.steppenwolf-bicycles.com\/cs\/uzivatelske-prirucky\/\" \/>\n<meta property=\"og:locale\" content=\"cs_CZ\" \/>\n<meta property=\"og:type\" content=\"article\" \/>\n<meta property=\"og:title\" content=\"U\u017eivatelsk\u00e9 p\u0159\u00edru\u010dky - Steppenwolf Bikes\" \/>\n<meta property=\"og:description\" content=\"[vc_row unlock_row=&#8220;&#8220; row_height_percent=&#8220;0&#8243; override_padding=&#8220;yes&#8220; h_padding=&#8220;2&#8243; top_padding=&#8220;6&#8243; bottom_padding=&#8220;6&#8243; overlay_alpha=&#8220;50&#8243; gutter_size=&#8220;3&#8243; column_width_percent=&#8220;100&#8243; shift_y=&#8220;0&#8243; z_index=&#8220;0&#8243; uncode_shortcode_id=&#8220;207511&#8243;][vc_column width=&#8220;1\/1&#8243;][vc_custom_heading text_weight=&#8220;500&#8243; text_space=&#8220;fontspace-131361&#8243; uncode_shortcode_id=&#8220;378433&#8243;]U\u017eivatelsk\u00e9 p\u0159\u00edru\u010dky[\/vc_custom_heading][vc_column_text uncode_shortcode_id=&#8220;842687&#8243;]Na t\u00e9to [&hellip;]\" \/>\n<meta property=\"og:url\" content=\"https:\/\/www.steppenwolf-bicycles.com\/cs\/uzivatelske-prirucky\/\" \/>\n<meta property=\"og:site_name\" content=\"Steppenwolf Bikes\" \/>\n<meta property=\"article:publisher\" content=\"https:\/\/www.facebook.com\/Steppenwolf.Stw\" \/>\n<meta property=\"article:modified_time\" content=\"2026-01-20T04:01:05+00:00\" \/>\n<meta name=\"twitter:card\" content=\"summary_large_image\" \/>\n<meta name=\"twitter:label1\" content=\"Odhadovan\u00e1 doba \u010dten\u00ed\" \/>\n\t<meta name=\"twitter:data1\" content=\"1 minuta\" \/>\n<script type=\"application\/ld+json\" class=\"yoast-schema-graph\">{\"@context\":\"https:\\\/\\\/schema.org\",\"@graph\":[{\"@type\":\"WebPage\",\"@id\":\"https:\\\/\\\/www.steppenwolf-bicycles.com\\\/cs\\\/uzivatelske-prirucky\\\/\",\"url\":\"https:\\\/\\\/www.steppenwolf-bicycles.com\\\/cs\\\/uzivatelske-prirucky\\\/\",\"name\":\"U\u017eivatelsk\u00e9 p\u0159\u00edru\u010dky - Steppenwolf Bikes\",\"isPartOf\":{\"@id\":\"https:\\\/\\\/www.steppenwolf-bicycles.com\\\/cs\\\/#website\"},\"datePublished\":\"2024-06-22T14:51:59+00:00\",\"dateModified\":\"2026-01-20T04:01:05+00:00\",\"breadcrumb\":{\"@id\":\"https:\\\/\\\/www.steppenwolf-bicycles.com\\\/cs\\\/uzivatelske-prirucky\\\/#breadcrumb\"},\"inLanguage\":\"cs\",\"potentialAction\":[{\"@type\":\"ReadAction\",\"target\":[\"https:\\\/\\\/www.steppenwolf-bicycles.com\\\/cs\\\/uzivatelske-prirucky\\\/\"]}]},{\"@type\":\"BreadcrumbList\",\"@id\":\"https:\\\/\\\/www.steppenwolf-bicycles.com\\\/cs\\\/uzivatelske-prirucky\\\/#breadcrumb\",\"itemListElement\":[{\"@type\":\"ListItem\",\"position\":1,\"name\":\"Startseite\",\"item\":\"https:\\\/\\\/www.steppenwolf-bicycles.com\\\/cs\\\/\"},{\"@type\":\"ListItem\",\"position\":2,\"name\":\"U\u017eivatelsk\u00e9 p\u0159\u00edru\u010dky\"}]},{\"@type\":\"WebSite\",\"@id\":\"https:\\\/\\\/www.steppenwolf-bicycles.com\\\/cs\\\/#website\",\"url\":\"https:\\\/\\\/www.steppenwolf-bicycles.com\\\/cs\\\/\",\"name\":\"Steppenwolf Bikes\",\"description\":\"Premium E-Bikes Made in Germany\",\"publisher\":{\"@id\":\"https:\\\/\\\/www.steppenwolf-bicycles.com\\\/cs\\\/#organization\"},\"potentialAction\":[{\"@type\":\"SearchAction\",\"target\":{\"@type\":\"EntryPoint\",\"urlTemplate\":\"https:\\\/\\\/www.steppenwolf-bicycles.com\\\/cs\\\/?s={search_term_string}\"},\"query-input\":{\"@type\":\"PropertyValueSpecification\",\"valueRequired\":true,\"valueName\":\"search_term_string\"}}],\"inLanguage\":\"cs\"},{\"@type\":\"Organization\",\"@id\":\"https:\\\/\\\/www.steppenwolf-bicycles.com\\\/cs\\\/#organization\",\"name\":\"Steppenwolf Bikes\",\"url\":\"https:\\\/\\\/www.steppenwolf-bicycles.com\\\/cs\\\/\",\"logo\":{\"@type\":\"ImageObject\",\"inLanguage\":\"cs\",\"@id\":\"https:\\\/\\\/www.steppenwolf-bicycles.com\\\/cs\\\/#\\\/schema\\\/logo\\\/image\\\/\",\"url\":\"https:\\\/\\\/www.steppenwolf-bicycles.com\\\/wp-content\\\/uploads\\\/2024\\\/05\\\/Logo-nur-Berg-S-auf-w.png\",\"contentUrl\":\"https:\\\/\\\/www.steppenwolf-bicycles.com\\\/wp-content\\\/uploads\\\/2024\\\/05\\\/Logo-nur-Berg-S-auf-w.png\",\"width\":1000,\"height\":1000,\"caption\":\"Steppenwolf Bikes\"},\"image\":{\"@id\":\"https:\\\/\\\/www.steppenwolf-bicycles.com\\\/cs\\\/#\\\/schema\\\/logo\\\/image\\\/\"},\"sameAs\":[\"https:\\\/\\\/www.facebook.com\\\/Steppenwolf.Stw\",\"https:\\\/\\\/www.instagram.com\\\/steppenwolfbikes\\\/\"]}]}<\/script>\n<!-- \/ Yoast SEO plugin. -->","yoast_head_json":{"title":"U\u017eivatelsk\u00e9 p\u0159\u00edru\u010dky - Steppenwolf Bikes","robots":{"index":"index","follow":"follow","max-snippet":"max-snippet:-1","max-image-preview":"max-image-preview:large","max-video-preview":"max-video-preview:-1"},"canonical":"https:\/\/www.steppenwolf-bicycles.com\/cs\/uzivatelske-prirucky\/","og_locale":"cs_CZ","og_type":"article","og_title":"U\u017eivatelsk\u00e9 p\u0159\u00edru\u010dky - Steppenwolf Bikes","og_description":"[vc_row unlock_row=&#8220;&#8220; row_height_percent=&#8220;0&#8243; override_padding=&#8220;yes&#8220; h_padding=&#8220;2&#8243; top_padding=&#8220;6&#8243; bottom_padding=&#8220;6&#8243; overlay_alpha=&#8220;50&#8243; gutter_size=&#8220;3&#8243; column_width_percent=&#8220;100&#8243; shift_y=&#8220;0&#8243; z_index=&#8220;0&#8243; uncode_shortcode_id=&#8220;207511&#8243;][vc_column width=&#8220;1\/1&#8243;][vc_custom_heading text_weight=&#8220;500&#8243; text_space=&#8220;fontspace-131361&#8243; uncode_shortcode_id=&#8220;378433&#8243;]U\u017eivatelsk\u00e9 p\u0159\u00edru\u010dky[\/vc_custom_heading][vc_column_text uncode_shortcode_id=&#8220;842687&#8243;]Na t\u00e9to [&hellip;]","og_url":"https:\/\/www.steppenwolf-bicycles.com\/cs\/uzivatelske-prirucky\/","og_site_name":"Steppenwolf Bikes","article_publisher":"https:\/\/www.facebook.com\/Steppenwolf.Stw","article_modified_time":"2026-01-20T04:01:05+00:00","twitter_card":"summary_large_image","twitter_misc":{"Odhadovan\u00e1 doba \u010dten\u00ed":"1 minuta"},"schema":{"@context":"https:\/\/schema.org","@graph":[{"@type":"WebPage","@id":"https:\/\/www.steppenwolf-bicycles.com\/cs\/uzivatelske-prirucky\/","url":"https:\/\/www.steppenwolf-bicycles.com\/cs\/uzivatelske-prirucky\/","name":"U\u017eivatelsk\u00e9 p\u0159\u00edru\u010dky - Steppenwolf Bikes","isPartOf":{"@id":"https:\/\/www.steppenwolf-bicycles.com\/cs\/#website"},"datePublished":"2024-06-22T14:51:59+00:00","dateModified":"2026-01-20T04:01:05+00:00","breadcrumb":{"@id":"https:\/\/www.steppenwolf-bicycles.com\/cs\/uzivatelske-prirucky\/#breadcrumb"},"inLanguage":"cs","potentialAction":[{"@type":"ReadAction","target":["https:\/\/www.steppenwolf-bicycles.com\/cs\/uzivatelske-prirucky\/"]}]},{"@type":"BreadcrumbList","@id":"https:\/\/www.steppenwolf-bicycles.com\/cs\/uzivatelske-prirucky\/#breadcrumb","itemListElement":[{"@type":"ListItem","position":1,"name":"Startseite","item":"https:\/\/www.steppenwolf-bicycles.com\/cs\/"},{"@type":"ListItem","position":2,"name":"U\u017eivatelsk\u00e9 p\u0159\u00edru\u010dky"}]},{"@type":"WebSite","@id":"https:\/\/www.steppenwolf-bicycles.com\/cs\/#website","url":"https:\/\/www.steppenwolf-bicycles.com\/cs\/","name":"Steppenwolf Bikes","description":"Premium E-Bikes Made in Germany","publisher":{"@id":"https:\/\/www.steppenwolf-bicycles.com\/cs\/#organization"},"potentialAction":[{"@type":"SearchAction","target":{"@type":"EntryPoint","urlTemplate":"https:\/\/www.steppenwolf-bicycles.com\/cs\/?s={search_term_string}"},"query-input":{"@type":"PropertyValueSpecification","valueRequired":true,"valueName":"search_term_string"}}],"inLanguage":"cs"},{"@type":"Organization","@id":"https:\/\/www.steppenwolf-bicycles.com\/cs\/#organization","name":"Steppenwolf Bikes","url":"https:\/\/www.steppenwolf-bicycles.com\/cs\/","logo":{"@type":"ImageObject","inLanguage":"cs","@id":"https:\/\/www.steppenwolf-bicycles.com\/cs\/#\/schema\/logo\/image\/","url":"https:\/\/www.steppenwolf-bicycles.com\/wp-content\/uploads\/2024\/05\/Logo-nur-Berg-S-auf-w.png","contentUrl":"https:\/\/www.steppenwolf-bicycles.com\/wp-content\/uploads\/2024\/05\/Logo-nur-Berg-S-auf-w.png","width":1000,"height":1000,"caption":"Steppenwolf Bikes"},"image":{"@id":"https:\/\/www.steppenwolf-bicycles.com\/cs\/#\/schema\/logo\/image\/"},"sameAs":["https:\/\/www.facebook.com\/Steppenwolf.Stw","https:\/\/www.instagram.com\/steppenwolfbikes\/"]}]}},"_links":{"self":[{"href":"https:\/\/www.steppenwolf-bicycles.com\/cs\/wp-json\/wp\/v2\/pages\/3582","targetHints":{"allow":["GET"]}}],"collection":[{"href":"https:\/\/www.steppenwolf-bicycles.com\/cs\/wp-json\/wp\/v2\/pages"}],"about":[{"href":"https:\/\/www.steppenwolf-bicycles.com\/cs\/wp-json\/wp\/v2\/types\/page"}],"author":[{"embeddable":true,"href":"https:\/\/www.steppenwolf-bicycles.com\/cs\/wp-json\/wp\/v2\/users\/1"}],"replies":[{"embeddable":true,"href":"https:\/\/www.steppenwolf-bicycles.com\/cs\/wp-json\/wp\/v2\/comments?post=3582"}],"version-history":[{"count":5,"href":"https:\/\/www.steppenwolf-bicycles.com\/cs\/wp-json\/wp\/v2\/pages\/3582\/revisions"}],"predecessor-version":[{"id":3667,"href":"https:\/\/www.steppenwolf-bicycles.com\/cs\/wp-json\/wp\/v2\/pages\/3582\/revisions\/3667"}],"wp:attachment":[{"href":"https:\/\/www.steppenwolf-bicycles.com\/cs\/wp-json\/wp\/v2\/media?parent=3582"}],"curies":[{"name":"wp","href":"https:\/\/api.w.org\/{rel}","templated":true}]}}