{"id":5150,"date":"2025-06-24T21:12:33","date_gmt":"2025-06-24T19:12:33","guid":{"rendered":"https:\/\/staging.steppenwolf-bicycles.com\/dji-carbon-line\/"},"modified":"2026-02-10T09:39:59","modified_gmt":"2026-02-10T08:39:59","slug":"dji-carbon-line","status":"publish","type":"page","link":"https:\/\/www.steppenwolf-bicycles.com\/cs\/dji-carbon-line\/","title":{"rendered":"DJI Carbon Line"},"content":{"rendered":"<div class=\"wpb-content-wrapper\"><p>[vc_row row_height_percent=&#8220;56&#8243; back_image=&#8220;6622&#8243; overlay_alpha=&#8220;50&#8243; gutter_size=&#8220;3&#8243; column_width_percent=&#8220;100&#8243; shift_y=&#8220;0&#8243; z_index=&#8220;0&#8243; mobile_visibility=&#8220;yes&#8220; content_parallax=&#8220;0&#8243; uncode_shortcode_id=&#8220;174761&#8243; back_size=&#8220;cover&#8220;][vc_column width=&#8220;1\/2&#8243;][\/vc_column][vc_column column_width_percent=&#8220;100&#8243; position_vertical=&#8220;middle&#8220; gutter_size=&#8220;3&#8243; overlay_alpha=&#8220;50&#8243; shift_x=&#8220;0&#8243; shift_y=&#8220;0&#8243; shift_y_down=&#8220;0&#8243; z_index=&#8220;0&#8243; medium_width=&#8220;0&#8243; mobile_width=&#8220;0&#8243; width=&#8220;1\/2&#8243; uncode_shortcode_id=&#8220;146378&#8243;][vc_custom_heading heading_semantic=&#8220;h1&#8243; text_size=&#8220;h1&#8243; sub_lead=&#8220;yes&#8220; uncode_shortcode_id=&#8220;662211&#8243; subheading=&#8220;Nov\u00e1 \u0159ada Steppenwolf Carbon Line s Avinoxem&#8220;]Leh\u010d\u00ed. Chyt\u0159ej\u0161\u00ed. Siln\u011bj\u0161\u00ed.[\/vc_custom_heading][\/vc_column][\/vc_row][vc_row unlock_row_content=&#8220;yes&#8220; row_height_percent=&#8220;100&#8243; override_padding=&#8220;yes&#8220; h_padding=&#8220;0&#8243; top_padding=&#8220;0&#8243; bottom_padding=&#8220;2&#8243; overlay_alpha=&#8220;50&#8243; gutter_size=&#8220;3&#8243; column_width_percent=&#8220;100&#8243; shift_y=&#8220;0&#8243; z_index=&#8220;0&#8243; desktop_visibility=&#8220;yes&#8220; medium_visibility=&#8220;yes&#8220; content_parallax=&#8220;0&#8243; uncode_shortcode_id=&#8220;115117&#8243;][vc_column width=&#8220;1\/1&#8243;][vc_single_image media=&#8220;3268&#8243; media_width_percent=&#8220;100&#8243; uncode_shortcode_id=&#8220;929125&#8243;][\/vc_column][\/vc_row][vc_row unlock_row_content=&#8220;yes&#8220; row_height_percent=&#8220;100&#8243; overlay_alpha=&#8220;50&#8243; gutter_size=&#8220;3&#8243; column_width_percent=&#8220;100&#8243; shift_y=&#8220;0&#8243; z_index=&#8220;0&#8243; desktop_visibility=&#8220;yes&#8220; medium_visibility=&#8220;yes&#8220; content_parallax=&#8220;0&#8243; uncode_shortcode_id=&#8220;184558&#8243;][vc_column width=&#8220;1\/1&#8243;][vc_custom_heading heading_semantic=&#8220;h1&#8243; text_size=&#8220;h1&#8243; sub_lead=&#8220;yes&#8220; uncode_shortcode_id=&#8220;201386&#8243; subheading=&#8220;Nov\u00e1 \u0159ada karbonov\u00fdch kol Steppenwolf s DJI Avinox&#8220;]Leh\u010d\u00ed. Chyt\u0159ej\u0161\u00ed. Radik\u00e1ln\u011bj\u0161\u00ed.[\/vc_custom_heading][\/vc_column][\/vc_row][vc_row][vc_column width=&#8220;1\/2&#8243;][vc_column_text uncode_shortcode_id=&#8220;371177&#8243;]<\/p>\n<p class=\"p1\">Steppenwolf podnik\u00e1 dal\u0161\u00ed krok sm\u011brem k nekompromisn\u00ed lehk\u00e9 konstrukci: Spole\u010dn\u011b s Avinox p\u0159edstavujeme Carbon Line \u2013 ultralehk\u00e1 elektrokola s integrovanou \u0161pi\u010dkovou technologi\u00ed pohonu.<\/p>\n<p>[\/vc_column_text][\/vc_column][\/vc_row][vc_row][vc_column width=&#8220;1\/2&#8243;][vc_custom_heading text_size=&#8220;h4&#8243; sub_reduced=&#8220;yes&#8220; uncode_shortcode_id=&#8220;195702&#8243; subheading=&#8220;Technologie z letectv\u00ed \u2013 pro trail.&#8220;]Syst\u00e9m pohonu Avinox[\/vc_custom_heading][vc_column_text uncode_shortcode_id=&#8220;717916&#8243;]<\/p>\n<p class=\"p1\">Nov\u00fd motor Avinox je v\u00fdsledkem desetilet\u00ed inovac\u00ed a d\u00edky \u0161pi\u010dkov\u00e9 sv\u011btov\u00e9 technologii bateri\u00ed poskytuje maxim\u00e1ln\u00ed \u00fa\u010dinnost p\u0159i minim\u00e1ln\u00ed hmotnosti \u2013 v\u010detn\u011b funkce rychl\u00e9ho nab\u00edjen\u00ed a inteligentn\u00ed spr\u00e1vy energie.<\/p>\n<p>[\/vc_column_text][\/vc_column][vc_column width=&#8220;1\/2&#8243;][vc_single_image media=&#8220;6582&#8243; media_width_percent=&#8220;100&#8243; uncode_shortcode_id=&#8220;139399&#8243;][\/vc_column][\/vc_row][vc_row][vc_column width=&#8220;1\/2&#8243;][vc_custom_heading text_size=&#8220;h4&#8243; sub_reduced=&#8220;yes&#8220; uncode_shortcode_id=&#8220;685382&#8243; subheading=&#8220;Konstrukce r\u00e1mu na nejvy\u0161\u0161\u00ed \u00farovni.&#8220;]Karbon nov\u011b promy\u0161len[\/vc_custom_heading][vc_column_text uncode_shortcode_id=&#8220;148989&#8243;]<\/p>\n<p class=\"p1\">Ka\u017ed\u00fd model \u0159ady Carbon Line byl d\u016fsledn\u011b optimalizov\u00e1n pro \u00fasporu hmotnosti \u2013 bez kompromis\u016f v oblasti v\u00fdkonu, \u017eivotnosti nebo integrace. V\u00fdsledek: v\u00fdrazn\u011b leh\u010d\u00ed, v\u00fdrazn\u011b efektivn\u011bj\u0161\u00ed a s nezam\u011bniteln\u00fdm povrchem Steppenwolf. <\/p>\n<p>[\/vc_column_text][\/vc_column][\/vc_row][vc_row][vc_column column_width_percent=&#8220;100&#8243; position_vertical=&#8220;middle&#8220; gutter_size=&#8220;3&#8243; overlay_alpha=&#8220;50&#8243; shift_x=&#8220;0&#8243; shift_y=&#8220;0&#8243; shift_y_down=&#8220;0&#8243; z_index=&#8220;0&#8243; medium_width=&#8220;0&#8243; mobile_width=&#8220;0&#8243; width=&#8220;2\/3&#8243; uncode_shortcode_id=&#8220;166103&#8243;][vc_custom_heading text_size=&#8220;h4&#8243; uncode_shortcode_id=&#8220;150445&#8243;]Zrozeno v Bavorsku. Pou\u017e\u00edv\u00e1 syst\u00e9m Avinox.[\/vc_custom_heading][vc_column_text uncode_shortcode_id=&#8220;135157&#8243;]<\/p>\n<p class=\"p1\">Inovace se snoub\u00ed s p\u016fvodem. S t\u00edmto partnerstv\u00edm nov\u011b definujeme elektrokolo \u2013 pro v\u0161echny, kte\u0159\u00ed neo\u010dek\u00e1vaj\u00ed nic men\u0161\u00edho ne\u017e maximum. <\/p>\n<p>[\/vc_column_text][\/vc_column][vc_column column_width_percent=&#8220;100&#8243; gutter_size=&#8220;3&#8243; overlay_alpha=&#8220;50&#8243; shadow=&#8220;xs&#8220; shadow_darker=&#8220;yes&#8220; shift_x=&#8220;0&#8243; shift_y=&#8220;0&#8243; shift_y_down=&#8220;0&#8243; z_index=&#8220;0&#8243; medium_width=&#8220;0&#8243; mobile_width=&#8220;0&#8243; width=&#8220;1\/3&#8243; uncode_shortcode_id=&#8220;224277&#8243;][vc_single_image media=&#8220;3464&#8243; media_width_percent=&#8220;100&#8243; uncode_shortcode_id=&#8220;138630&#8243;][\/vc_column][\/vc_row][vc_row row_height_percent=&#8220;0&#8243; override_padding=&#8220;yes&#8220; h_padding=&#8220;2&#8243; top_padding=&#8220;4&#8243; bottom_padding=&#8220;2&#8243; overlay_alpha=&#8220;50&#8243; gutter_size=&#8220;4&#8243; column_width_percent=&#8220;100&#8243; shift_y=&#8220;0&#8243; z_index=&#8220;0&#8243; content_parallax=&#8220;0&#8243; uncode_shortcode_id=&#8220;128690&#8243;][vc_column column_width_percent=&#8220;100&#8243; gutter_size=&#8220;3&#8243; overlay_alpha=&#8220;0&#8243; shift_x=&#8220;0&#8243; shift_y=&#8220;0&#8243; shift_y_down=&#8220;0&#8243; z_index=&#8220;0&#8243; medium_width=&#8220;3&#8243; mobile_width=&#8220;0&#8243; width=&#8220;1\/3&#8243; uncode_shortcode_id=&#8220;114623&#8243; link_to=&#8220;url:https%3A%2F%2Fwww.steppenwolf-bicycles.com%2Fcs%2Fceloodpruzene-horske-kolo-tundra%2F|title:Celoodpru%C5%BEen%C3%A9%20horsk%C3%A9%20kolo%20Tundra|&#8220;][vc_separator sep_color=&#8220;&#8220; uncode_shortcode_id=&#8220;825176&#8243;][vc_custom_heading text_size=&#8220;h4&#8243; text_weight=&#8220;900&#8243; sub_reduced=&#8220;yes&#8220; subheading=&#8220;Pro n\u00e1sleduj\u00edc\u00ed t\u0159i modely nab\u00edz\u00edme varianty s pohonem Avinox a karbonov\u00fdm r\u00e1mem. Pro ka\u017ed\u00fd model existuje n\u011bkolik karbonov\u00fdch variant s pohonem Avinox \u2013 s r\u016fznou v\u00fdbavou, kter\u00e1 se li\u0161\u00ed zejm\u00e9na v hnac\u00edm \u00fastroj\u00ed a \u0159azen\u00ed: &#8220; uncode_shortcode_id=&#8220;103282&#8243;]Varianty Carbon vyu\u017e\u00edvaj\u00edc\u00ed syst\u00e9m Avinox[\/vc_custom_heading][\/vc_column][\/vc_row][vc_row row_height_percent=&#8220;0&#8243; override_padding=&#8220;yes&#8220; h_padding=&#8220;2&#8243; top_padding=&#8220;0&#8243; bottom_padding=&#8220;5&#8243; overlay_alpha=&#8220;50&#8243; gutter_size=&#8220;4&#8243; column_width_percent=&#8220;100&#8243; shift_y=&#8220;0&#8243; z_index=&#8220;0&#8243;][vc_column column_width_percent=&#8220;100&#8243; gutter_size=&#8220;3&#8243; overlay_alpha=&#8220;0&#8243; shift_x=&#8220;0&#8243; shift_y=&#8220;0&#8243; shift_y_down=&#8220;0&#8243; z_index=&#8220;0&#8243; medium_width=&#8220;3&#8243; mobile_width=&#8220;0&#8243; width=&#8220;1\/3&#8243; uncode_shortcode_id=&#8220;114623&#8243; link_to=&#8220;url:https%3A%2F%2Fwww.steppenwolf-bicycles.com%2Fcs%2Fceloodpruzene-horske-kolo-tundra%2F|title:Celoodpru%C5%BEen%C3%A9%20horsk%C3%A9%20kolo%20Tundra|&#8220;][vc_single_image media=&#8220;3457&#8243; media_width_percent=&#8220;100&#8243; uncode_shortcode_id=&#8220;164473&#8243;][vc_custom_heading text_size=&#8220;h4&#8243; text_weight=&#8220;900&#8243; sub_reduced=&#8220;yes&#8220; subheading=&#8220;Vysoce kvalitn\u00ed celoodpru\u017een\u00e9 elektrokolo.&#8220; uncode_shortcode_id=&#8220;130861&#8243;]TUNDRA[\/vc_custom_heading][\/vc_column][vc_column column_width_percent=&#8220;100&#8243; gutter_size=&#8220;3&#8243; overlay_alpha=&#8220;50&#8243; shift_x=&#8220;0&#8243; shift_y=&#8220;0&#8243; shift_y_down=&#8220;0&#8243; z_index=&#8220;0&#8243; medium_width=&#8220;3&#8243; mobile_width=&#8220;0&#8243; width=&#8220;1\/3&#8243; uncode_shortcode_id=&#8220;184461&#8243; link_to=&#8220;url:https%3A%2F%2Fwww.steppenwolf-bicycles.com%2Fcs%2Ftransterra-sport%2F|title:Transterra%20Sport|&#8220;][vc_single_image media=&#8220;4050&#8243; media_width_percent=&#8220;100&#8243; media_ratio=&#8220;three-two&#8220; uncode_shortcode_id=&#8220;150506&#8243;][vc_custom_heading text_size=&#8220;h4&#8243; text_weight=&#8220;900&#8243; sub_reduced=&#8220;yes&#8220; subheading=&#8220;Sportovn\u00ed univerz\u00e1ln\u00ed trekingov\u00e9 kolo.&#8220; uncode_shortcode_id=&#8220;164475&#8243;]TRANSTERRA SPORT[\/vc_custom_heading][\/vc_column][vc_column column_width_percent=&#8220;100&#8243; gutter_size=&#8220;3&#8243; overlay_alpha=&#8220;50&#8243; shift_x=&#8220;0&#8243; shift_y=&#8220;0&#8243; shift_y_down=&#8220;0&#8243; z_index=&#8220;0&#8243; medium_width=&#8220;3&#8243; mobile_width=&#8220;0&#8243; width=&#8220;1\/3&#8243; uncode_shortcode_id=&#8220;176440&#8243; link_to=&#8220;url:https%3A%2F%2Fwww.steppenwolf-bicycles.com%2Fcs%2Ftransterra-easy%2F|title:Transterra%20Easy|&#8220;][vc_single_image media=&#8220;4108&#8243; media_width_percent=&#8220;100&#8243; alignment=&#8220;center&#8220; uncode_shortcode_id=&#8220;155158&#8243;][vc_custom_heading text_size=&#8220;h4&#8243; text_weight=&#8220;900&#8243; sub_reduced=&#8220;yes&#8220; subheading=&#8220;Univerz\u00e1ln\u00ed kolo s n\u00edzk\u00fdm n\u00e1stupem.&#8220; uncode_shortcode_id=&#8220;950162&#8243;]TRANSTERRA EASY[\/vc_custom_heading][\/vc_column][\/vc_row][vc_row][vc_column width=&#8220;1\/1&#8243;][uncode_block id=&#8220;1357&#8243;][\/vc_column][\/vc_row]<\/p>\n<\/div>","protected":false},"excerpt":{"rendered":"<p>[vc_row row_height_percent=&#8220;56&#8243; back_image=&#8220;6622&#8243; overlay_alpha=&#8220;50&#8243; gutter_size=&#8220;3&#8243; column_width_percent=&#8220;100&#8243; shift_y=&#8220;0&#8243; z_index=&#8220;0&#8243; mobile_visibility=&#8220;yes&#8220; content_parallax=&#8220;0&#8243; uncode_shortcode_id=&#8220;174761&#8243; back_size=&#8220;cover&#8220;][vc_column width=&#8220;1\/2&#8243;][\/vc_column][vc_column column_width_percent=&#8220;100&#8243; position_vertical=&#8220;middle&#8220; gutter_size=&#8220;3&#8243; overlay_alpha=&#8220;50&#8243; shift_x=&#8220;0&#8243; shift_y=&#8220;0&#8243; shift_y_down=&#8220;0&#8243; [&hellip;]<\/p>\n","protected":false},"author":1,"featured_media":0,"parent":0,"menu_order":0,"comment_status":"closed","ping_status":"closed","template":"","meta":{"footnotes":""},"class_list":["post-5150","page","type-page","status-publish","hentry"],"yoast_head":"<!-- This site is optimized with the Yoast SEO plugin v27.5 - https:\/\/yoast.com\/product\/yoast-seo-wordpress\/ -->\n<title>DJI Carbon Line - Steppenwolf Bikes<\/title>\n<meta name=\"robots\" content=\"index, follow, max-snippet:-1, max-image-preview:large, max-video-preview:-1\" \/>\n<link rel=\"canonical\" href=\"https:\/\/www.steppenwolf-bicycles.com\/cs\/dji-carbon-line\/\" \/>\n<meta property=\"og:locale\" content=\"cs_CZ\" \/>\n<meta property=\"og:type\" content=\"article\" \/>\n<meta property=\"og:title\" content=\"DJI Carbon Line - Steppenwolf Bikes\" \/>\n<meta property=\"og:description\" content=\"[vc_row row_height_percent=&#8220;56&#8243; back_image=&#8220;6622&#8243; overlay_alpha=&#8220;50&#8243; gutter_size=&#8220;3&#8243; column_width_percent=&#8220;100&#8243; shift_y=&#8220;0&#8243; z_index=&#8220;0&#8243; mobile_visibility=&#8220;yes&#8220; content_parallax=&#8220;0&#8243; uncode_shortcode_id=&#8220;174761&#8243; back_size=&#8220;cover&#8220;][vc_column width=&#8220;1\/2&#8243;][\/vc_column][vc_column column_width_percent=&#8220;100&#8243; position_vertical=&#8220;middle&#8220; gutter_size=&#8220;3&#8243; overlay_alpha=&#8220;50&#8243; shift_x=&#8220;0&#8243; shift_y=&#8220;0&#8243; shift_y_down=&#8220;0&#8243; [&hellip;]\" \/>\n<meta property=\"og:url\" content=\"https:\/\/www.steppenwolf-bicycles.com\/cs\/dji-carbon-line\/\" \/>\n<meta property=\"og:site_name\" content=\"Steppenwolf Bikes\" \/>\n<meta property=\"article:publisher\" content=\"https:\/\/www.facebook.com\/Steppenwolf.Stw\" \/>\n<meta property=\"article:modified_time\" content=\"2026-02-10T08:39:59+00:00\" \/>\n<meta name=\"twitter:card\" content=\"summary_large_image\" \/>\n<meta name=\"twitter:label1\" content=\"Odhadovan\u00e1 doba \u010dten\u00ed\" \/>\n\t<meta name=\"twitter:data1\" content=\"5 minut\" \/>\n<script type=\"application\/ld+json\" class=\"yoast-schema-graph\">{\"@context\":\"https:\\\/\\\/schema.org\",\"@graph\":[{\"@type\":\"WebPage\",\"@id\":\"https:\\\/\\\/www.steppenwolf-bicycles.com\\\/cs\\\/dji-carbon-line\\\/\",\"url\":\"https:\\\/\\\/www.steppenwolf-bicycles.com\\\/cs\\\/dji-carbon-line\\\/\",\"name\":\"DJI Carbon Line - Steppenwolf Bikes\",\"isPartOf\":{\"@id\":\"https:\\\/\\\/www.steppenwolf-bicycles.com\\\/cs\\\/#website\"},\"datePublished\":\"2025-06-24T19:12:33+00:00\",\"dateModified\":\"2026-02-10T08:39:59+00:00\",\"breadcrumb\":{\"@id\":\"https:\\\/\\\/www.steppenwolf-bicycles.com\\\/cs\\\/dji-carbon-line\\\/#breadcrumb\"},\"inLanguage\":\"cs\",\"potentialAction\":[{\"@type\":\"ReadAction\",\"target\":[\"https:\\\/\\\/www.steppenwolf-bicycles.com\\\/cs\\\/dji-carbon-line\\\/\"]}]},{\"@type\":\"BreadcrumbList\",\"@id\":\"https:\\\/\\\/www.steppenwolf-bicycles.com\\\/cs\\\/dji-carbon-line\\\/#breadcrumb\",\"itemListElement\":[{\"@type\":\"ListItem\",\"position\":1,\"name\":\"Startseite\",\"item\":\"https:\\\/\\\/www.steppenwolf-bicycles.com\\\/cs\\\/\"},{\"@type\":\"ListItem\",\"position\":2,\"name\":\"DJI Carbon Line\"}]},{\"@type\":\"WebSite\",\"@id\":\"https:\\\/\\\/www.steppenwolf-bicycles.com\\\/cs\\\/#website\",\"url\":\"https:\\\/\\\/www.steppenwolf-bicycles.com\\\/cs\\\/\",\"name\":\"Steppenwolf Bikes\",\"description\":\"Premium E-Bikes Made in Germany\",\"publisher\":{\"@id\":\"https:\\\/\\\/www.steppenwolf-bicycles.com\\\/cs\\\/#organization\"},\"potentialAction\":[{\"@type\":\"SearchAction\",\"target\":{\"@type\":\"EntryPoint\",\"urlTemplate\":\"https:\\\/\\\/www.steppenwolf-bicycles.com\\\/cs\\\/?s={search_term_string}\"},\"query-input\":{\"@type\":\"PropertyValueSpecification\",\"valueRequired\":true,\"valueName\":\"search_term_string\"}}],\"inLanguage\":\"cs\"},{\"@type\":\"Organization\",\"@id\":\"https:\\\/\\\/www.steppenwolf-bicycles.com\\\/cs\\\/#organization\",\"name\":\"Steppenwolf Bikes\",\"url\":\"https:\\\/\\\/www.steppenwolf-bicycles.com\\\/cs\\\/\",\"logo\":{\"@type\":\"ImageObject\",\"inLanguage\":\"cs\",\"@id\":\"https:\\\/\\\/www.steppenwolf-bicycles.com\\\/cs\\\/#\\\/schema\\\/logo\\\/image\\\/\",\"url\":\"https:\\\/\\\/www.steppenwolf-bicycles.com\\\/wp-content\\\/uploads\\\/2024\\\/05\\\/Logo-nur-Berg-S-auf-w.png\",\"contentUrl\":\"https:\\\/\\\/www.steppenwolf-bicycles.com\\\/wp-content\\\/uploads\\\/2024\\\/05\\\/Logo-nur-Berg-S-auf-w.png\",\"width\":1000,\"height\":1000,\"caption\":\"Steppenwolf Bikes\"},\"image\":{\"@id\":\"https:\\\/\\\/www.steppenwolf-bicycles.com\\\/cs\\\/#\\\/schema\\\/logo\\\/image\\\/\"},\"sameAs\":[\"https:\\\/\\\/www.facebook.com\\\/Steppenwolf.Stw\",\"https:\\\/\\\/www.instagram.com\\\/steppenwolfbikes\\\/\"]}]}<\/script>\n<!-- \/ Yoast SEO plugin. -->","yoast_head_json":{"title":"DJI Carbon Line - Steppenwolf Bikes","robots":{"index":"index","follow":"follow","max-snippet":"max-snippet:-1","max-image-preview":"max-image-preview:large","max-video-preview":"max-video-preview:-1"},"canonical":"https:\/\/www.steppenwolf-bicycles.com\/cs\/dji-carbon-line\/","og_locale":"cs_CZ","og_type":"article","og_title":"DJI Carbon Line - Steppenwolf Bikes","og_description":"[vc_row row_height_percent=&#8220;56&#8243; back_image=&#8220;6622&#8243; overlay_alpha=&#8220;50&#8243; gutter_size=&#8220;3&#8243; column_width_percent=&#8220;100&#8243; shift_y=&#8220;0&#8243; z_index=&#8220;0&#8243; mobile_visibility=&#8220;yes&#8220; content_parallax=&#8220;0&#8243; uncode_shortcode_id=&#8220;174761&#8243; back_size=&#8220;cover&#8220;][vc_column width=&#8220;1\/2&#8243;][\/vc_column][vc_column column_width_percent=&#8220;100&#8243; position_vertical=&#8220;middle&#8220; gutter_size=&#8220;3&#8243; overlay_alpha=&#8220;50&#8243; shift_x=&#8220;0&#8243; shift_y=&#8220;0&#8243; shift_y_down=&#8220;0&#8243; [&hellip;]","og_url":"https:\/\/www.steppenwolf-bicycles.com\/cs\/dji-carbon-line\/","og_site_name":"Steppenwolf Bikes","article_publisher":"https:\/\/www.facebook.com\/Steppenwolf.Stw","article_modified_time":"2026-02-10T08:39:59+00:00","twitter_card":"summary_large_image","twitter_misc":{"Odhadovan\u00e1 doba \u010dten\u00ed":"5 minut"},"schema":{"@context":"https:\/\/schema.org","@graph":[{"@type":"WebPage","@id":"https:\/\/www.steppenwolf-bicycles.com\/cs\/dji-carbon-line\/","url":"https:\/\/www.steppenwolf-bicycles.com\/cs\/dji-carbon-line\/","name":"DJI Carbon Line - Steppenwolf Bikes","isPartOf":{"@id":"https:\/\/www.steppenwolf-bicycles.com\/cs\/#website"},"datePublished":"2025-06-24T19:12:33+00:00","dateModified":"2026-02-10T08:39:59+00:00","breadcrumb":{"@id":"https:\/\/www.steppenwolf-bicycles.com\/cs\/dji-carbon-line\/#breadcrumb"},"inLanguage":"cs","potentialAction":[{"@type":"ReadAction","target":["https:\/\/www.steppenwolf-bicycles.com\/cs\/dji-carbon-line\/"]}]},{"@type":"BreadcrumbList","@id":"https:\/\/www.steppenwolf-bicycles.com\/cs\/dji-carbon-line\/#breadcrumb","itemListElement":[{"@type":"ListItem","position":1,"name":"Startseite","item":"https:\/\/www.steppenwolf-bicycles.com\/cs\/"},{"@type":"ListItem","position":2,"name":"DJI Carbon Line"}]},{"@type":"WebSite","@id":"https:\/\/www.steppenwolf-bicycles.com\/cs\/#website","url":"https:\/\/www.steppenwolf-bicycles.com\/cs\/","name":"Steppenwolf Bikes","description":"Premium E-Bikes Made in Germany","publisher":{"@id":"https:\/\/www.steppenwolf-bicycles.com\/cs\/#organization"},"potentialAction":[{"@type":"SearchAction","target":{"@type":"EntryPoint","urlTemplate":"https:\/\/www.steppenwolf-bicycles.com\/cs\/?s={search_term_string}"},"query-input":{"@type":"PropertyValueSpecification","valueRequired":true,"valueName":"search_term_string"}}],"inLanguage":"cs"},{"@type":"Organization","@id":"https:\/\/www.steppenwolf-bicycles.com\/cs\/#organization","name":"Steppenwolf Bikes","url":"https:\/\/www.steppenwolf-bicycles.com\/cs\/","logo":{"@type":"ImageObject","inLanguage":"cs","@id":"https:\/\/www.steppenwolf-bicycles.com\/cs\/#\/schema\/logo\/image\/","url":"https:\/\/www.steppenwolf-bicycles.com\/wp-content\/uploads\/2024\/05\/Logo-nur-Berg-S-auf-w.png","contentUrl":"https:\/\/www.steppenwolf-bicycles.com\/wp-content\/uploads\/2024\/05\/Logo-nur-Berg-S-auf-w.png","width":1000,"height":1000,"caption":"Steppenwolf Bikes"},"image":{"@id":"https:\/\/www.steppenwolf-bicycles.com\/cs\/#\/schema\/logo\/image\/"},"sameAs":["https:\/\/www.facebook.com\/Steppenwolf.Stw","https:\/\/www.instagram.com\/steppenwolfbikes\/"]}]}},"_links":{"self":[{"href":"https:\/\/www.steppenwolf-bicycles.com\/cs\/wp-json\/wp\/v2\/pages\/5150","targetHints":{"allow":["GET"]}}],"collection":[{"href":"https:\/\/www.steppenwolf-bicycles.com\/cs\/wp-json\/wp\/v2\/pages"}],"about":[{"href":"https:\/\/www.steppenwolf-bicycles.com\/cs\/wp-json\/wp\/v2\/types\/page"}],"author":[{"embeddable":true,"href":"https:\/\/www.steppenwolf-bicycles.com\/cs\/wp-json\/wp\/v2\/users\/1"}],"replies":[{"embeddable":true,"href":"https:\/\/www.steppenwolf-bicycles.com\/cs\/wp-json\/wp\/v2\/comments?post=5150"}],"version-history":[{"count":40,"href":"https:\/\/www.steppenwolf-bicycles.com\/cs\/wp-json\/wp\/v2\/pages\/5150\/revisions"}],"predecessor-version":[{"id":6758,"href":"https:\/\/www.steppenwolf-bicycles.com\/cs\/wp-json\/wp\/v2\/pages\/5150\/revisions\/6758"}],"wp:attachment":[{"href":"https:\/\/www.steppenwolf-bicycles.com\/cs\/wp-json\/wp\/v2\/media?parent=5150"}],"curies":[{"name":"wp","href":"https:\/\/api.w.org\/{rel}","templated":true}]}}