{"id":3418,"date":"2024-06-22T12:14:47","date_gmt":"2024-06-22T10:14:47","guid":{"rendered":"https:\/\/staging.steppenwolf-bicycles.com\/garantia\/"},"modified":"2026-01-20T04:59:19","modified_gmt":"2026-01-20T03:59:19","slug":"garantia","status":"publish","type":"page","link":"https:\/\/www.steppenwolf-bicycles.com\/es\/garantia\/","title":{"rendered":"Garant\u00eda"},"content":{"rendered":"<div class=\"wpb-content-wrapper\"><p>[vc_row unlock_row=\u00bb\u00bb row_height_percent=\u00bb0&#8243; override_padding=\u00bbyes\u00bb h_padding=\u00bb2&#8243; top_padding=\u00bb4&#8243; bottom_padding=\u00bb4&#8243; overlay_color=\u00bbcolor-xsdn\u00bb overlay_alpha=\u00bb96&#8243; gutter_size=\u00bb3&#8243; column_width_percent=\u00bb100&#8243; shift_y=\u00bb0&#8243; z_index=\u00bb0&#8243; uncode_shortcode_id=\u00bb322877&#8243; overlay_color_type=\u00bbuncode-palette\u00bb][vc_column width=\u00bb1\/4&#8243;][vc_gallery el_id=\u00bbgallery-185515&#8243; medias=\u00bb3424&#8243; gutter_size=\u00bb3&#8243; screen_lg=\u00bb1000&#8243; screen_md=\u00bb600&#8243; screen_sm=\u00bb480&#8243; images_size=\u00bbnine-sixteen\u00bb single_overlay_opacity=\u00bb50&#8243; single_padding=\u00bb2&#8243; uncode_shortcode_id=\u00bb591956&#8243;][\/vc_column][vc_column column_width_percent=\u00bb100&#8243; gutter_size=\u00bb3&#8243; override_padding=\u00bbyes\u00bb column_padding=\u00bb2&#8243; overlay_color=\u00bbcolor-921807&#8243; overlay_alpha=\u00bb0&#8243; shift_x=\u00bb0&#8243; shift_y=\u00bb0&#8243; shift_y_down=\u00bb0&#8243; z_index=\u00bb0&#8243; medium_width=\u00bb0&#8243; mobile_width=\u00bb0&#8243; toggle=\u00bbyes\u00bb max_height=\u00bb369&#8243; closed_txt=\u00bbweiter lesen\u00bb open_txt=\u00bbeinklappen\u00bb fade=\u00bbsm\u00bb btn_align=\u00bbleft\u00bb toggle_scroll=\u00bbyes\u00bb toggle_navbar=\u00bbyes\u00bb toggle_navbar_mobile=\u00bbyes\u00bb trigger_resize=\u00bbyes\u00bb width=\u00bb3\/4&#8243; uncode_shortcode_id=\u00bb572969&#8243; overlay_color_type=\u00bbuncode-palette\u00bb][vc_row_inner limit_content=\u00bb\u00bb][vc_column_inner column_width_percent=\u00bb100&#8243; gutter_size=\u00bb3&#8243; overlay_alpha=\u00bb50&#8243; shift_x=\u00bb0&#8243; shift_y=\u00bb0&#8243; shift_y_down=\u00bb0&#8243; z_index=\u00bb0&#8243; medium_width=\u00bb0&#8243; mobile_width=\u00bb0&#8243; width=\u00bb1\/1&#8243; uncode_shortcode_id=\u00bb870686&#8243;][vc_custom_heading heading_semantic=\u00bbh3&#8243; text_size=\u00bbh1&#8243; uncode_shortcode_id=\u00bb160697&#8243;]<span class=\"font-555555\">Garant\u00eda<\/span>[\/vc_custom_heading][\/vc_column_inner][\/vc_row_inner][vc_column_text uncode_shortcode_id=\u00bb125409&#8243;]<span class=\"font-151610\">Nosotros, Zweirad Union e-Mobility GmbH &amp; Produktion Co. KG, le ofrecemos a usted, como comprador de una nueva bicicleta el\u00e9ctrica de la marca STEPPENWOLF, una<\/span><\/p>\n<h5><span class=\"font-151610\">GARANT\u00cdA DEL FABRICANTE DE DOS A\u00d1OS<\/span><\/h5>\n<p><span class=\"font-151610\">sobre la ausencia de defectos en el cuadro y el basculante trasero. Esta garant\u00eda cubre, en particular, la funcionalidad, as\u00ed como la ausencia de defectos de material o de producci\u00f3n y roturas del cuadro. El per\u00edodo de garant\u00eda comienza con la entrega o el suministro de la bicicleta el\u00e9ctrica.  <\/span><\/p>\n<p><span class=\"ffont-151610\">Esta garant\u00eda no limita sus derechos legales. M\u00e1s bien, esta garant\u00eda ampl\u00eda la responsabilidad legal por defectos materiales a su favor. <\/span><\/p>\n<p><span class=\"font-151610\">La garant\u00eda es v\u00e1lida si usted es el primer propietario de la bicicleta el\u00e9ctrica. En caso de garant\u00eda, el comprobante de compra, as\u00ed como el cuadro o la bicicleta el\u00e9ctrica completa, deben enviarse a nuestra f\u00e1brica. Por lo tanto, conserve el comprobante de compra cuidadosamente. Para reclamar la garant\u00eda, p\u00f3ngase en contacto con el distribuidor donde adquiri\u00f3 la bicicleta. Este se encargar\u00e1 de la tramitaci\u00f3n de la garant\u00eda en nuestro nombre. Si desea ponerse en contacto directamente con nosotros, utilice la siguiente direcci\u00f3n: Zweirad Union e-Mobility GmbH &amp; Produktion Co. KG, Kyselh\u00e4user Str. 23, 06526 Sangerhausen. Quedan excluidos de la garant\u00eda los da\u00f1os causados por desgaste, ca\u00eddas, sobrecarga, tratamiento inadecuado, modificaci\u00f3n de la bicicleta el\u00e9ctrica, montaje y conversi\u00f3n de componentes adicionales, tuning, uso en competici\u00f3n, saltos y sobrecargas at\u00edpicas. La garant\u00eda solo es v\u00e1lida para el uso privado de la bicicleta el\u00e9ctrica y solo dentro de la Uni\u00f3n Europea. La prestaci\u00f3n de la garant\u00eda incluye la sustituci\u00f3n de la pieza defectuosa; los gastos de conversi\u00f3n y env\u00edo no forman parte de la garant\u00eda. Quedan excluidas otras reclamaciones, como la indemnizaci\u00f3n por da\u00f1os y perjuicios o la p\u00e9rdida de uso, en el marco de la garant\u00eda. Si, no obstante, existieran tales reclamaciones por otras razones (por ejemplo, durante la responsabilidad legal por defectos materiales), estas no se ver\u00e1n afectadas. En caso de sustituci\u00f3n en garant\u00eda, Zweirad Union e-Mobility GmbH &amp; Produktion Co. KG se reserva el derecho a suministrar o instalar productos funcionalmente equivalentes o de mayor calidad. Una posible prestaci\u00f3n de garant\u00eda no prolonga la duraci\u00f3n original de la garant\u00eda.            <\/span>[\/vc_column_text][vc_column_text uncode_shortcode_id=\u00bb415750&#8243;]Sangerhausen, 1 de julio de 2024<\/p>\n<p>Zweirad Union e-Mobility GmbH &amp; Produktion Co. KG<br \/>Kyselh\u00e4user Str. 23<br \/>06526 Sangerhausen[\/vc_column_text][\/vc_column][\/vc_row]<\/p>\n<\/div>","protected":false},"excerpt":{"rendered":"<p>[vc_row unlock_row=\u00bb\u00bb row_height_percent=\u00bb0&#8243; override_padding=\u00bbyes\u00bb h_padding=\u00bb2&#8243; top_padding=\u00bb4&#8243; bottom_padding=\u00bb4&#8243; overlay_color=\u00bbcolor-xsdn\u00bb overlay_alpha=\u00bb96&#8243; gutter_size=\u00bb3&#8243; column_width_percent=\u00bb100&#8243; shift_y=\u00bb0&#8243; z_index=\u00bb0&#8243; uncode_shortcode_id=\u00bb322877&#8243; overlay_color_type=\u00bbuncode-palette\u00bb][vc_column width=\u00bb1\/4&#8243;][vc_gallery el_id=\u00bbgallery-185515&#8243; medias=\u00bb3424&#8243; gutter_size=\u00bb3&#8243; screen_lg=\u00bb1000&#8243; [&hellip;]<\/p>\n","protected":false},"author":1,"featured_media":0,"parent":0,"menu_order":0,"comment_status":"closed","ping_status":"closed","template":"","meta":{"footnotes":""},"class_list":["post-3418","page","type-page","status-publish","hentry"],"yoast_head":"<!-- This site is optimized with the Yoast SEO plugin v27.5 - https:\/\/yoast.com\/product\/yoast-seo-wordpress\/ -->\n<title>Garant\u00eda - Steppenwolf Bikes<\/title>\n<meta name=\"robots\" content=\"index, follow, max-snippet:-1, max-image-preview:large, max-video-preview:-1\" \/>\n<link rel=\"canonical\" href=\"https:\/\/www.steppenwolf-bicycles.com\/es\/garantia\/\" \/>\n<meta property=\"og:locale\" content=\"es_ES\" \/>\n<meta property=\"og:type\" content=\"article\" \/>\n<meta property=\"og:title\" content=\"Garant\u00eda - Steppenwolf Bikes\" \/>\n<meta property=\"og:description\" content=\"[vc_row unlock_row=\u00bb\u00bb row_height_percent=\u00bb0&#8243; override_padding=\u00bbyes\u00bb h_padding=\u00bb2&#8243; top_padding=\u00bb4&#8243; bottom_padding=\u00bb4&#8243; overlay_color=\u00bbcolor-xsdn\u00bb overlay_alpha=\u00bb96&#8243; gutter_size=\u00bb3&#8243; column_width_percent=\u00bb100&#8243; shift_y=\u00bb0&#8243; z_index=\u00bb0&#8243; uncode_shortcode_id=\u00bb322877&#8243; overlay_color_type=\u00bbuncode-palette\u00bb][vc_column width=\u00bb1\/4&#8243;][vc_gallery el_id=\u00bbgallery-185515&#8243; medias=\u00bb3424&#8243; gutter_size=\u00bb3&#8243; screen_lg=\u00bb1000&#8243; [&hellip;]\" \/>\n<meta property=\"og:url\" content=\"https:\/\/www.steppenwolf-bicycles.com\/es\/garantia\/\" \/>\n<meta property=\"og:site_name\" content=\"Steppenwolf Bikes\" \/>\n<meta property=\"article:publisher\" content=\"https:\/\/www.facebook.com\/Steppenwolf.Stw\" \/>\n<meta property=\"article:modified_time\" content=\"2026-01-20T03:59:19+00:00\" \/>\n<meta name=\"twitter:card\" content=\"summary_large_image\" \/>\n<meta name=\"twitter:label1\" content=\"Tiempo de lectura\" \/>\n\t<meta name=\"twitter:data1\" content=\"3 minutos\" \/>\n<script type=\"application\/ld+json\" class=\"yoast-schema-graph\">{\"@context\":\"https:\\\/\\\/schema.org\",\"@graph\":[{\"@type\":\"WebPage\",\"@id\":\"https:\\\/\\\/www.steppenwolf-bicycles.com\\\/es\\\/garantia\\\/\",\"url\":\"https:\\\/\\\/www.steppenwolf-bicycles.com\\\/es\\\/garantia\\\/\",\"name\":\"Garant\u00eda - Steppenwolf Bikes\",\"isPartOf\":{\"@id\":\"https:\\\/\\\/www.steppenwolf-bicycles.com\\\/es\\\/#website\"},\"datePublished\":\"2024-06-22T10:14:47+00:00\",\"dateModified\":\"2026-01-20T03:59:19+00:00\",\"breadcrumb\":{\"@id\":\"https:\\\/\\\/www.steppenwolf-bicycles.com\\\/es\\\/garantia\\\/#breadcrumb\"},\"inLanguage\":\"es\",\"potentialAction\":[{\"@type\":\"ReadAction\",\"target\":[\"https:\\\/\\\/www.steppenwolf-bicycles.com\\\/es\\\/garantia\\\/\"]}]},{\"@type\":\"BreadcrumbList\",\"@id\":\"https:\\\/\\\/www.steppenwolf-bicycles.com\\\/es\\\/garantia\\\/#breadcrumb\",\"itemListElement\":[{\"@type\":\"ListItem\",\"position\":1,\"name\":\"Startseite\",\"item\":\"https:\\\/\\\/www.steppenwolf-bicycles.com\\\/es\\\/\"},{\"@type\":\"ListItem\",\"position\":2,\"name\":\"Garant\u00eda\"}]},{\"@type\":\"WebSite\",\"@id\":\"https:\\\/\\\/www.steppenwolf-bicycles.com\\\/es\\\/#website\",\"url\":\"https:\\\/\\\/www.steppenwolf-bicycles.com\\\/es\\\/\",\"name\":\"Steppenwolf Bikes\",\"description\":\"Premium E-Bikes Made in Germany\",\"publisher\":{\"@id\":\"https:\\\/\\\/www.steppenwolf-bicycles.com\\\/es\\\/#organization\"},\"potentialAction\":[{\"@type\":\"SearchAction\",\"target\":{\"@type\":\"EntryPoint\",\"urlTemplate\":\"https:\\\/\\\/www.steppenwolf-bicycles.com\\\/es\\\/?s={search_term_string}\"},\"query-input\":{\"@type\":\"PropertyValueSpecification\",\"valueRequired\":true,\"valueName\":\"search_term_string\"}}],\"inLanguage\":\"es\"},{\"@type\":\"Organization\",\"@id\":\"https:\\\/\\\/www.steppenwolf-bicycles.com\\\/es\\\/#organization\",\"name\":\"Steppenwolf Bikes\",\"url\":\"https:\\\/\\\/www.steppenwolf-bicycles.com\\\/es\\\/\",\"logo\":{\"@type\":\"ImageObject\",\"inLanguage\":\"es\",\"@id\":\"https:\\\/\\\/www.steppenwolf-bicycles.com\\\/es\\\/#\\\/schema\\\/logo\\\/image\\\/\",\"url\":\"https:\\\/\\\/www.steppenwolf-bicycles.com\\\/wp-content\\\/uploads\\\/2024\\\/05\\\/Logo-nur-Berg-S-auf-w.png\",\"contentUrl\":\"https:\\\/\\\/www.steppenwolf-bicycles.com\\\/wp-content\\\/uploads\\\/2024\\\/05\\\/Logo-nur-Berg-S-auf-w.png\",\"width\":1000,\"height\":1000,\"caption\":\"Steppenwolf Bikes\"},\"image\":{\"@id\":\"https:\\\/\\\/www.steppenwolf-bicycles.com\\\/es\\\/#\\\/schema\\\/logo\\\/image\\\/\"},\"sameAs\":[\"https:\\\/\\\/www.facebook.com\\\/Steppenwolf.Stw\",\"https:\\\/\\\/www.instagram.com\\\/steppenwolfbikes\\\/\"]}]}<\/script>\n<!-- \/ Yoast SEO plugin. -->","yoast_head_json":{"title":"Garant\u00eda - Steppenwolf Bikes","robots":{"index":"index","follow":"follow","max-snippet":"max-snippet:-1","max-image-preview":"max-image-preview:large","max-video-preview":"max-video-preview:-1"},"canonical":"https:\/\/www.steppenwolf-bicycles.com\/es\/garantia\/","og_locale":"es_ES","og_type":"article","og_title":"Garant\u00eda - Steppenwolf Bikes","og_description":"[vc_row unlock_row=\u00bb\u00bb row_height_percent=\u00bb0&#8243; override_padding=\u00bbyes\u00bb h_padding=\u00bb2&#8243; top_padding=\u00bb4&#8243; bottom_padding=\u00bb4&#8243; overlay_color=\u00bbcolor-xsdn\u00bb overlay_alpha=\u00bb96&#8243; gutter_size=\u00bb3&#8243; column_width_percent=\u00bb100&#8243; shift_y=\u00bb0&#8243; z_index=\u00bb0&#8243; uncode_shortcode_id=\u00bb322877&#8243; overlay_color_type=\u00bbuncode-palette\u00bb][vc_column width=\u00bb1\/4&#8243;][vc_gallery el_id=\u00bbgallery-185515&#8243; medias=\u00bb3424&#8243; gutter_size=\u00bb3&#8243; screen_lg=\u00bb1000&#8243; [&hellip;]","og_url":"https:\/\/www.steppenwolf-bicycles.com\/es\/garantia\/","og_site_name":"Steppenwolf Bikes","article_publisher":"https:\/\/www.facebook.com\/Steppenwolf.Stw","article_modified_time":"2026-01-20T03:59:19+00:00","twitter_card":"summary_large_image","twitter_misc":{"Tiempo de lectura":"3 minutos"},"schema":{"@context":"https:\/\/schema.org","@graph":[{"@type":"WebPage","@id":"https:\/\/www.steppenwolf-bicycles.com\/es\/garantia\/","url":"https:\/\/www.steppenwolf-bicycles.com\/es\/garantia\/","name":"Garant\u00eda - Steppenwolf Bikes","isPartOf":{"@id":"https:\/\/www.steppenwolf-bicycles.com\/es\/#website"},"datePublished":"2024-06-22T10:14:47+00:00","dateModified":"2026-01-20T03:59:19+00:00","breadcrumb":{"@id":"https:\/\/www.steppenwolf-bicycles.com\/es\/garantia\/#breadcrumb"},"inLanguage":"es","potentialAction":[{"@type":"ReadAction","target":["https:\/\/www.steppenwolf-bicycles.com\/es\/garantia\/"]}]},{"@type":"BreadcrumbList","@id":"https:\/\/www.steppenwolf-bicycles.com\/es\/garantia\/#breadcrumb","itemListElement":[{"@type":"ListItem","position":1,"name":"Startseite","item":"https:\/\/www.steppenwolf-bicycles.com\/es\/"},{"@type":"ListItem","position":2,"name":"Garant\u00eda"}]},{"@type":"WebSite","@id":"https:\/\/www.steppenwolf-bicycles.com\/es\/#website","url":"https:\/\/www.steppenwolf-bicycles.com\/es\/","name":"Steppenwolf Bikes","description":"Premium E-Bikes Made in Germany","publisher":{"@id":"https:\/\/www.steppenwolf-bicycles.com\/es\/#organization"},"potentialAction":[{"@type":"SearchAction","target":{"@type":"EntryPoint","urlTemplate":"https:\/\/www.steppenwolf-bicycles.com\/es\/?s={search_term_string}"},"query-input":{"@type":"PropertyValueSpecification","valueRequired":true,"valueName":"search_term_string"}}],"inLanguage":"es"},{"@type":"Organization","@id":"https:\/\/www.steppenwolf-bicycles.com\/es\/#organization","name":"Steppenwolf Bikes","url":"https:\/\/www.steppenwolf-bicycles.com\/es\/","logo":{"@type":"ImageObject","inLanguage":"es","@id":"https:\/\/www.steppenwolf-bicycles.com\/es\/#\/schema\/logo\/image\/","url":"https:\/\/www.steppenwolf-bicycles.com\/wp-content\/uploads\/2024\/05\/Logo-nur-Berg-S-auf-w.png","contentUrl":"https:\/\/www.steppenwolf-bicycles.com\/wp-content\/uploads\/2024\/05\/Logo-nur-Berg-S-auf-w.png","width":1000,"height":1000,"caption":"Steppenwolf Bikes"},"image":{"@id":"https:\/\/www.steppenwolf-bicycles.com\/es\/#\/schema\/logo\/image\/"},"sameAs":["https:\/\/www.facebook.com\/Steppenwolf.Stw","https:\/\/www.instagram.com\/steppenwolfbikes\/"]}]}},"_links":{"self":[{"href":"https:\/\/www.steppenwolf-bicycles.com\/es\/wp-json\/wp\/v2\/pages\/3418","targetHints":{"allow":["GET"]}}],"collection":[{"href":"https:\/\/www.steppenwolf-bicycles.com\/es\/wp-json\/wp\/v2\/pages"}],"about":[{"href":"https:\/\/www.steppenwolf-bicycles.com\/es\/wp-json\/wp\/v2\/types\/page"}],"author":[{"embeddable":true,"href":"https:\/\/www.steppenwolf-bicycles.com\/es\/wp-json\/wp\/v2\/users\/1"}],"replies":[{"embeddable":true,"href":"https:\/\/www.steppenwolf-bicycles.com\/es\/wp-json\/wp\/v2\/comments?post=3418"}],"version-history":[{"count":7,"href":"https:\/\/www.steppenwolf-bicycles.com\/es\/wp-json\/wp\/v2\/pages\/3418\/revisions"}],"predecessor-version":[{"id":3486,"href":"https:\/\/www.steppenwolf-bicycles.com\/es\/wp-json\/wp\/v2\/pages\/3418\/revisions\/3486"}],"wp:attachment":[{"href":"https:\/\/www.steppenwolf-bicycles.com\/es\/wp-json\/wp\/v2\/media?parent=3418"}],"curies":[{"name":"wp","href":"https:\/\/api.w.org\/{rel}","templated":true}]}}