{"id":3561,"date":"2024-06-22T12:43:50","date_gmt":"2024-06-22T10:43:50","guid":{"rendered":"https:\/\/staging.steppenwolf-bicycles.com\/portal-para-distribuidores\/"},"modified":"2026-01-20T05:00:48","modified_gmt":"2026-01-20T04:00:48","slug":"portal-para-distribuidores","status":"publish","type":"page","link":"https:\/\/www.steppenwolf-bicycles.com\/es\/portal-para-distribuidores\/","title":{"rendered":"Portal para distribuidores"},"content":{"rendered":"<div class=\"wpb-content-wrapper\"><p>[vc_row row_height_percent=\u00bb0&#8243; override_padding=\u00bbyes\u00bb h_padding=\u00bb2&#8243; top_padding=\u00bb5&#8243; bottom_padding=\u00bb3&#8243; overlay_alpha=\u00bb50&#8243; equal_height=\u00bbyes\u00bb gutter_size=\u00bb5&#8243; column_width_percent=\u00bb100&#8243; shift_y=\u00bb0&#8243; z_index=\u00bb0&#8243; uncode_shortcode_id=\u00bb169460&#8243;][vc_column column_width_percent=\u00bb100&#8243; gutter_size=\u00bb3&#8243; overlay_alpha=\u00bb50&#8243; shift_x=\u00bb0&#8243; shift_y=\u00bb0&#8243; shift_y_down=\u00bb0&#8243; z_index=\u00bb0&#8243; medium_width=\u00bb0&#8243; mobile_width=\u00bb0&#8243; width=\u00bb1\/2&#8243; uncode_shortcode_id=\u00bb213683&#8243;][vc_single_image media=\u00bb3571&#8243; media_width_percent=\u00bb100&#8243; shadow=\u00bbyes\u00bb shadow_weight=\u00bbstd\u00bb uncode_shortcode_id=\u00bb338681&#8243; media_link=\u00bburl:http%3A%2F%2F202.66.117.33%3A8080%2Fuser%2Flogin.html\u00bb][\/vc_column][vc_column width=\u00bb1\/2&#8243;][vc_custom_heading uncode_shortcode_id=\u00bb200261&#8243;]Ir al portal para distribuidores de Zweirad Union[\/vc_custom_heading][vc_custom_heading text_font=\u00bbfont-151610&#8243; text_size=\u00bbh5&#8243; text_weight=\u00bb400&#8243; uncode_shortcode_id=\u00bb101206&#8243;]<\/p>\n<ul>\n<li><span class=\"font-116337\">Pedir bicicletas<\/span><\/li>\n<li><span class=\"font-116337\">Pedir piezas de repuesto<\/span><\/li>\n<li><span class=\"font-116337\">Gestionar sus pedidos\/encargos<\/span><\/li>\n<li><span class=\"font-116337\">Seguir sus env\u00edos\/estado de env\u00edo<\/span><\/li>\n<li><span class=\"font-116337\">Gestionar sus solicitudes de servicio<\/span><\/li>\n<li><span class=\"font-116337\">Consultar y descargar instrucciones de montaje y despieces<br \/><\/span><\/li>\n<\/ul>\n<p>&nbsp;<\/p>\n<p>Las diferentes funciones se ir\u00e1n implementando gradualmente y estar\u00e1n totalmente disponibles hasta 2025.[\/vc_custom_heading][vc_button button_color=\u00bbaccent\u00bb custom_typo=\u00bbyes\u00bb font_family=\u00bbfont-151610&#8243; font_weight=\u00bb500&#8243; text_transform=\u00bbuppercase\u00bb border_width=\u00bb0&#8243; uncode_shortcode_id=\u00bb134456&#8243; link=\u00bburl:https%3A%2F%2Fzweirad-union.kwmportal.com%2Fuser%2Flogin.html|target:_blank|\u00bb button_color_type=\u00bbuncode-palette\u00bb icon=\u00bbfa fa-enter\u00bb width=\u00bb200&#8243;]Iniciar sesi\u00f3n[\/vc_button][\/vc_column][\/vc_row][vc_row row_height_percent=\u00bb0&#8243; override_padding=\u00bbyes\u00bb h_padding=\u00bb2&#8243; top_padding=\u00bb5&#8243; bottom_padding=\u00bb2&#8243; overlay_alpha=\u00bb50&#8243; gutter_size=\u00bb5&#8243; column_width_percent=\u00bb100&#8243; shift_y=\u00bb0&#8243; z_index=\u00bb0&#8243; uncode_shortcode_id=\u00bb432263&#8243;][vc_column column_width_percent=\u00bb100&#8243; gutter_size=\u00bb2&#8243; overlay_alpha=\u00bb50&#8243; shift_x=\u00bb0&#8243; shift_y=\u00bb0&#8243; shift_y_down=\u00bb0&#8243; z_index=\u00bb0&#8243; medium_width=\u00bb0&#8243; mobile_width=\u00bb0&#8243; width=\u00bb1\/2&#8243; uncode_shortcode_id=\u00bb116982&#8243;][vc_custom_heading text_size=\u00bbh6&#8243; uncode_shortcode_id=\u00bb976711&#8243;]Visita a nuestra f\u00e1brica en Sangerhausen[\/vc_custom_heading][vc_single_image media=\u00bb3572&#8243; media_width_percent=\u00bb100&#8243; shadow=\u00bbyes\u00bb shadow_weight=\u00bbstd\u00bb uncode_shortcode_id=\u00bb212033&#8243;][\/vc_column][vc_column column_width_percent=\u00bb100&#8243; gutter_size=\u00bb3&#8243; overlay_alpha=\u00bb50&#8243; shift_x=\u00bb0&#8243; shift_y=\u00bb0&#8243; shift_y_down=\u00bb0&#8243; z_index=\u00bb0&#8243; medium_width=\u00bb0&#8243; mobile_width=\u00bb0&#8243; width=\u00bb1\/2&#8243; uncode_shortcode_id=\u00bb500130&#8243;][vc_custom_heading uncode_shortcode_id=\u00bb616583&#8243;]Fiabilidad de primera[\/vc_custom_heading][vc_custom_heading heading_semantic=\u00bbh6&#8243; text_font=\u00bbfont-151610&#8243; text_size=\u00bbh5&#8243; text_weight=\u00bb500&#8243; uncode_shortcode_id=\u00bb227809&#8243;]La planificaci\u00f3n, la fiabilidad y la calidad son la base del \u00e9xito com\u00fan. Gracias a nuestra reorganizaci\u00f3n en 2024, ahora aunamos los mejores recursos en Steppenwolf \/ ZU: <\/p>\n<ul>\n<li>Naves de producci\u00f3n ultramodernas en el coraz\u00f3n de Alemania<\/li>\n<li>Un nuevo y exitoso equipo directivo en torno a Michael Hecken (antes en Grace, HNF)<\/li>\n<li>Geely\/Keeway como empresa matriz, con infraestructura automotriz y gran disposici\u00f3n a invertir<\/li>\n<\/ul>\n<p>[\/vc_custom_heading][vc_custom_heading text_size=\u00bbh6&#8243; medium_visibility=\u00bbyes\u00bb mobile_visibility=\u00bbyes\u00bb uncode_shortcode_id=\u00bb324487&#8243;]\u00bfA\u00fan no es distribuidor especializado de Steppenwolf? Solic\u00edtelo aqu\u00ed:[\/vc_custom_heading][vc_button button_color=\u00bbaccent\u00bb custom_typo=\u00bbyes\u00bb font_family=\u00bbfont-151610&#8243; font_weight=\u00bb500&#8243; text_transform=\u00bbuppercase\u00bb border_width=\u00bb0&#8243; uncode_shortcode_id=\u00bb537546&#8243; link=\u00bburl:https%3A%2F%2Fwww.steppenwolf-bicycles.com%2Fes%2Fdistribuidores%2F|title:Distribuidores|target:_blank|\u00bb button_color_type=\u00bbuncode-palette\u00bb width=\u00bb200&#8243;]P\u00e1gina para distribuidores[\/vc_button][\/vc_column][\/vc_row][vc_row][vc_column width=\u00bb1\/1&#8243;][\/vc_column][\/vc_row]<\/p>\n<\/div>","protected":false},"excerpt":{"rendered":"<p>[vc_row row_height_percent=\u00bb0&#8243; override_padding=\u00bbyes\u00bb h_padding=\u00bb2&#8243; top_padding=\u00bb5&#8243; bottom_padding=\u00bb3&#8243; overlay_alpha=\u00bb50&#8243; equal_height=\u00bbyes\u00bb gutter_size=\u00bb5&#8243; column_width_percent=\u00bb100&#8243; shift_y=\u00bb0&#8243; z_index=\u00bb0&#8243; uncode_shortcode_id=\u00bb169460&#8243;][vc_column column_width_percent=\u00bb100&#8243; gutter_size=\u00bb3&#8243; overlay_alpha=\u00bb50&#8243; shift_x=\u00bb0&#8243; shift_y=\u00bb0&#8243; shift_y_down=\u00bb0&#8243; z_index=\u00bb0&#8243; [&hellip;]<\/p>\n","protected":false},"author":1,"featured_media":0,"parent":0,"menu_order":0,"comment_status":"closed","ping_status":"closed","template":"","meta":{"footnotes":""},"class_list":["post-3561","page","type-page","status-publish","hentry"],"yoast_head":"<!-- This site is optimized with the Yoast SEO plugin v27.5 - https:\/\/yoast.com\/product\/yoast-seo-wordpress\/ -->\n<title>Portal para distribuidores - Steppenwolf Bikes<\/title>\n<meta name=\"robots\" content=\"index, follow, max-snippet:-1, max-image-preview:large, max-video-preview:-1\" \/>\n<link rel=\"canonical\" href=\"https:\/\/www.steppenwolf-bicycles.com\/es\/portal-para-distribuidores\/\" \/>\n<meta property=\"og:locale\" content=\"es_ES\" \/>\n<meta property=\"og:type\" content=\"article\" \/>\n<meta property=\"og:title\" content=\"Portal para distribuidores - Steppenwolf Bikes\" \/>\n<meta property=\"og:description\" content=\"[vc_row row_height_percent=\u00bb0&#8243; override_padding=\u00bbyes\u00bb h_padding=\u00bb2&#8243; top_padding=\u00bb5&#8243; bottom_padding=\u00bb3&#8243; overlay_alpha=\u00bb50&#8243; equal_height=\u00bbyes\u00bb gutter_size=\u00bb5&#8243; column_width_percent=\u00bb100&#8243; shift_y=\u00bb0&#8243; z_index=\u00bb0&#8243; uncode_shortcode_id=\u00bb169460&#8243;][vc_column column_width_percent=\u00bb100&#8243; gutter_size=\u00bb3&#8243; overlay_alpha=\u00bb50&#8243; shift_x=\u00bb0&#8243; shift_y=\u00bb0&#8243; shift_y_down=\u00bb0&#8243; z_index=\u00bb0&#8243; [&hellip;]\" \/>\n<meta property=\"og:url\" content=\"https:\/\/www.steppenwolf-bicycles.com\/es\/portal-para-distribuidores\/\" \/>\n<meta property=\"og:site_name\" content=\"Steppenwolf Bikes\" \/>\n<meta property=\"article:publisher\" content=\"https:\/\/www.facebook.com\/Steppenwolf.Stw\" \/>\n<meta property=\"article:modified_time\" content=\"2026-01-20T04:00:48+00:00\" \/>\n<meta name=\"twitter:card\" content=\"summary_large_image\" \/>\n<meta name=\"twitter:label1\" content=\"Tiempo de lectura\" \/>\n\t<meta name=\"twitter:data1\" content=\"3 minutos\" \/>\n<script type=\"application\/ld+json\" class=\"yoast-schema-graph\">{\"@context\":\"https:\\\/\\\/schema.org\",\"@graph\":[{\"@type\":\"WebPage\",\"@id\":\"https:\\\/\\\/www.steppenwolf-bicycles.com\\\/es\\\/portal-para-distribuidores\\\/\",\"url\":\"https:\\\/\\\/www.steppenwolf-bicycles.com\\\/es\\\/portal-para-distribuidores\\\/\",\"name\":\"Portal para distribuidores - Steppenwolf Bikes\",\"isPartOf\":{\"@id\":\"https:\\\/\\\/www.steppenwolf-bicycles.com\\\/es\\\/#website\"},\"datePublished\":\"2024-06-22T10:43:50+00:00\",\"dateModified\":\"2026-01-20T04:00:48+00:00\",\"breadcrumb\":{\"@id\":\"https:\\\/\\\/www.steppenwolf-bicycles.com\\\/es\\\/portal-para-distribuidores\\\/#breadcrumb\"},\"inLanguage\":\"es\",\"potentialAction\":[{\"@type\":\"ReadAction\",\"target\":[\"https:\\\/\\\/www.steppenwolf-bicycles.com\\\/es\\\/portal-para-distribuidores\\\/\"]}]},{\"@type\":\"BreadcrumbList\",\"@id\":\"https:\\\/\\\/www.steppenwolf-bicycles.com\\\/es\\\/portal-para-distribuidores\\\/#breadcrumb\",\"itemListElement\":[{\"@type\":\"ListItem\",\"position\":1,\"name\":\"Startseite\",\"item\":\"https:\\\/\\\/www.steppenwolf-bicycles.com\\\/es\\\/\"},{\"@type\":\"ListItem\",\"position\":2,\"name\":\"Portal para distribuidores\"}]},{\"@type\":\"WebSite\",\"@id\":\"https:\\\/\\\/www.steppenwolf-bicycles.com\\\/es\\\/#website\",\"url\":\"https:\\\/\\\/www.steppenwolf-bicycles.com\\\/es\\\/\",\"name\":\"Steppenwolf Bikes\",\"description\":\"Premium E-Bikes Made in Germany\",\"publisher\":{\"@id\":\"https:\\\/\\\/www.steppenwolf-bicycles.com\\\/es\\\/#organization\"},\"potentialAction\":[{\"@type\":\"SearchAction\",\"target\":{\"@type\":\"EntryPoint\",\"urlTemplate\":\"https:\\\/\\\/www.steppenwolf-bicycles.com\\\/es\\\/?s={search_term_string}\"},\"query-input\":{\"@type\":\"PropertyValueSpecification\",\"valueRequired\":true,\"valueName\":\"search_term_string\"}}],\"inLanguage\":\"es\"},{\"@type\":\"Organization\",\"@id\":\"https:\\\/\\\/www.steppenwolf-bicycles.com\\\/es\\\/#organization\",\"name\":\"Steppenwolf Bikes\",\"url\":\"https:\\\/\\\/www.steppenwolf-bicycles.com\\\/es\\\/\",\"logo\":{\"@type\":\"ImageObject\",\"inLanguage\":\"es\",\"@id\":\"https:\\\/\\\/www.steppenwolf-bicycles.com\\\/es\\\/#\\\/schema\\\/logo\\\/image\\\/\",\"url\":\"https:\\\/\\\/www.steppenwolf-bicycles.com\\\/wp-content\\\/uploads\\\/2024\\\/05\\\/Logo-nur-Berg-S-auf-w.png\",\"contentUrl\":\"https:\\\/\\\/www.steppenwolf-bicycles.com\\\/wp-content\\\/uploads\\\/2024\\\/05\\\/Logo-nur-Berg-S-auf-w.png\",\"width\":1000,\"height\":1000,\"caption\":\"Steppenwolf Bikes\"},\"image\":{\"@id\":\"https:\\\/\\\/www.steppenwolf-bicycles.com\\\/es\\\/#\\\/schema\\\/logo\\\/image\\\/\"},\"sameAs\":[\"https:\\\/\\\/www.facebook.com\\\/Steppenwolf.Stw\",\"https:\\\/\\\/www.instagram.com\\\/steppenwolfbikes\\\/\"]}]}<\/script>\n<!-- \/ Yoast SEO plugin. -->","yoast_head_json":{"title":"Portal para distribuidores - Steppenwolf Bikes","robots":{"index":"index","follow":"follow","max-snippet":"max-snippet:-1","max-image-preview":"max-image-preview:large","max-video-preview":"max-video-preview:-1"},"canonical":"https:\/\/www.steppenwolf-bicycles.com\/es\/portal-para-distribuidores\/","og_locale":"es_ES","og_type":"article","og_title":"Portal para distribuidores - Steppenwolf Bikes","og_description":"[vc_row row_height_percent=\u00bb0&#8243; override_padding=\u00bbyes\u00bb h_padding=\u00bb2&#8243; top_padding=\u00bb5&#8243; bottom_padding=\u00bb3&#8243; overlay_alpha=\u00bb50&#8243; equal_height=\u00bbyes\u00bb gutter_size=\u00bb5&#8243; column_width_percent=\u00bb100&#8243; shift_y=\u00bb0&#8243; z_index=\u00bb0&#8243; uncode_shortcode_id=\u00bb169460&#8243;][vc_column column_width_percent=\u00bb100&#8243; gutter_size=\u00bb3&#8243; overlay_alpha=\u00bb50&#8243; shift_x=\u00bb0&#8243; shift_y=\u00bb0&#8243; shift_y_down=\u00bb0&#8243; z_index=\u00bb0&#8243; [&hellip;]","og_url":"https:\/\/www.steppenwolf-bicycles.com\/es\/portal-para-distribuidores\/","og_site_name":"Steppenwolf Bikes","article_publisher":"https:\/\/www.facebook.com\/Steppenwolf.Stw","article_modified_time":"2026-01-20T04:00:48+00:00","twitter_card":"summary_large_image","twitter_misc":{"Tiempo de lectura":"3 minutos"},"schema":{"@context":"https:\/\/schema.org","@graph":[{"@type":"WebPage","@id":"https:\/\/www.steppenwolf-bicycles.com\/es\/portal-para-distribuidores\/","url":"https:\/\/www.steppenwolf-bicycles.com\/es\/portal-para-distribuidores\/","name":"Portal para distribuidores - Steppenwolf Bikes","isPartOf":{"@id":"https:\/\/www.steppenwolf-bicycles.com\/es\/#website"},"datePublished":"2024-06-22T10:43:50+00:00","dateModified":"2026-01-20T04:00:48+00:00","breadcrumb":{"@id":"https:\/\/www.steppenwolf-bicycles.com\/es\/portal-para-distribuidores\/#breadcrumb"},"inLanguage":"es","potentialAction":[{"@type":"ReadAction","target":["https:\/\/www.steppenwolf-bicycles.com\/es\/portal-para-distribuidores\/"]}]},{"@type":"BreadcrumbList","@id":"https:\/\/www.steppenwolf-bicycles.com\/es\/portal-para-distribuidores\/#breadcrumb","itemListElement":[{"@type":"ListItem","position":1,"name":"Startseite","item":"https:\/\/www.steppenwolf-bicycles.com\/es\/"},{"@type":"ListItem","position":2,"name":"Portal para distribuidores"}]},{"@type":"WebSite","@id":"https:\/\/www.steppenwolf-bicycles.com\/es\/#website","url":"https:\/\/www.steppenwolf-bicycles.com\/es\/","name":"Steppenwolf Bikes","description":"Premium E-Bikes Made in Germany","publisher":{"@id":"https:\/\/www.steppenwolf-bicycles.com\/es\/#organization"},"potentialAction":[{"@type":"SearchAction","target":{"@type":"EntryPoint","urlTemplate":"https:\/\/www.steppenwolf-bicycles.com\/es\/?s={search_term_string}"},"query-input":{"@type":"PropertyValueSpecification","valueRequired":true,"valueName":"search_term_string"}}],"inLanguage":"es"},{"@type":"Organization","@id":"https:\/\/www.steppenwolf-bicycles.com\/es\/#organization","name":"Steppenwolf Bikes","url":"https:\/\/www.steppenwolf-bicycles.com\/es\/","logo":{"@type":"ImageObject","inLanguage":"es","@id":"https:\/\/www.steppenwolf-bicycles.com\/es\/#\/schema\/logo\/image\/","url":"https:\/\/www.steppenwolf-bicycles.com\/wp-content\/uploads\/2024\/05\/Logo-nur-Berg-S-auf-w.png","contentUrl":"https:\/\/www.steppenwolf-bicycles.com\/wp-content\/uploads\/2024\/05\/Logo-nur-Berg-S-auf-w.png","width":1000,"height":1000,"caption":"Steppenwolf Bikes"},"image":{"@id":"https:\/\/www.steppenwolf-bicycles.com\/es\/#\/schema\/logo\/image\/"},"sameAs":["https:\/\/www.facebook.com\/Steppenwolf.Stw","https:\/\/www.instagram.com\/steppenwolfbikes\/"]}]}},"_links":{"self":[{"href":"https:\/\/www.steppenwolf-bicycles.com\/es\/wp-json\/wp\/v2\/pages\/3561","targetHints":{"allow":["GET"]}}],"collection":[{"href":"https:\/\/www.steppenwolf-bicycles.com\/es\/wp-json\/wp\/v2\/pages"}],"about":[{"href":"https:\/\/www.steppenwolf-bicycles.com\/es\/wp-json\/wp\/v2\/types\/page"}],"author":[{"embeddable":true,"href":"https:\/\/www.steppenwolf-bicycles.com\/es\/wp-json\/wp\/v2\/users\/1"}],"replies":[{"embeddable":true,"href":"https:\/\/www.steppenwolf-bicycles.com\/es\/wp-json\/wp\/v2\/comments?post=3561"}],"version-history":[{"count":7,"href":"https:\/\/www.steppenwolf-bicycles.com\/es\/wp-json\/wp\/v2\/pages\/3561\/revisions"}],"predecessor-version":[{"id":3607,"href":"https:\/\/www.steppenwolf-bicycles.com\/es\/wp-json\/wp\/v2\/pages\/3561\/revisions\/3607"}],"wp:attachment":[{"href":"https:\/\/www.steppenwolf-bicycles.com\/es\/wp-json\/wp\/v2\/media?parent=3561"}],"curies":[{"name":"wp","href":"https:\/\/api.w.org\/{rel}","templated":true}]}}