{"id":3259,"date":"2024-06-22T12:15:48","date_gmt":"2024-06-22T10:15:48","guid":{"rendered":"https:\/\/staging.steppenwolf-bicycles.com\/informazioni-su-steppenwolf\/"},"modified":"2026-02-20T15:37:30","modified_gmt":"2026-02-20T14:37:30","slug":"informazioni-su-steppenwolf","status":"publish","type":"page","link":"https:\/\/www.steppenwolf-bicycles.com\/it\/informazioni-su-steppenwolf\/","title":{"rendered":"Informazioni su Steppenwolf"},"content":{"rendered":"<div class=\"wpb-content-wrapper\"><p>[vc_row unlock_row=&#8221;&#8221; row_height_percent=&#8221;0&#8243; override_padding=&#8221;yes&#8221; h_padding=&#8221;2&#8243; top_padding=&#8221;6&#8243; bottom_padding=&#8221;2&#8243; overlay_alpha=&#8221;50&#8243; gutter_size=&#8221;3&#8243; column_width_percent=&#8221;100&#8243; shift_y=&#8221;0&#8243; z_index=&#8221;0&#8243; content_parallax=&#8221;0&#8243; uncode_shortcode_id=&#8221;901157&#8243;][vc_column column_width_percent=&#8221;100&#8243; position_vertical=&#8221;bottom&#8221; gutter_size=&#8221;3&#8243; overlay_alpha=&#8221;50&#8243; shift_x=&#8221;0&#8243; shift_y=&#8221;0&#8243; shift_y_down=&#8221;0&#8243; z_index=&#8221;0&#8243; medium_width=&#8221;0&#8243; mobile_width=&#8221;0&#8243; width=&#8221;1\/1&#8243; uncode_shortcode_id=&#8221;130768&#8243;][vc_row_inner row_inner_height_percent=&#8221;0&#8243; overlay_alpha=&#8221;50&#8243; gutter_size=&#8221;4&#8243; shift_y=&#8221;0&#8243; z_index=&#8221;0&#8243; limit_content=&#8221;&#8221; uncode_shortcode_id=&#8221;132244&#8243;][vc_column_inner column_width_percent=&#8221;100&#8243; gutter_size=&#8221;3&#8243; overlay_alpha=&#8221;50&#8243; shift_x=&#8221;0&#8243; shift_y=&#8221;0&#8243; shift_y_down=&#8221;0&#8243; z_index=&#8221;0&#8243; medium_width=&#8221;2&#8243; mobile_width=&#8221;4&#8243; width=&#8221;3\/12&#8243; uncode_shortcode_id=&#8221;171229&#8243;][\/vc_column_inner][vc_column_inner column_width_percent=&#8221;100&#8243; gutter_size=&#8221;3&#8243; overlay_alpha=&#8221;50&#8243; shift_x=&#8221;0&#8243; shift_y=&#8221;0&#8243; shift_y_down=&#8221;0&#8243; z_index=&#8221;0&#8243; medium_width=&#8221;0&#8243; mobile_width=&#8221;0&#8243; width=&#8221;1\/12&#8243; uncode_shortcode_id=&#8221;905052&#8243;][\/vc_column_inner][vc_column_inner column_width_percent=&#8221;100&#8243; gutter_size=&#8221;4&#8243; overlay_alpha=&#8221;50&#8243; shift_x=&#8221;0&#8243; shift_y=&#8221;0&#8243; shift_y_down=&#8221;0&#8243; z_index=&#8221;0&#8243; medium_width=&#8221;6&#8243; mobile_width=&#8221;7&#8243; width=&#8221;8\/12&#8243; uncode_shortcode_id=&#8221;500369&#8243;][vc_custom_heading text_size=&#8221;h1&#8243; uncode_shortcode_id=&#8221;163270&#8243;]Nati in Baviera. Progettato per gli orizzonti.[\/vc_custom_heading][\/vc_column_inner][\/vc_row_inner][\/vc_column][\/vc_row][vc_row unlock_row=&#8221;&#8221; row_height_percent=&#8221;0&#8243; override_padding=&#8221;yes&#8221; h_padding=&#8221;2&#8243; top_padding=&#8221;0&#8243; bottom_padding=&#8221;7&#8243; overlay_alpha=&#8221;50&#8243; gutter_size=&#8221;3&#8243; column_width_percent=&#8221;100&#8243; shift_y=&#8221;0&#8243; z_index=&#8221;0&#8243; content_parallax=&#8221;0&#8243; uncode_shortcode_id=&#8221;796283&#8243;][vc_column column_width_percent=&#8221;100&#8243; position_vertical=&#8221;bottom&#8221; gutter_size=&#8221;3&#8243; overlay_alpha=&#8221;50&#8243; shift_x=&#8221;0&#8243; shift_y=&#8221;0&#8243; shift_y_down=&#8221;0&#8243; z_index=&#8221;0&#8243; medium_width=&#8221;0&#8243; mobile_width=&#8221;0&#8243; width=&#8221;1\/1&#8243; uncode_shortcode_id=&#8221;130768&#8243;][vc_row_inner row_inner_height_percent=&#8221;0&#8243; overlay_alpha=&#8221;50&#8243; gutter_size=&#8221;4&#8243; shift_y=&#8221;0&#8243; z_index=&#8221;0&#8243; limit_content=&#8221;&#8221; uncode_shortcode_id=&#8221;132244&#8243;][vc_column_inner column_width_percent=&#8221;100&#8243; gutter_size=&#8221;3&#8243; overlay_alpha=&#8221;50&#8243; shift_x=&#8221;0&#8243; shift_y=&#8221;0&#8243; shift_y_down=&#8221;0&#8243; z_index=&#8221;0&#8243; medium_width=&#8221;2&#8243; mobile_width=&#8221;4&#8243; width=&#8221;3\/12&#8243; uncode_shortcode_id=&#8221;171229&#8243;][vc_single_image media=&#8221;7407&#8243; media_width_percent=&#8221;100&#8243; uncode_shortcode_id=&#8221;386083&#8243;][vc_single_image media=&#8221;7397&#8243; media_width_percent=&#8221;100&#8243; uncode_shortcode_id=&#8221;600525&#8243;][\/vc_column_inner][vc_column_inner column_width_percent=&#8221;100&#8243; gutter_size=&#8221;3&#8243; overlay_alpha=&#8221;50&#8243; shift_x=&#8221;0&#8243; shift_y=&#8221;0&#8243; shift_y_down=&#8221;0&#8243; z_index=&#8221;0&#8243; medium_width=&#8221;0&#8243; mobile_width=&#8221;0&#8243; width=&#8221;1\/12&#8243; uncode_shortcode_id=&#8221;905052&#8243;][\/vc_column_inner][vc_column_inner column_width_percent=&#8221;100&#8243; gutter_size=&#8221;4&#8243; overlay_alpha=&#8221;50&#8243; shift_x=&#8221;0&#8243; shift_y=&#8221;0&#8243; shift_y_down=&#8221;0&#8243; z_index=&#8221;0&#8243; medium_width=&#8221;6&#8243; mobile_width=&#8221;7&#8243; width=&#8221;8\/12&#8243; uncode_shortcode_id=&#8221;500369&#8243;][vc_column_text uncode_shortcode_id=&#8221;140196&#8243;]Steppenwolf \u00e8 stata fondata a Monaco di Baviera pi\u00f9 di 30 anni fa. Oggi sviluppiamo le nostre e-bike in Baviera, in una regione rinomata in tutto il mondo per l&#8217;eccellenza tecnologica. Che si tratti di aerospaziale, robotica o ingegneria dei materiali, qui nascono innovazioni che plasmano il nostro tempo. In questo ambiente, stiamo reinventando la mobilit\u00e0.   <\/p>\n<p>I nostri ingegneri, specialisti software e designer perseguono un obiettivo comune: creare e-bike che non solo convincano dal punto di vista tecnico, ma che si distinguano anche per chiarezza e durata. Strutture del telaio leggere, sistemi integrati, dettagli ben studiati, precisamente adattati a una sensazione di guida sofisticata, sviluppati e prodotti in Germania. <\/p>\n<p>Prima che un modello entri in produzione, viene testato nella realt\u00e0: su salite alpine, pav\u00e9 urbano e tragitti pendolari quotidiani. Solo ci\u00f2 che si dimostra valido entra nella nostra produzione, in Germania, secondo i pi\u00f9 elevati standard di qualit\u00e0. <\/p>\n<p>Steppenwolf \u00e8 sinonimo di tecnologia con attitudine, di prestazioni sottili e di un design che non si impone, ma che rimane.<\/p>\n<p>Nati in Baviera.[\/vc_column_text][\/vc_column_inner][\/vc_row_inner][\/vc_column][\/vc_row][vc_row unlock_row_content=&#8221;yes&#8221; row_height_percent=&#8221;0&#8243; override_padding=&#8221;yes&#8221; h_padding=&#8221;2&#8243; top_padding=&#8221;0&#8243; bottom_padding=&#8221;0&#8243; overlay_alpha=&#8221;50&#8243; gutter_size=&#8221;3&#8243; column_width_percent=&#8221;100&#8243; shift_y=&#8221;0&#8243; z_index=&#8221;0&#8243; content_parallax=&#8221;0&#8243; uncode_shortcode_id=&#8221;918451&#8243;][vc_column width=&#8221;1\/1&#8243;][uncode_block id=&#8221;7807&#8243;][\/vc_column][\/vc_row]<\/p>\n<\/div>","protected":false},"excerpt":{"rendered":"<p>[vc_row unlock_row=&#8221;&#8221; row_height_percent=&#8221;0&#8243; override_padding=&#8221;yes&#8221; h_padding=&#8221;2&#8243; top_padding=&#8221;6&#8243; bottom_padding=&#8221;2&#8243; overlay_alpha=&#8221;50&#8243; gutter_size=&#8221;3&#8243; column_width_percent=&#8221;100&#8243; shift_y=&#8221;0&#8243; z_index=&#8221;0&#8243; content_parallax=&#8221;0&#8243; uncode_shortcode_id=&#8221;901157&#8243;][vc_column column_width_percent=&#8221;100&#8243; position_vertical=&#8221;bottom&#8221; gutter_size=&#8221;3&#8243; overlay_alpha=&#8221;50&#8243; shift_x=&#8221;0&#8243; shift_y=&#8221;0&#8243; [&hellip;]<\/p>\n","protected":false},"author":1,"featured_media":0,"parent":0,"menu_order":0,"comment_status":"closed","ping_status":"closed","template":"","meta":{"footnotes":""},"class_list":["post-3259","page","type-page","status-publish","hentry"],"yoast_head":"<!-- This site is optimized with the Yoast SEO plugin v27.5 - https:\/\/yoast.com\/product\/yoast-seo-wordpress\/ -->\n<title>Informazioni su Steppenwolf - Steppenwolf Bikes<\/title>\n<meta name=\"robots\" content=\"index, follow, max-snippet:-1, max-image-preview:large, max-video-preview:-1\" \/>\n<link rel=\"canonical\" href=\"https:\/\/www.steppenwolf-bicycles.com\/it\/informazioni-su-steppenwolf\/\" \/>\n<meta property=\"og:locale\" content=\"it_IT\" \/>\n<meta property=\"og:type\" content=\"article\" \/>\n<meta property=\"og:title\" content=\"Informazioni su Steppenwolf - Steppenwolf Bikes\" \/>\n<meta property=\"og:description\" content=\"[vc_row unlock_row=&#8221;&#8221; row_height_percent=&#8221;0&#8243; override_padding=&#8221;yes&#8221; h_padding=&#8221;2&#8243; top_padding=&#8221;6&#8243; bottom_padding=&#8221;2&#8243; overlay_alpha=&#8221;50&#8243; gutter_size=&#8221;3&#8243; column_width_percent=&#8221;100&#8243; shift_y=&#8221;0&#8243; z_index=&#8221;0&#8243; content_parallax=&#8221;0&#8243; uncode_shortcode_id=&#8221;901157&#8243;][vc_column column_width_percent=&#8221;100&#8243; position_vertical=&#8221;bottom&#8221; gutter_size=&#8221;3&#8243; overlay_alpha=&#8221;50&#8243; shift_x=&#8221;0&#8243; shift_y=&#8221;0&#8243; [&hellip;]\" \/>\n<meta property=\"og:url\" content=\"https:\/\/www.steppenwolf-bicycles.com\/it\/informazioni-su-steppenwolf\/\" \/>\n<meta property=\"og:site_name\" content=\"Steppenwolf Bikes\" \/>\n<meta property=\"article:publisher\" content=\"https:\/\/www.facebook.com\/Steppenwolf.Stw\" \/>\n<meta property=\"article:modified_time\" content=\"2026-02-20T14:37:30+00:00\" \/>\n<meta name=\"twitter:card\" content=\"summary_large_image\" \/>\n<meta name=\"twitter:label1\" content=\"Tempo di lettura stimato\" \/>\n\t<meta name=\"twitter:data1\" content=\"3 minuti\" \/>\n<script type=\"application\/ld+json\" class=\"yoast-schema-graph\">{\"@context\":\"https:\\\/\\\/schema.org\",\"@graph\":[{\"@type\":\"WebPage\",\"@id\":\"https:\\\/\\\/www.steppenwolf-bicycles.com\\\/it\\\/informazioni-su-steppenwolf\\\/\",\"url\":\"https:\\\/\\\/www.steppenwolf-bicycles.com\\\/it\\\/informazioni-su-steppenwolf\\\/\",\"name\":\"Informazioni su Steppenwolf - Steppenwolf Bikes\",\"isPartOf\":{\"@id\":\"https:\\\/\\\/www.steppenwolf-bicycles.com\\\/it\\\/#website\"},\"datePublished\":\"2024-06-22T10:15:48+00:00\",\"dateModified\":\"2026-02-20T14:37:30+00:00\",\"breadcrumb\":{\"@id\":\"https:\\\/\\\/www.steppenwolf-bicycles.com\\\/it\\\/informazioni-su-steppenwolf\\\/#breadcrumb\"},\"inLanguage\":\"it-IT\",\"potentialAction\":[{\"@type\":\"ReadAction\",\"target\":[\"https:\\\/\\\/www.steppenwolf-bicycles.com\\\/it\\\/informazioni-su-steppenwolf\\\/\"]}]},{\"@type\":\"BreadcrumbList\",\"@id\":\"https:\\\/\\\/www.steppenwolf-bicycles.com\\\/it\\\/informazioni-su-steppenwolf\\\/#breadcrumb\",\"itemListElement\":[{\"@type\":\"ListItem\",\"position\":1,\"name\":\"Startseite\",\"item\":\"https:\\\/\\\/www.steppenwolf-bicycles.com\\\/it\\\/\"},{\"@type\":\"ListItem\",\"position\":2,\"name\":\"Informazioni su Steppenwolf\"}]},{\"@type\":\"WebSite\",\"@id\":\"https:\\\/\\\/www.steppenwolf-bicycles.com\\\/it\\\/#website\",\"url\":\"https:\\\/\\\/www.steppenwolf-bicycles.com\\\/it\\\/\",\"name\":\"Steppenwolf Bikes\",\"description\":\"Premium E-Bikes Made in Germany\",\"publisher\":{\"@id\":\"https:\\\/\\\/www.steppenwolf-bicycles.com\\\/it\\\/#organization\"},\"potentialAction\":[{\"@type\":\"SearchAction\",\"target\":{\"@type\":\"EntryPoint\",\"urlTemplate\":\"https:\\\/\\\/www.steppenwolf-bicycles.com\\\/it\\\/?s={search_term_string}\"},\"query-input\":{\"@type\":\"PropertyValueSpecification\",\"valueRequired\":true,\"valueName\":\"search_term_string\"}}],\"inLanguage\":\"it-IT\"},{\"@type\":\"Organization\",\"@id\":\"https:\\\/\\\/www.steppenwolf-bicycles.com\\\/it\\\/#organization\",\"name\":\"Steppenwolf Bikes\",\"url\":\"https:\\\/\\\/www.steppenwolf-bicycles.com\\\/it\\\/\",\"logo\":{\"@type\":\"ImageObject\",\"inLanguage\":\"it-IT\",\"@id\":\"https:\\\/\\\/www.steppenwolf-bicycles.com\\\/it\\\/#\\\/schema\\\/logo\\\/image\\\/\",\"url\":\"https:\\\/\\\/www.steppenwolf-bicycles.com\\\/wp-content\\\/uploads\\\/2024\\\/05\\\/Logo-nur-Berg-S-auf-w.png\",\"contentUrl\":\"https:\\\/\\\/www.steppenwolf-bicycles.com\\\/wp-content\\\/uploads\\\/2024\\\/05\\\/Logo-nur-Berg-S-auf-w.png\",\"width\":1000,\"height\":1000,\"caption\":\"Steppenwolf Bikes\"},\"image\":{\"@id\":\"https:\\\/\\\/www.steppenwolf-bicycles.com\\\/it\\\/#\\\/schema\\\/logo\\\/image\\\/\"},\"sameAs\":[\"https:\\\/\\\/www.facebook.com\\\/Steppenwolf.Stw\",\"https:\\\/\\\/www.instagram.com\\\/steppenwolfbikes\\\/\"]}]}<\/script>\n<!-- \/ Yoast SEO plugin. -->","yoast_head_json":{"title":"Informazioni su Steppenwolf - Steppenwolf Bikes","robots":{"index":"index","follow":"follow","max-snippet":"max-snippet:-1","max-image-preview":"max-image-preview:large","max-video-preview":"max-video-preview:-1"},"canonical":"https:\/\/www.steppenwolf-bicycles.com\/it\/informazioni-su-steppenwolf\/","og_locale":"it_IT","og_type":"article","og_title":"Informazioni su Steppenwolf - Steppenwolf Bikes","og_description":"[vc_row unlock_row=&#8221;&#8221; row_height_percent=&#8221;0&#8243; override_padding=&#8221;yes&#8221; h_padding=&#8221;2&#8243; top_padding=&#8221;6&#8243; bottom_padding=&#8221;2&#8243; overlay_alpha=&#8221;50&#8243; gutter_size=&#8221;3&#8243; column_width_percent=&#8221;100&#8243; shift_y=&#8221;0&#8243; z_index=&#8221;0&#8243; content_parallax=&#8221;0&#8243; uncode_shortcode_id=&#8221;901157&#8243;][vc_column column_width_percent=&#8221;100&#8243; position_vertical=&#8221;bottom&#8221; gutter_size=&#8221;3&#8243; overlay_alpha=&#8221;50&#8243; shift_x=&#8221;0&#8243; shift_y=&#8221;0&#8243; [&hellip;]","og_url":"https:\/\/www.steppenwolf-bicycles.com\/it\/informazioni-su-steppenwolf\/","og_site_name":"Steppenwolf Bikes","article_publisher":"https:\/\/www.facebook.com\/Steppenwolf.Stw","article_modified_time":"2026-02-20T14:37:30+00:00","twitter_card":"summary_large_image","twitter_misc":{"Tempo di lettura stimato":"3 minuti"},"schema":{"@context":"https:\/\/schema.org","@graph":[{"@type":"WebPage","@id":"https:\/\/www.steppenwolf-bicycles.com\/it\/informazioni-su-steppenwolf\/","url":"https:\/\/www.steppenwolf-bicycles.com\/it\/informazioni-su-steppenwolf\/","name":"Informazioni su Steppenwolf - Steppenwolf Bikes","isPartOf":{"@id":"https:\/\/www.steppenwolf-bicycles.com\/it\/#website"},"datePublished":"2024-06-22T10:15:48+00:00","dateModified":"2026-02-20T14:37:30+00:00","breadcrumb":{"@id":"https:\/\/www.steppenwolf-bicycles.com\/it\/informazioni-su-steppenwolf\/#breadcrumb"},"inLanguage":"it-IT","potentialAction":[{"@type":"ReadAction","target":["https:\/\/www.steppenwolf-bicycles.com\/it\/informazioni-su-steppenwolf\/"]}]},{"@type":"BreadcrumbList","@id":"https:\/\/www.steppenwolf-bicycles.com\/it\/informazioni-su-steppenwolf\/#breadcrumb","itemListElement":[{"@type":"ListItem","position":1,"name":"Startseite","item":"https:\/\/www.steppenwolf-bicycles.com\/it\/"},{"@type":"ListItem","position":2,"name":"Informazioni su Steppenwolf"}]},{"@type":"WebSite","@id":"https:\/\/www.steppenwolf-bicycles.com\/it\/#website","url":"https:\/\/www.steppenwolf-bicycles.com\/it\/","name":"Steppenwolf Bikes","description":"Premium E-Bikes Made in Germany","publisher":{"@id":"https:\/\/www.steppenwolf-bicycles.com\/it\/#organization"},"potentialAction":[{"@type":"SearchAction","target":{"@type":"EntryPoint","urlTemplate":"https:\/\/www.steppenwolf-bicycles.com\/it\/?s={search_term_string}"},"query-input":{"@type":"PropertyValueSpecification","valueRequired":true,"valueName":"search_term_string"}}],"inLanguage":"it-IT"},{"@type":"Organization","@id":"https:\/\/www.steppenwolf-bicycles.com\/it\/#organization","name":"Steppenwolf Bikes","url":"https:\/\/www.steppenwolf-bicycles.com\/it\/","logo":{"@type":"ImageObject","inLanguage":"it-IT","@id":"https:\/\/www.steppenwolf-bicycles.com\/it\/#\/schema\/logo\/image\/","url":"https:\/\/www.steppenwolf-bicycles.com\/wp-content\/uploads\/2024\/05\/Logo-nur-Berg-S-auf-w.png","contentUrl":"https:\/\/www.steppenwolf-bicycles.com\/wp-content\/uploads\/2024\/05\/Logo-nur-Berg-S-auf-w.png","width":1000,"height":1000,"caption":"Steppenwolf Bikes"},"image":{"@id":"https:\/\/www.steppenwolf-bicycles.com\/it\/#\/schema\/logo\/image\/"},"sameAs":["https:\/\/www.facebook.com\/Steppenwolf.Stw","https:\/\/www.instagram.com\/steppenwolfbikes\/"]}]}},"_links":{"self":[{"href":"https:\/\/www.steppenwolf-bicycles.com\/it\/wp-json\/wp\/v2\/pages\/3259","targetHints":{"allow":["GET"]}}],"collection":[{"href":"https:\/\/www.steppenwolf-bicycles.com\/it\/wp-json\/wp\/v2\/pages"}],"about":[{"href":"https:\/\/www.steppenwolf-bicycles.com\/it\/wp-json\/wp\/v2\/types\/page"}],"author":[{"embeddable":true,"href":"https:\/\/www.steppenwolf-bicycles.com\/it\/wp-json\/wp\/v2\/users\/1"}],"replies":[{"embeddable":true,"href":"https:\/\/www.steppenwolf-bicycles.com\/it\/wp-json\/wp\/v2\/comments?post=3259"}],"version-history":[{"count":16,"href":"https:\/\/www.steppenwolf-bicycles.com\/it\/wp-json\/wp\/v2\/pages\/3259\/revisions"}],"predecessor-version":[{"id":8476,"href":"https:\/\/www.steppenwolf-bicycles.com\/it\/wp-json\/wp\/v2\/pages\/3259\/revisions\/8476"}],"wp:attachment":[{"href":"https:\/\/www.steppenwolf-bicycles.com\/it\/wp-json\/wp\/v2\/media?parent=3259"}],"curies":[{"name":"wp","href":"https:\/\/api.w.org\/{rel}","templated":true}]}}