{"id":3510,"date":"2024-06-22T12:43:50","date_gmt":"2024-06-22T10:43:50","guid":{"rendered":"https:\/\/staging.steppenwolf-bicycles.com\/portale-rivenditori\/"},"modified":"2026-01-20T05:00:11","modified_gmt":"2026-01-20T04:00:11","slug":"portale-rivenditori","status":"publish","type":"page","link":"https:\/\/www.steppenwolf-bicycles.com\/it\/portale-rivenditori\/","title":{"rendered":"Portale rivenditori"},"content":{"rendered":"<div class=\"wpb-content-wrapper\"><p>[vc_row row_height_percent=&#8221;0&#8243; override_padding=&#8221;yes&#8221; h_padding=&#8221;2&#8243; top_padding=&#8221;5&#8243; bottom_padding=&#8221;3&#8243; overlay_alpha=&#8221;50&#8243; equal_height=&#8221;yes&#8221; gutter_size=&#8221;5&#8243; column_width_percent=&#8221;100&#8243; shift_y=&#8221;0&#8243; z_index=&#8221;0&#8243; uncode_shortcode_id=&#8221;169460&#8243;][vc_column column_width_percent=&#8221;100&#8243; gutter_size=&#8221;3&#8243; overlay_alpha=&#8221;50&#8243; shift_x=&#8221;0&#8243; shift_y=&#8221;0&#8243; shift_y_down=&#8221;0&#8243; z_index=&#8221;0&#8243; medium_width=&#8221;0&#8243; mobile_width=&#8221;0&#8243; width=&#8221;1\/2&#8243; uncode_shortcode_id=&#8221;213683&#8243;][vc_single_image media=&#8221;3513&#8243; media_width_percent=&#8221;100&#8243; shadow=&#8221;yes&#8221; shadow_weight=&#8221;std&#8221; uncode_shortcode_id=&#8221;338681&#8243; media_link=&#8221;url:http%3A%2F%2F202.66.117.33%3A8080%2Fuser%2Flogin.html&#8221;][\/vc_column][vc_column width=&#8221;1\/2&#8243;][vc_custom_heading uncode_shortcode_id=&#8221;200261&#8243;]Vai al portale rivenditori Zweirad Union[\/vc_custom_heading][vc_custom_heading text_font=&#8221;font-151610&#8243; text_size=&#8221;h5&#8243; text_weight=&#8221;400&#8243; uncode_shortcode_id=&#8221;101206&#8243;]<\/p>\n<ul>\n<li><span class=\"font-116337\">Ordina biciclette<\/span><\/li>\n<li><span class=\"font-116337\">Ordina pezzi di ricambio<\/span><\/li>\n<li><span class=\"font-116337\">Gestisci i tuoi ordini\/commissioni<\/span><\/li>\n<li><span class=\"font-116337\">Monitora le tue consegne\/stato delle consegne<\/span><\/li>\n<li><span class=\"font-116337\">Gestisci le tue richieste di assistenza<\/span><\/li>\n<li><span class=\"font-116337\">Visualizza e scarica le istruzioni di montaggio e gli schemi esplosi<br \/><\/span><\/li>\n<\/ul>\n<p>&nbsp;<\/p>\n<p>Le singole funzioni verranno implementate gradualmente e saranno completamente disponibili entro il 2025.[\/vc_custom_heading][vc_button button_color=&#8221;accent&#8221; custom_typo=&#8221;yes&#8221; font_family=&#8221;font-151610&#8243; font_weight=&#8221;500&#8243; text_transform=&#8221;uppercase&#8221; border_width=&#8221;0&#8243; uncode_shortcode_id=&#8221;134456&#8243; link=&#8221;url:https%3A%2F%2Fzweirad-union.kwmportal.com%2Fuser%2Flogin.html|target:_blank|&#8221; button_color_type=&#8221;uncode-palette&#8221; icon=&#8221;fa fa-enter&#8221; width=&#8221;200&#8243;]Login[\/vc_button][\/vc_column][\/vc_row][vc_row row_height_percent=&#8221;0&#8243; override_padding=&#8221;yes&#8221; h_padding=&#8221;2&#8243; top_padding=&#8221;5&#8243; bottom_padding=&#8221;2&#8243; overlay_alpha=&#8221;50&#8243; gutter_size=&#8221;5&#8243; column_width_percent=&#8221;100&#8243; shift_y=&#8221;0&#8243; z_index=&#8221;0&#8243; uncode_shortcode_id=&#8221;432263&#8243;][vc_column column_width_percent=&#8221;100&#8243; gutter_size=&#8221;2&#8243; overlay_alpha=&#8221;50&#8243; shift_x=&#8221;0&#8243; shift_y=&#8221;0&#8243; shift_y_down=&#8221;0&#8243; z_index=&#8221;0&#8243; medium_width=&#8221;0&#8243; mobile_width=&#8221;0&#8243; width=&#8221;1\/2&#8243; uncode_shortcode_id=&#8221;116982&#8243;][vc_custom_heading text_size=&#8221;h6&#8243; uncode_shortcode_id=&#8221;976711&#8243;]Uno sguardo al nostro stabilimento di Sangerhausen[\/vc_custom_heading][vc_single_image media=&#8221;3514&#8243; media_width_percent=&#8221;100&#8243; shadow=&#8221;yes&#8221; shadow_weight=&#8221;std&#8221; uncode_shortcode_id=&#8221;212033&#8243;][\/vc_column][vc_column column_width_percent=&#8221;100&#8243; gutter_size=&#8221;3&#8243; overlay_alpha=&#8221;50&#8243; shift_x=&#8221;0&#8243; shift_y=&#8221;0&#8243; shift_y_down=&#8221;0&#8243; z_index=&#8221;0&#8243; medium_width=&#8221;0&#8243; mobile_width=&#8221;0&#8243; width=&#8221;1\/2&#8243; uncode_shortcode_id=&#8221;500130&#8243;][vc_custom_heading uncode_shortcode_id=&#8221;616583&#8243;]Affidabilit\u00e0 al 100%[\/vc_custom_heading][vc_custom_heading heading_semantic=&#8221;h6&#8243; text_font=&#8221;font-151610&#8243; text_size=&#8221;h5&#8243; text_weight=&#8221;500&#8243; uncode_shortcode_id=&#8221;227809&#8243;]Pianificabilit\u00e0, affidabilit\u00e0 e qualit\u00e0 sono le basi per il successo comune. Grazie alla nostra riorganizzazione nel 2024, Steppenwolf \/ ZU ora riunisce le migliori risorse: <\/p>\n<ul>\n<li>Capannoni di produzione ultramoderni nel cuore della Germania<\/li>\n<li>Un nuovo team di gestione di successo guidato da Michael Hecken (ex Grace, HNF)<\/li>\n<li>Geely\/Keeway come societ\u00e0 madre, con infrastrutture automobilistiche e un&#8217;elevata propensione agli investimenti<\/li>\n<\/ul>\n<p>[\/vc_custom_heading][vc_custom_heading text_size=&#8221;h6&#8243; medium_visibility=&#8221;yes&#8221; mobile_visibility=&#8221;yes&#8221; uncode_shortcode_id=&#8221;324487&#8243;]Non sei ancora un rivenditore specializzato Steppenwolf? Candidati qui:[\/vc_custom_heading][vc_button button_color=&#8221;accent&#8221; custom_typo=&#8221;yes&#8221; font_family=&#8221;font-151610&#8243; font_weight=&#8221;500&#8243; text_transform=&#8221;uppercase&#8221; border_width=&#8221;0&#8243; uncode_shortcode_id=&#8221;537546&#8243; link=&#8221;url:https%3A%2F%2Fwww.steppenwolf-bicycles.com%2Fit%2Frivenditori%2F|title:Rivenditori|target:_blank|&#8221; button_color_type=&#8221;uncode-palette&#8221; width=&#8221;200&#8243;]Pagina rivenditori[\/vc_button][\/vc_column][\/vc_row][vc_row][vc_column width=&#8221;1\/1&#8243;][\/vc_column][\/vc_row]<\/p>\n<\/div>","protected":false},"excerpt":{"rendered":"<p>[vc_row row_height_percent=&#8221;0&#8243; override_padding=&#8221;yes&#8221; h_padding=&#8221;2&#8243; top_padding=&#8221;5&#8243; bottom_padding=&#8221;3&#8243; overlay_alpha=&#8221;50&#8243; equal_height=&#8221;yes&#8221; gutter_size=&#8221;5&#8243; column_width_percent=&#8221;100&#8243; shift_y=&#8221;0&#8243; z_index=&#8221;0&#8243; uncode_shortcode_id=&#8221;169460&#8243;][vc_column column_width_percent=&#8221;100&#8243; gutter_size=&#8221;3&#8243; overlay_alpha=&#8221;50&#8243; shift_x=&#8221;0&#8243; shift_y=&#8221;0&#8243; shift_y_down=&#8221;0&#8243; z_index=&#8221;0&#8243; [&hellip;]<\/p>\n","protected":false},"author":1,"featured_media":0,"parent":0,"menu_order":0,"comment_status":"closed","ping_status":"closed","template":"","meta":{"footnotes":""},"class_list":["post-3510","page","type-page","status-publish","hentry"],"yoast_head":"<!-- This site is optimized with the Yoast SEO plugin v27.5 - https:\/\/yoast.com\/product\/yoast-seo-wordpress\/ -->\n<title>Portale rivenditori - Steppenwolf Bikes<\/title>\n<meta name=\"robots\" content=\"index, follow, max-snippet:-1, max-image-preview:large, max-video-preview:-1\" \/>\n<link rel=\"canonical\" href=\"https:\/\/www.steppenwolf-bicycles.com\/it\/portale-rivenditori\/\" \/>\n<meta property=\"og:locale\" content=\"it_IT\" \/>\n<meta property=\"og:type\" content=\"article\" \/>\n<meta property=\"og:title\" content=\"Portale rivenditori - Steppenwolf Bikes\" \/>\n<meta property=\"og:description\" content=\"[vc_row row_height_percent=&#8221;0&#8243; override_padding=&#8221;yes&#8221; h_padding=&#8221;2&#8243; top_padding=&#8221;5&#8243; bottom_padding=&#8221;3&#8243; overlay_alpha=&#8221;50&#8243; equal_height=&#8221;yes&#8221; gutter_size=&#8221;5&#8243; column_width_percent=&#8221;100&#8243; shift_y=&#8221;0&#8243; z_index=&#8221;0&#8243; uncode_shortcode_id=&#8221;169460&#8243;][vc_column column_width_percent=&#8221;100&#8243; gutter_size=&#8221;3&#8243; overlay_alpha=&#8221;50&#8243; shift_x=&#8221;0&#8243; shift_y=&#8221;0&#8243; shift_y_down=&#8221;0&#8243; z_index=&#8221;0&#8243; [&hellip;]\" \/>\n<meta property=\"og:url\" content=\"https:\/\/www.steppenwolf-bicycles.com\/it\/portale-rivenditori\/\" \/>\n<meta property=\"og:site_name\" content=\"Steppenwolf Bikes\" \/>\n<meta property=\"article:publisher\" content=\"https:\/\/www.facebook.com\/Steppenwolf.Stw\" \/>\n<meta property=\"article:modified_time\" content=\"2026-01-20T04:00:11+00:00\" \/>\n<meta name=\"twitter:card\" content=\"summary_large_image\" \/>\n<meta name=\"twitter:label1\" content=\"Tempo di lettura stimato\" \/>\n\t<meta name=\"twitter:data1\" content=\"3 minuti\" \/>\n<script type=\"application\/ld+json\" class=\"yoast-schema-graph\">{\"@context\":\"https:\\\/\\\/schema.org\",\"@graph\":[{\"@type\":\"WebPage\",\"@id\":\"https:\\\/\\\/www.steppenwolf-bicycles.com\\\/it\\\/portale-rivenditori\\\/\",\"url\":\"https:\\\/\\\/www.steppenwolf-bicycles.com\\\/it\\\/portale-rivenditori\\\/\",\"name\":\"Portale rivenditori - Steppenwolf Bikes\",\"isPartOf\":{\"@id\":\"https:\\\/\\\/www.steppenwolf-bicycles.com\\\/it\\\/#website\"},\"datePublished\":\"2024-06-22T10:43:50+00:00\",\"dateModified\":\"2026-01-20T04:00:11+00:00\",\"breadcrumb\":{\"@id\":\"https:\\\/\\\/www.steppenwolf-bicycles.com\\\/it\\\/portale-rivenditori\\\/#breadcrumb\"},\"inLanguage\":\"it-IT\",\"potentialAction\":[{\"@type\":\"ReadAction\",\"target\":[\"https:\\\/\\\/www.steppenwolf-bicycles.com\\\/it\\\/portale-rivenditori\\\/\"]}]},{\"@type\":\"BreadcrumbList\",\"@id\":\"https:\\\/\\\/www.steppenwolf-bicycles.com\\\/it\\\/portale-rivenditori\\\/#breadcrumb\",\"itemListElement\":[{\"@type\":\"ListItem\",\"position\":1,\"name\":\"Startseite\",\"item\":\"https:\\\/\\\/www.steppenwolf-bicycles.com\\\/it\\\/\"},{\"@type\":\"ListItem\",\"position\":2,\"name\":\"Portale rivenditori\"}]},{\"@type\":\"WebSite\",\"@id\":\"https:\\\/\\\/www.steppenwolf-bicycles.com\\\/it\\\/#website\",\"url\":\"https:\\\/\\\/www.steppenwolf-bicycles.com\\\/it\\\/\",\"name\":\"Steppenwolf Bikes\",\"description\":\"Premium E-Bikes Made in Germany\",\"publisher\":{\"@id\":\"https:\\\/\\\/www.steppenwolf-bicycles.com\\\/it\\\/#organization\"},\"potentialAction\":[{\"@type\":\"SearchAction\",\"target\":{\"@type\":\"EntryPoint\",\"urlTemplate\":\"https:\\\/\\\/www.steppenwolf-bicycles.com\\\/it\\\/?s={search_term_string}\"},\"query-input\":{\"@type\":\"PropertyValueSpecification\",\"valueRequired\":true,\"valueName\":\"search_term_string\"}}],\"inLanguage\":\"it-IT\"},{\"@type\":\"Organization\",\"@id\":\"https:\\\/\\\/www.steppenwolf-bicycles.com\\\/it\\\/#organization\",\"name\":\"Steppenwolf Bikes\",\"url\":\"https:\\\/\\\/www.steppenwolf-bicycles.com\\\/it\\\/\",\"logo\":{\"@type\":\"ImageObject\",\"inLanguage\":\"it-IT\",\"@id\":\"https:\\\/\\\/www.steppenwolf-bicycles.com\\\/it\\\/#\\\/schema\\\/logo\\\/image\\\/\",\"url\":\"https:\\\/\\\/www.steppenwolf-bicycles.com\\\/wp-content\\\/uploads\\\/2024\\\/05\\\/Logo-nur-Berg-S-auf-w.png\",\"contentUrl\":\"https:\\\/\\\/www.steppenwolf-bicycles.com\\\/wp-content\\\/uploads\\\/2024\\\/05\\\/Logo-nur-Berg-S-auf-w.png\",\"width\":1000,\"height\":1000,\"caption\":\"Steppenwolf Bikes\"},\"image\":{\"@id\":\"https:\\\/\\\/www.steppenwolf-bicycles.com\\\/it\\\/#\\\/schema\\\/logo\\\/image\\\/\"},\"sameAs\":[\"https:\\\/\\\/www.facebook.com\\\/Steppenwolf.Stw\",\"https:\\\/\\\/www.instagram.com\\\/steppenwolfbikes\\\/\"]}]}<\/script>\n<!-- \/ Yoast SEO plugin. -->","yoast_head_json":{"title":"Portale rivenditori - Steppenwolf Bikes","robots":{"index":"index","follow":"follow","max-snippet":"max-snippet:-1","max-image-preview":"max-image-preview:large","max-video-preview":"max-video-preview:-1"},"canonical":"https:\/\/www.steppenwolf-bicycles.com\/it\/portale-rivenditori\/","og_locale":"it_IT","og_type":"article","og_title":"Portale rivenditori - Steppenwolf Bikes","og_description":"[vc_row row_height_percent=&#8221;0&#8243; override_padding=&#8221;yes&#8221; h_padding=&#8221;2&#8243; top_padding=&#8221;5&#8243; bottom_padding=&#8221;3&#8243; overlay_alpha=&#8221;50&#8243; equal_height=&#8221;yes&#8221; gutter_size=&#8221;5&#8243; column_width_percent=&#8221;100&#8243; shift_y=&#8221;0&#8243; z_index=&#8221;0&#8243; uncode_shortcode_id=&#8221;169460&#8243;][vc_column column_width_percent=&#8221;100&#8243; gutter_size=&#8221;3&#8243; overlay_alpha=&#8221;50&#8243; shift_x=&#8221;0&#8243; shift_y=&#8221;0&#8243; shift_y_down=&#8221;0&#8243; z_index=&#8221;0&#8243; [&hellip;]","og_url":"https:\/\/www.steppenwolf-bicycles.com\/it\/portale-rivenditori\/","og_site_name":"Steppenwolf Bikes","article_publisher":"https:\/\/www.facebook.com\/Steppenwolf.Stw","article_modified_time":"2026-01-20T04:00:11+00:00","twitter_card":"summary_large_image","twitter_misc":{"Tempo di lettura stimato":"3 minuti"},"schema":{"@context":"https:\/\/schema.org","@graph":[{"@type":"WebPage","@id":"https:\/\/www.steppenwolf-bicycles.com\/it\/portale-rivenditori\/","url":"https:\/\/www.steppenwolf-bicycles.com\/it\/portale-rivenditori\/","name":"Portale rivenditori - Steppenwolf Bikes","isPartOf":{"@id":"https:\/\/www.steppenwolf-bicycles.com\/it\/#website"},"datePublished":"2024-06-22T10:43:50+00:00","dateModified":"2026-01-20T04:00:11+00:00","breadcrumb":{"@id":"https:\/\/www.steppenwolf-bicycles.com\/it\/portale-rivenditori\/#breadcrumb"},"inLanguage":"it-IT","potentialAction":[{"@type":"ReadAction","target":["https:\/\/www.steppenwolf-bicycles.com\/it\/portale-rivenditori\/"]}]},{"@type":"BreadcrumbList","@id":"https:\/\/www.steppenwolf-bicycles.com\/it\/portale-rivenditori\/#breadcrumb","itemListElement":[{"@type":"ListItem","position":1,"name":"Startseite","item":"https:\/\/www.steppenwolf-bicycles.com\/it\/"},{"@type":"ListItem","position":2,"name":"Portale rivenditori"}]},{"@type":"WebSite","@id":"https:\/\/www.steppenwolf-bicycles.com\/it\/#website","url":"https:\/\/www.steppenwolf-bicycles.com\/it\/","name":"Steppenwolf Bikes","description":"Premium E-Bikes Made in Germany","publisher":{"@id":"https:\/\/www.steppenwolf-bicycles.com\/it\/#organization"},"potentialAction":[{"@type":"SearchAction","target":{"@type":"EntryPoint","urlTemplate":"https:\/\/www.steppenwolf-bicycles.com\/it\/?s={search_term_string}"},"query-input":{"@type":"PropertyValueSpecification","valueRequired":true,"valueName":"search_term_string"}}],"inLanguage":"it-IT"},{"@type":"Organization","@id":"https:\/\/www.steppenwolf-bicycles.com\/it\/#organization","name":"Steppenwolf Bikes","url":"https:\/\/www.steppenwolf-bicycles.com\/it\/","logo":{"@type":"ImageObject","inLanguage":"it-IT","@id":"https:\/\/www.steppenwolf-bicycles.com\/it\/#\/schema\/logo\/image\/","url":"https:\/\/www.steppenwolf-bicycles.com\/wp-content\/uploads\/2024\/05\/Logo-nur-Berg-S-auf-w.png","contentUrl":"https:\/\/www.steppenwolf-bicycles.com\/wp-content\/uploads\/2024\/05\/Logo-nur-Berg-S-auf-w.png","width":1000,"height":1000,"caption":"Steppenwolf Bikes"},"image":{"@id":"https:\/\/www.steppenwolf-bicycles.com\/it\/#\/schema\/logo\/image\/"},"sameAs":["https:\/\/www.facebook.com\/Steppenwolf.Stw","https:\/\/www.instagram.com\/steppenwolfbikes\/"]}]}},"_links":{"self":[{"href":"https:\/\/www.steppenwolf-bicycles.com\/it\/wp-json\/wp\/v2\/pages\/3510","targetHints":{"allow":["GET"]}}],"collection":[{"href":"https:\/\/www.steppenwolf-bicycles.com\/it\/wp-json\/wp\/v2\/pages"}],"about":[{"href":"https:\/\/www.steppenwolf-bicycles.com\/it\/wp-json\/wp\/v2\/types\/page"}],"author":[{"embeddable":true,"href":"https:\/\/www.steppenwolf-bicycles.com\/it\/wp-json\/wp\/v2\/users\/1"}],"replies":[{"embeddable":true,"href":"https:\/\/www.steppenwolf-bicycles.com\/it\/wp-json\/wp\/v2\/comments?post=3510"}],"version-history":[{"count":7,"href":"https:\/\/www.steppenwolf-bicycles.com\/it\/wp-json\/wp\/v2\/pages\/3510\/revisions"}],"predecessor-version":[{"id":3546,"href":"https:\/\/www.steppenwolf-bicycles.com\/it\/wp-json\/wp\/v2\/pages\/3510\/revisions\/3546"}],"wp:attachment":[{"href":"https:\/\/www.steppenwolf-bicycles.com\/it\/wp-json\/wp\/v2\/media?parent=3510"}],"curies":[{"name":"wp","href":"https:\/\/api.w.org\/{rel}","templated":true}]}}