{"id":3338,"date":"2024-06-22T12:14:47","date_gmt":"2024-06-22T10:14:47","guid":{"rendered":"https:\/\/staging.steppenwolf-bicycles.com\/garantia\/"},"modified":"2026-01-20T04:58:39","modified_gmt":"2026-01-20T03:58:39","slug":"garantia","status":"publish","type":"page","link":"https:\/\/www.steppenwolf-bicycles.com\/pt-pt\/garantia\/","title":{"rendered":"Garantia"},"content":{"rendered":"<div class=\"wpb-content-wrapper\"><p>[vc_row unlock_row=&#8221;&#8221; row_height_percent=&#8221;0&#8243; override_padding=&#8221;yes&#8221; h_padding=&#8221;2&#8243; top_padding=&#8221;4&#8243; bottom_padding=&#8221;4&#8243; overlay_color=&#8221;color-xsdn&#8221; overlay_alpha=&#8221;96&#8243; gutter_size=&#8221;3&#8243; column_width_percent=&#8221;100&#8243; shift_y=&#8221;0&#8243; z_index=&#8221;0&#8243; uncode_shortcode_id=&#8221;322877&#8243; overlay_color_type=&#8221;uncode-palette&#8221;][vc_column width=&#8221;1\/4&#8243;][vc_gallery el_id=&#8221;gallery-185515&#8243; medias=&#8221;3341&#8243; gutter_size=&#8221;3&#8243; screen_lg=&#8221;1000&#8243; screen_md=&#8221;600&#8243; screen_sm=&#8221;480&#8243; images_size=&#8221;nine-sixteen&#8221; single_overlay_opacity=&#8221;50&#8243; single_padding=&#8221;2&#8243; uncode_shortcode_id=&#8221;591956&#8243;][\/vc_column][vc_column column_width_percent=&#8221;100&#8243; gutter_size=&#8221;3&#8243; override_padding=&#8221;yes&#8221; column_padding=&#8221;2&#8243; overlay_color=&#8221;color-921807&#8243; overlay_alpha=&#8221;0&#8243; shift_x=&#8221;0&#8243; shift_y=&#8221;0&#8243; shift_y_down=&#8221;0&#8243; z_index=&#8221;0&#8243; medium_width=&#8221;0&#8243; mobile_width=&#8221;0&#8243; toggle=&#8221;yes&#8221; max_height=&#8221;369&#8243; closed_txt=&#8221;weiter lesen&#8221; open_txt=&#8221;einklappen&#8221; fade=&#8221;sm&#8221; btn_align=&#8221;left&#8221; toggle_scroll=&#8221;yes&#8221; toggle_navbar=&#8221;yes&#8221; toggle_navbar_mobile=&#8221;yes&#8221; trigger_resize=&#8221;yes&#8221; width=&#8221;3\/4&#8243; uncode_shortcode_id=&#8221;572969&#8243; overlay_color_type=&#8221;uncode-palette&#8221;][vc_row_inner limit_content=&#8221;&#8221;][vc_column_inner column_width_percent=&#8221;100&#8243; gutter_size=&#8221;3&#8243; overlay_alpha=&#8221;50&#8243; shift_x=&#8221;0&#8243; shift_y=&#8221;0&#8243; shift_y_down=&#8221;0&#8243; z_index=&#8221;0&#8243; medium_width=&#8221;0&#8243; mobile_width=&#8221;0&#8243; width=&#8221;1\/1&#8243; uncode_shortcode_id=&#8221;870686&#8243;][vc_custom_heading heading_semantic=&#8221;h3&#8243; text_size=&#8221;h1&#8243; uncode_shortcode_id=&#8221;160697&#8243;]<span class=\"font-555555\">Garantia<\/span>[\/vc_custom_heading][\/vc_column_inner][\/vc_row_inner][vc_column_text uncode_shortcode_id=&#8221;125409&#8243;]<span class=\"font-151610\">N\u00f3s, a Zweirad Union e-Mobility GmbH &amp; Produktion Co. KG, oferecemos-lhe, enquanto comprador de uma nova bicicleta el\u00e9trica da marca STEPPENWOLF, uma<\/span><\/p>\n<h5><span class=\"font-151610\">GARANTIA DO FABRICANTE DE DOIS ANOS<\/span><\/h5>\n<p><span class=\"font-151610\">sobre a aus\u00eancia de defeitos no quadro e no bra\u00e7o oscilante traseiro. Esta garantia abrange, em particular, a funcionalidade, bem como a aus\u00eancia de defeitos de material ou de produ\u00e7\u00e3o e ruturas do quadro. O per\u00edodo de garantia come\u00e7a com a entrega da bicicleta el\u00e9trica.  <\/span><\/p>\n<p><span class=\"ffont-151610\">Esta garantia n\u00e3o restringe os seus direitos legais. Pelo contr\u00e1rio, esta garantia alarga a responsabilidade legal por defeitos a seu favor. <\/span><\/p>\n<p><span class=\"font-151610\">A garantia \u00e9 v\u00e1lida se for o primeiro propriet\u00e1rio da bicicleta el\u00e9trica. Em caso de garantia, o comprovativo de compra e o quadro ou a bicicleta el\u00e9trica completa devem ser enviados para a nossa f\u00e1brica. Por conseguinte, guarde o comprovativo de compra com cuidado. Para usufruir da garantia, contacte o revendedor onde adquiriu a bicicleta. Este tratar\u00e1 da garantia em nosso nome. Se pretender contactar-nos diretamente, utilize o seguinte endere\u00e7o: Zweirad Union e-Mobility GmbH &amp; Produktion Co. KG, Kyselh\u00e4user Str. 23, 06526 Sangerhausen. A garantia n\u00e3o cobre danos causados por desgaste, queda, sobrecarga, manuseamento inadequado, modifica\u00e7\u00e3o da bicicleta el\u00e9trica, montagem e convers\u00e3o de componentes adicionais, afina\u00e7\u00e3o, utiliza\u00e7\u00e3o em competi\u00e7\u00e3o, saltos e sobrecargas at\u00edpicas. A garantia s\u00f3 \u00e9 v\u00e1lida para utiliza\u00e7\u00e3o privada da bicicleta el\u00e9trica e apenas dentro da Uni\u00e3o Europeia. A presta\u00e7\u00e3o da garantia abrange a substitui\u00e7\u00e3o da pe\u00e7a defeituosa; os custos de convers\u00e3o e de envio n\u00e3o fazem parte da garantia. Est\u00e3o exclu\u00eddos da garantia outros direitos, como, por exemplo, indemniza\u00e7\u00f5es ou perda de utiliza\u00e7\u00e3o. Caso existam, no entanto, tais direitos por outros motivos (por exemplo, durante a responsabilidade legal por defeitos), estes permanecem inalterados. Em caso de substitui\u00e7\u00e3o ao abrigo da garantia, a Zweirad Union e-Mobility GmbH &amp; Produktion Co. KG reserva-se o direito de fornecer ou instalar produtos funcionalmente equivalentes ou de qualidade superior. Uma eventual presta\u00e7\u00e3o de garantia n\u00e3o prolonga o per\u00edodo de garantia original.            <\/span>[\/vc_column_text][vc_column_text uncode_shortcode_id=&#8221;415750&#8243;]Sangerhausen, 1 de julho de 2024<\/p>\n<p>Zweirad Union e-Mobility GmbH &amp; Produktion Co. KG<br \/>Kyselh\u00e4user Str. 23<br \/>06526 Sangerhausen[\/vc_column_text][\/vc_column][\/vc_row]<\/p>\n<\/div>","protected":false},"excerpt":{"rendered":"<p>[vc_row unlock_row=&#8221;&#8221; row_height_percent=&#8221;0&#8243; override_padding=&#8221;yes&#8221; h_padding=&#8221;2&#8243; top_padding=&#8221;4&#8243; bottom_padding=&#8221;4&#8243; overlay_color=&#8221;color-xsdn&#8221; overlay_alpha=&#8221;96&#8243; gutter_size=&#8221;3&#8243; column_width_percent=&#8221;100&#8243; shift_y=&#8221;0&#8243; z_index=&#8221;0&#8243; uncode_shortcode_id=&#8221;322877&#8243; overlay_color_type=&#8221;uncode-palette&#8221;][vc_column width=&#8221;1\/4&#8243;][vc_gallery el_id=&#8221;gallery-185515&#8243; medias=&#8221;3341&#8243; gutter_size=&#8221;3&#8243; screen_lg=&#8221;1000&#8243; [&hellip;]<\/p>\n","protected":false},"author":1,"featured_media":0,"parent":0,"menu_order":0,"comment_status":"closed","ping_status":"closed","template":"","meta":{"footnotes":""},"class_list":["post-3338","page","type-page","status-publish","hentry"],"yoast_head":"<!-- This site is optimized with the Yoast SEO plugin v27.5 - https:\/\/yoast.com\/product\/yoast-seo-wordpress\/ -->\n<title>Garantia - Steppenwolf Bikes<\/title>\n<meta name=\"robots\" content=\"index, follow, max-snippet:-1, max-image-preview:large, max-video-preview:-1\" \/>\n<link rel=\"canonical\" href=\"https:\/\/www.steppenwolf-bicycles.com\/pt-pt\/garantia\/\" \/>\n<meta property=\"og:locale\" content=\"pt_PT\" \/>\n<meta property=\"og:type\" content=\"article\" \/>\n<meta property=\"og:title\" content=\"Garantia - Steppenwolf Bikes\" \/>\n<meta property=\"og:description\" content=\"[vc_row unlock_row=&#8221;&#8221; row_height_percent=&#8221;0&#8243; override_padding=&#8221;yes&#8221; h_padding=&#8221;2&#8243; top_padding=&#8221;4&#8243; bottom_padding=&#8221;4&#8243; overlay_color=&#8221;color-xsdn&#8221; overlay_alpha=&#8221;96&#8243; gutter_size=&#8221;3&#8243; column_width_percent=&#8221;100&#8243; shift_y=&#8221;0&#8243; z_index=&#8221;0&#8243; uncode_shortcode_id=&#8221;322877&#8243; overlay_color_type=&#8221;uncode-palette&#8221;][vc_column width=&#8221;1\/4&#8243;][vc_gallery el_id=&#8221;gallery-185515&#8243; medias=&#8221;3341&#8243; gutter_size=&#8221;3&#8243; screen_lg=&#8221;1000&#8243; [&hellip;]\" \/>\n<meta property=\"og:url\" content=\"https:\/\/www.steppenwolf-bicycles.com\/pt-pt\/garantia\/\" \/>\n<meta property=\"og:site_name\" content=\"Steppenwolf Bikes\" \/>\n<meta property=\"article:publisher\" content=\"https:\/\/www.facebook.com\/Steppenwolf.Stw\" \/>\n<meta property=\"article:modified_time\" content=\"2026-01-20T03:58:39+00:00\" \/>\n<meta name=\"twitter:card\" content=\"summary_large_image\" \/>\n<meta name=\"twitter:label1\" content=\"Tempo estimado de leitura\" \/>\n\t<meta name=\"twitter:data1\" content=\"3 minutos\" \/>\n<script type=\"application\/ld+json\" class=\"yoast-schema-graph\">{\"@context\":\"https:\\\/\\\/schema.org\",\"@graph\":[{\"@type\":\"WebPage\",\"@id\":\"https:\\\/\\\/www.steppenwolf-bicycles.com\\\/pt-pt\\\/garantia\\\/\",\"url\":\"https:\\\/\\\/www.steppenwolf-bicycles.com\\\/pt-pt\\\/garantia\\\/\",\"name\":\"Garantia - Steppenwolf Bikes\",\"isPartOf\":{\"@id\":\"https:\\\/\\\/www.steppenwolf-bicycles.com\\\/pt-pt\\\/#website\"},\"datePublished\":\"2024-06-22T10:14:47+00:00\",\"dateModified\":\"2026-01-20T03:58:39+00:00\",\"breadcrumb\":{\"@id\":\"https:\\\/\\\/www.steppenwolf-bicycles.com\\\/pt-pt\\\/garantia\\\/#breadcrumb\"},\"inLanguage\":\"pt-PT\",\"potentialAction\":[{\"@type\":\"ReadAction\",\"target\":[\"https:\\\/\\\/www.steppenwolf-bicycles.com\\\/pt-pt\\\/garantia\\\/\"]}]},{\"@type\":\"BreadcrumbList\",\"@id\":\"https:\\\/\\\/www.steppenwolf-bicycles.com\\\/pt-pt\\\/garantia\\\/#breadcrumb\",\"itemListElement\":[{\"@type\":\"ListItem\",\"position\":1,\"name\":\"Startseite\",\"item\":\"https:\\\/\\\/www.steppenwolf-bicycles.com\\\/pt-pt\\\/\"},{\"@type\":\"ListItem\",\"position\":2,\"name\":\"Garantia\"}]},{\"@type\":\"WebSite\",\"@id\":\"https:\\\/\\\/www.steppenwolf-bicycles.com\\\/pt-pt\\\/#website\",\"url\":\"https:\\\/\\\/www.steppenwolf-bicycles.com\\\/pt-pt\\\/\",\"name\":\"Steppenwolf Bikes\",\"description\":\"Premium E-Bikes Made in Germany\",\"publisher\":{\"@id\":\"https:\\\/\\\/www.steppenwolf-bicycles.com\\\/pt-pt\\\/#organization\"},\"potentialAction\":[{\"@type\":\"SearchAction\",\"target\":{\"@type\":\"EntryPoint\",\"urlTemplate\":\"https:\\\/\\\/www.steppenwolf-bicycles.com\\\/pt-pt\\\/?s={search_term_string}\"},\"query-input\":{\"@type\":\"PropertyValueSpecification\",\"valueRequired\":true,\"valueName\":\"search_term_string\"}}],\"inLanguage\":\"pt-PT\"},{\"@type\":\"Organization\",\"@id\":\"https:\\\/\\\/www.steppenwolf-bicycles.com\\\/pt-pt\\\/#organization\",\"name\":\"Steppenwolf Bikes\",\"url\":\"https:\\\/\\\/www.steppenwolf-bicycles.com\\\/pt-pt\\\/\",\"logo\":{\"@type\":\"ImageObject\",\"inLanguage\":\"pt-PT\",\"@id\":\"https:\\\/\\\/www.steppenwolf-bicycles.com\\\/pt-pt\\\/#\\\/schema\\\/logo\\\/image\\\/\",\"url\":\"https:\\\/\\\/www.steppenwolf-bicycles.com\\\/wp-content\\\/uploads\\\/2024\\\/05\\\/Logo-nur-Berg-S-auf-w.png\",\"contentUrl\":\"https:\\\/\\\/www.steppenwolf-bicycles.com\\\/wp-content\\\/uploads\\\/2024\\\/05\\\/Logo-nur-Berg-S-auf-w.png\",\"width\":1000,\"height\":1000,\"caption\":\"Steppenwolf Bikes\"},\"image\":{\"@id\":\"https:\\\/\\\/www.steppenwolf-bicycles.com\\\/pt-pt\\\/#\\\/schema\\\/logo\\\/image\\\/\"},\"sameAs\":[\"https:\\\/\\\/www.facebook.com\\\/Steppenwolf.Stw\",\"https:\\\/\\\/www.instagram.com\\\/steppenwolfbikes\\\/\"]}]}<\/script>\n<!-- \/ Yoast SEO plugin. -->","yoast_head_json":{"title":"Garantia - Steppenwolf Bikes","robots":{"index":"index","follow":"follow","max-snippet":"max-snippet:-1","max-image-preview":"max-image-preview:large","max-video-preview":"max-video-preview:-1"},"canonical":"https:\/\/www.steppenwolf-bicycles.com\/pt-pt\/garantia\/","og_locale":"pt_PT","og_type":"article","og_title":"Garantia - Steppenwolf Bikes","og_description":"[vc_row unlock_row=&#8221;&#8221; row_height_percent=&#8221;0&#8243; override_padding=&#8221;yes&#8221; h_padding=&#8221;2&#8243; top_padding=&#8221;4&#8243; bottom_padding=&#8221;4&#8243; overlay_color=&#8221;color-xsdn&#8221; overlay_alpha=&#8221;96&#8243; gutter_size=&#8221;3&#8243; column_width_percent=&#8221;100&#8243; shift_y=&#8221;0&#8243; z_index=&#8221;0&#8243; uncode_shortcode_id=&#8221;322877&#8243; overlay_color_type=&#8221;uncode-palette&#8221;][vc_column width=&#8221;1\/4&#8243;][vc_gallery el_id=&#8221;gallery-185515&#8243; medias=&#8221;3341&#8243; gutter_size=&#8221;3&#8243; screen_lg=&#8221;1000&#8243; [&hellip;]","og_url":"https:\/\/www.steppenwolf-bicycles.com\/pt-pt\/garantia\/","og_site_name":"Steppenwolf Bikes","article_publisher":"https:\/\/www.facebook.com\/Steppenwolf.Stw","article_modified_time":"2026-01-20T03:58:39+00:00","twitter_card":"summary_large_image","twitter_misc":{"Tempo estimado de leitura":"3 minutos"},"schema":{"@context":"https:\/\/schema.org","@graph":[{"@type":"WebPage","@id":"https:\/\/www.steppenwolf-bicycles.com\/pt-pt\/garantia\/","url":"https:\/\/www.steppenwolf-bicycles.com\/pt-pt\/garantia\/","name":"Garantia - Steppenwolf Bikes","isPartOf":{"@id":"https:\/\/www.steppenwolf-bicycles.com\/pt-pt\/#website"},"datePublished":"2024-06-22T10:14:47+00:00","dateModified":"2026-01-20T03:58:39+00:00","breadcrumb":{"@id":"https:\/\/www.steppenwolf-bicycles.com\/pt-pt\/garantia\/#breadcrumb"},"inLanguage":"pt-PT","potentialAction":[{"@type":"ReadAction","target":["https:\/\/www.steppenwolf-bicycles.com\/pt-pt\/garantia\/"]}]},{"@type":"BreadcrumbList","@id":"https:\/\/www.steppenwolf-bicycles.com\/pt-pt\/garantia\/#breadcrumb","itemListElement":[{"@type":"ListItem","position":1,"name":"Startseite","item":"https:\/\/www.steppenwolf-bicycles.com\/pt-pt\/"},{"@type":"ListItem","position":2,"name":"Garantia"}]},{"@type":"WebSite","@id":"https:\/\/www.steppenwolf-bicycles.com\/pt-pt\/#website","url":"https:\/\/www.steppenwolf-bicycles.com\/pt-pt\/","name":"Steppenwolf Bikes","description":"Premium E-Bikes Made in Germany","publisher":{"@id":"https:\/\/www.steppenwolf-bicycles.com\/pt-pt\/#organization"},"potentialAction":[{"@type":"SearchAction","target":{"@type":"EntryPoint","urlTemplate":"https:\/\/www.steppenwolf-bicycles.com\/pt-pt\/?s={search_term_string}"},"query-input":{"@type":"PropertyValueSpecification","valueRequired":true,"valueName":"search_term_string"}}],"inLanguage":"pt-PT"},{"@type":"Organization","@id":"https:\/\/www.steppenwolf-bicycles.com\/pt-pt\/#organization","name":"Steppenwolf Bikes","url":"https:\/\/www.steppenwolf-bicycles.com\/pt-pt\/","logo":{"@type":"ImageObject","inLanguage":"pt-PT","@id":"https:\/\/www.steppenwolf-bicycles.com\/pt-pt\/#\/schema\/logo\/image\/","url":"https:\/\/www.steppenwolf-bicycles.com\/wp-content\/uploads\/2024\/05\/Logo-nur-Berg-S-auf-w.png","contentUrl":"https:\/\/www.steppenwolf-bicycles.com\/wp-content\/uploads\/2024\/05\/Logo-nur-Berg-S-auf-w.png","width":1000,"height":1000,"caption":"Steppenwolf Bikes"},"image":{"@id":"https:\/\/www.steppenwolf-bicycles.com\/pt-pt\/#\/schema\/logo\/image\/"},"sameAs":["https:\/\/www.facebook.com\/Steppenwolf.Stw","https:\/\/www.instagram.com\/steppenwolfbikes\/"]}]}},"_links":{"self":[{"href":"https:\/\/www.steppenwolf-bicycles.com\/pt-pt\/wp-json\/wp\/v2\/pages\/3338","targetHints":{"allow":["GET"]}}],"collection":[{"href":"https:\/\/www.steppenwolf-bicycles.com\/pt-pt\/wp-json\/wp\/v2\/pages"}],"about":[{"href":"https:\/\/www.steppenwolf-bicycles.com\/pt-pt\/wp-json\/wp\/v2\/types\/page"}],"author":[{"embeddable":true,"href":"https:\/\/www.steppenwolf-bicycles.com\/pt-pt\/wp-json\/wp\/v2\/users\/1"}],"replies":[{"embeddable":true,"href":"https:\/\/www.steppenwolf-bicycles.com\/pt-pt\/wp-json\/wp\/v2\/comments?post=3338"}],"version-history":[{"count":7,"href":"https:\/\/www.steppenwolf-bicycles.com\/pt-pt\/wp-json\/wp\/v2\/pages\/3338\/revisions"}],"predecessor-version":[{"id":3406,"href":"https:\/\/www.steppenwolf-bicycles.com\/pt-pt\/wp-json\/wp\/v2\/pages\/3338\/revisions\/3406"}],"wp:attachment":[{"href":"https:\/\/www.steppenwolf-bicycles.com\/pt-pt\/wp-json\/wp\/v2\/media?parent=3338"}],"curies":[{"name":"wp","href":"https:\/\/api.w.org\/{rel}","templated":true}]}}