{"id":3437,"date":"2024-06-22T15:32:09","date_gmt":"2024-06-22T13:32:09","guid":{"rendered":"https:\/\/staging.steppenwolf-bicycles.com\/informacoes-legais\/"},"modified":"2026-01-20T04:59:30","modified_gmt":"2026-01-20T03:59:30","slug":"informacoes-legais","status":"publish","type":"page","link":"https:\/\/www.steppenwolf-bicycles.com\/pt-pt\/informacoes-legais\/","title":{"rendered":"Informa\u00e7\u00f5es legais"},"content":{"rendered":"<div class=\"wpb-content-wrapper\"><p>[vc_row unlock_row=&#8221;&#8221; row_height_percent=&#8221;0&#8243; override_padding=&#8221;yes&#8221; h_padding=&#8221;2&#8243; top_padding=&#8221;2&#8243; bottom_padding=&#8221;2&#8243; overlay_alpha=&#8221;50&#8243; gutter_size=&#8221;3&#8243; column_width_percent=&#8221;100&#8243; shift_y=&#8221;0&#8243; z_index=&#8221;0&#8243; uncode_shortcode_id=&#8221;156533&#8243;][vc_column width=&#8221;1\/1&#8243;][vc_custom_heading uncode_shortcode_id=&#8221;207553&#8243;]Informa\u00e7\u00f5es legais[\/vc_custom_heading][vc_column_text uncode_shortcode_id=&#8221;611366&#8243;]<\/p>\n<section class=\"elementor-section elementor-top-section elementor-element elementor-element-37dfca86 elementor-section-boxed elementor-section-height-default elementor-section-height-default\" data-id=\"37dfca86\" data-element_type=\"section\">\n<div class=\"elementor-container elementor-column-gap-no\">\n<div class=\"elementor-row\">\n<div class=\"elementor-column elementor-col-50 elementor-top-column elementor-element elementor-element-4d6f6f38\" data-id=\"4d6f6f38\" data-element_type=\"column\">\n<div class=\"elementor-column-wrap elementor-element-populated\">\n<div class=\"elementor-widget-wrap\">\n<div class=\"elementor-element elementor-element-670e0d26 elementor-widget elementor-widget-text-editor\" data-id=\"670e0d26\" data-element_type=\"widget\" data-widget_type=\"text-editor.default\">\n<div class=\"elementor-widget-container\">\n<div class=\"elementor-text-editor elementor-clearfix\">\n<p><strong>Zweirad Union e-Mobility GmbH &amp; <\/strong><strong>Produktion Co. KG<\/strong><br \/>Kyselh\u00e4user Stra\u00dfe 23, 06526 Sangerhausen<\/p>\n<p>Telefone: +49 30 863280216<br \/>E-mail: sales@zweirad-union.com<\/p>\n<p><b>S\u00f3cio pessoalmente respons\u00e1vel:<br \/><\/b>Zweirad Union e-Mobility GmbH<\/p>\n<\/div>\n<\/div>\n<\/div>\n<\/div>\n<\/div>\n<\/div>\n<\/div>\n<\/div>\n<\/section>\n<section class=\"elementor-section elementor-top-section elementor-element elementor-element-cebbce3 elementor-section-boxed elementor-section-height-default elementor-section-height-default\" data-id=\"cebbce3\" data-element_type=\"section\">\n<div class=\"elementor-container elementor-column-gap-default\">\n<div class=\"elementor-row\">\n<div class=\"elementor-column elementor-col-100 elementor-top-column elementor-element elementor-element-8740719\" data-id=\"8740719\" data-element_type=\"column\">\n<div class=\"elementor-column-wrap elementor-element-populated\">\n<div class=\"elementor-widget-wrap\">\n<div class=\"elementor-element elementor-element-99317cb elementor-widget elementor-widget-text-editor\" data-id=\"99317cb\" data-element_type=\"widget\" data-widget_type=\"text-editor.default\">\n<div class=\"elementor-widget-container\">\n<div class=\"elementor-text-editor elementor-clearfix\">\n<p>Tribunal de registo: Amtsgericht Stendal<br \/>N\u00famero de registo: HRA 6709<\/p>\n<p>N\u00famero de identifica\u00e7\u00e3o para efeitos de IVA nos termos do \u00a7 27 a da Lei do IVA: DE340756918<\/p>\n<p>Plataforma da Comiss\u00e3o Europeia para a resolu\u00e7\u00e3o de lit\u00edgios em linha: <a href=\"https:\/\/ec.europa.eu\/odr\">https:\/\/ec.europa.eu\/odr<\/a><\/p>\n<p>N\u00e3o estamos obrigados nem dispostos a participar num processo de resolu\u00e7\u00e3o de lit\u00edgios perante um centro de arbitragem para o consumidor.<br \/>N.\u00ba de registo WEEE: DE 69042687<\/p>\n<\/div>\n<\/div>\n<\/div>\n<\/div>\n<\/div>\n<\/div>\n<\/div>\n<\/div>\n<\/section>\n<p>[\/vc_column_text][\/vc_column][\/vc_row]<\/p>\n<\/div>","protected":false},"excerpt":{"rendered":"<p>[vc_row unlock_row=&#8221;&#8221; row_height_percent=&#8221;0&#8243; override_padding=&#8221;yes&#8221; h_padding=&#8221;2&#8243; top_padding=&#8221;2&#8243; bottom_padding=&#8221;2&#8243; overlay_alpha=&#8221;50&#8243; gutter_size=&#8221;3&#8243; column_width_percent=&#8221;100&#8243; shift_y=&#8221;0&#8243; z_index=&#8221;0&#8243; uncode_shortcode_id=&#8221;156533&#8243;][vc_column width=&#8221;1\/1&#8243;][vc_custom_heading uncode_shortcode_id=&#8221;207553&#8243;]Informa\u00e7\u00f5es legais[\/vc_custom_heading][vc_column_text uncode_shortcode_id=&#8221;611366&#8243;] Zweirad Union e-Mobility [&hellip;]<\/p>\n","protected":false},"author":1,"featured_media":0,"parent":0,"menu_order":0,"comment_status":"closed","ping_status":"closed","template":"","meta":{"footnotes":""},"class_list":["post-3437","page","type-page","status-publish","hentry"],"yoast_head":"<!-- This site is optimized with the Yoast SEO plugin v27.3 - https:\/\/yoast.com\/product\/yoast-seo-wordpress\/ -->\n<title>Informa\u00e7\u00f5es legais - Steppenwolf Bikes<\/title>\n<meta name=\"robots\" content=\"index, follow, max-snippet:-1, max-image-preview:large, max-video-preview:-1\" \/>\n<link rel=\"canonical\" href=\"https:\/\/www.steppenwolf-bicycles.com\/pt-pt\/informacoes-legais\/\" \/>\n<meta property=\"og:locale\" content=\"pt_PT\" \/>\n<meta property=\"og:type\" content=\"article\" \/>\n<meta property=\"og:title\" content=\"Informa\u00e7\u00f5es legais - Steppenwolf Bikes\" \/>\n<meta property=\"og:description\" content=\"[vc_row unlock_row=&#8221;&#8221; row_height_percent=&#8221;0&#8243; override_padding=&#8221;yes&#8221; h_padding=&#8221;2&#8243; top_padding=&#8221;2&#8243; bottom_padding=&#8221;2&#8243; overlay_alpha=&#8221;50&#8243; gutter_size=&#8221;3&#8243; column_width_percent=&#8221;100&#8243; shift_y=&#8221;0&#8243; z_index=&#8221;0&#8243; uncode_shortcode_id=&#8221;156533&#8243;][vc_column width=&#8221;1\/1&#8243;][vc_custom_heading uncode_shortcode_id=&#8221;207553&#8243;]Informa\u00e7\u00f5es legais[\/vc_custom_heading][vc_column_text uncode_shortcode_id=&#8221;611366&#8243;] Zweirad Union e-Mobility [&hellip;]\" \/>\n<meta property=\"og:url\" content=\"https:\/\/www.steppenwolf-bicycles.com\/pt-pt\/informacoes-legais\/\" \/>\n<meta property=\"og:site_name\" content=\"Steppenwolf Bikes\" \/>\n<meta property=\"article:publisher\" content=\"https:\/\/www.facebook.com\/Steppenwolf.Stw\" \/>\n<meta property=\"article:modified_time\" content=\"2026-01-20T03:59:30+00:00\" \/>\n<meta name=\"twitter:card\" content=\"summary_large_image\" \/>\n<meta name=\"twitter:label1\" content=\"Tempo estimado de leitura\" \/>\n\t<meta name=\"twitter:data1\" content=\"1 minuto\" \/>\n<script type=\"application\/ld+json\" class=\"yoast-schema-graph\">{\"@context\":\"https:\\\/\\\/schema.org\",\"@graph\":[{\"@type\":\"WebPage\",\"@id\":\"https:\\\/\\\/www.steppenwolf-bicycles.com\\\/pt-pt\\\/informacoes-legais\\\/\",\"url\":\"https:\\\/\\\/www.steppenwolf-bicycles.com\\\/pt-pt\\\/informacoes-legais\\\/\",\"name\":\"Informa\u00e7\u00f5es legais - Steppenwolf Bikes\",\"isPartOf\":{\"@id\":\"https:\\\/\\\/www.steppenwolf-bicycles.com\\\/pt-pt\\\/#website\"},\"datePublished\":\"2024-06-22T13:32:09+00:00\",\"dateModified\":\"2026-01-20T03:59:30+00:00\",\"breadcrumb\":{\"@id\":\"https:\\\/\\\/www.steppenwolf-bicycles.com\\\/pt-pt\\\/informacoes-legais\\\/#breadcrumb\"},\"inLanguage\":\"pt-PT\",\"potentialAction\":[{\"@type\":\"ReadAction\",\"target\":[\"https:\\\/\\\/www.steppenwolf-bicycles.com\\\/pt-pt\\\/informacoes-legais\\\/\"]}]},{\"@type\":\"BreadcrumbList\",\"@id\":\"https:\\\/\\\/www.steppenwolf-bicycles.com\\\/pt-pt\\\/informacoes-legais\\\/#breadcrumb\",\"itemListElement\":[{\"@type\":\"ListItem\",\"position\":1,\"name\":\"Startseite\",\"item\":\"https:\\\/\\\/www.steppenwolf-bicycles.com\\\/pt-pt\\\/\"},{\"@type\":\"ListItem\",\"position\":2,\"name\":\"Informa\u00e7\u00f5es legais\"}]},{\"@type\":\"WebSite\",\"@id\":\"https:\\\/\\\/www.steppenwolf-bicycles.com\\\/pt-pt\\\/#website\",\"url\":\"https:\\\/\\\/www.steppenwolf-bicycles.com\\\/pt-pt\\\/\",\"name\":\"Steppenwolf Bikes\",\"description\":\"Premium E-Bikes Made in Germany\",\"publisher\":{\"@id\":\"https:\\\/\\\/www.steppenwolf-bicycles.com\\\/pt-pt\\\/#organization\"},\"potentialAction\":[{\"@type\":\"SearchAction\",\"target\":{\"@type\":\"EntryPoint\",\"urlTemplate\":\"https:\\\/\\\/www.steppenwolf-bicycles.com\\\/pt-pt\\\/?s={search_term_string}\"},\"query-input\":{\"@type\":\"PropertyValueSpecification\",\"valueRequired\":true,\"valueName\":\"search_term_string\"}}],\"inLanguage\":\"pt-PT\"},{\"@type\":\"Organization\",\"@id\":\"https:\\\/\\\/www.steppenwolf-bicycles.com\\\/pt-pt\\\/#organization\",\"name\":\"Steppenwolf Bikes\",\"url\":\"https:\\\/\\\/www.steppenwolf-bicycles.com\\\/pt-pt\\\/\",\"logo\":{\"@type\":\"ImageObject\",\"inLanguage\":\"pt-PT\",\"@id\":\"https:\\\/\\\/www.steppenwolf-bicycles.com\\\/pt-pt\\\/#\\\/schema\\\/logo\\\/image\\\/\",\"url\":\"https:\\\/\\\/www.steppenwolf-bicycles.com\\\/wp-content\\\/uploads\\\/2024\\\/05\\\/Logo-nur-Berg-S-auf-w.png\",\"contentUrl\":\"https:\\\/\\\/www.steppenwolf-bicycles.com\\\/wp-content\\\/uploads\\\/2024\\\/05\\\/Logo-nur-Berg-S-auf-w.png\",\"width\":1000,\"height\":1000,\"caption\":\"Steppenwolf Bikes\"},\"image\":{\"@id\":\"https:\\\/\\\/www.steppenwolf-bicycles.com\\\/pt-pt\\\/#\\\/schema\\\/logo\\\/image\\\/\"},\"sameAs\":[\"https:\\\/\\\/www.facebook.com\\\/Steppenwolf.Stw\",\"https:\\\/\\\/www.instagram.com\\\/steppenwolfbikes\\\/\"]}]}<\/script>\n<!-- \/ Yoast SEO plugin. -->","yoast_head_json":{"title":"Informa\u00e7\u00f5es legais - Steppenwolf Bikes","robots":{"index":"index","follow":"follow","max-snippet":"max-snippet:-1","max-image-preview":"max-image-preview:large","max-video-preview":"max-video-preview:-1"},"canonical":"https:\/\/www.steppenwolf-bicycles.com\/pt-pt\/informacoes-legais\/","og_locale":"pt_PT","og_type":"article","og_title":"Informa\u00e7\u00f5es legais - Steppenwolf Bikes","og_description":"[vc_row unlock_row=&#8221;&#8221; row_height_percent=&#8221;0&#8243; override_padding=&#8221;yes&#8221; h_padding=&#8221;2&#8243; top_padding=&#8221;2&#8243; bottom_padding=&#8221;2&#8243; overlay_alpha=&#8221;50&#8243; gutter_size=&#8221;3&#8243; column_width_percent=&#8221;100&#8243; shift_y=&#8221;0&#8243; z_index=&#8221;0&#8243; uncode_shortcode_id=&#8221;156533&#8243;][vc_column width=&#8221;1\/1&#8243;][vc_custom_heading uncode_shortcode_id=&#8221;207553&#8243;]Informa\u00e7\u00f5es legais[\/vc_custom_heading][vc_column_text uncode_shortcode_id=&#8221;611366&#8243;] Zweirad Union e-Mobility [&hellip;]","og_url":"https:\/\/www.steppenwolf-bicycles.com\/pt-pt\/informacoes-legais\/","og_site_name":"Steppenwolf Bikes","article_publisher":"https:\/\/www.facebook.com\/Steppenwolf.Stw","article_modified_time":"2026-01-20T03:59:30+00:00","twitter_card":"summary_large_image","twitter_misc":{"Tempo estimado de leitura":"1 minuto"},"schema":{"@context":"https:\/\/schema.org","@graph":[{"@type":"WebPage","@id":"https:\/\/www.steppenwolf-bicycles.com\/pt-pt\/informacoes-legais\/","url":"https:\/\/www.steppenwolf-bicycles.com\/pt-pt\/informacoes-legais\/","name":"Informa\u00e7\u00f5es legais - Steppenwolf Bikes","isPartOf":{"@id":"https:\/\/www.steppenwolf-bicycles.com\/pt-pt\/#website"},"datePublished":"2024-06-22T13:32:09+00:00","dateModified":"2026-01-20T03:59:30+00:00","breadcrumb":{"@id":"https:\/\/www.steppenwolf-bicycles.com\/pt-pt\/informacoes-legais\/#breadcrumb"},"inLanguage":"pt-PT","potentialAction":[{"@type":"ReadAction","target":["https:\/\/www.steppenwolf-bicycles.com\/pt-pt\/informacoes-legais\/"]}]},{"@type":"BreadcrumbList","@id":"https:\/\/www.steppenwolf-bicycles.com\/pt-pt\/informacoes-legais\/#breadcrumb","itemListElement":[{"@type":"ListItem","position":1,"name":"Startseite","item":"https:\/\/www.steppenwolf-bicycles.com\/pt-pt\/"},{"@type":"ListItem","position":2,"name":"Informa\u00e7\u00f5es legais"}]},{"@type":"WebSite","@id":"https:\/\/www.steppenwolf-bicycles.com\/pt-pt\/#website","url":"https:\/\/www.steppenwolf-bicycles.com\/pt-pt\/","name":"Steppenwolf Bikes","description":"Premium E-Bikes Made in Germany","publisher":{"@id":"https:\/\/www.steppenwolf-bicycles.com\/pt-pt\/#organization"},"potentialAction":[{"@type":"SearchAction","target":{"@type":"EntryPoint","urlTemplate":"https:\/\/www.steppenwolf-bicycles.com\/pt-pt\/?s={search_term_string}"},"query-input":{"@type":"PropertyValueSpecification","valueRequired":true,"valueName":"search_term_string"}}],"inLanguage":"pt-PT"},{"@type":"Organization","@id":"https:\/\/www.steppenwolf-bicycles.com\/pt-pt\/#organization","name":"Steppenwolf Bikes","url":"https:\/\/www.steppenwolf-bicycles.com\/pt-pt\/","logo":{"@type":"ImageObject","inLanguage":"pt-PT","@id":"https:\/\/www.steppenwolf-bicycles.com\/pt-pt\/#\/schema\/logo\/image\/","url":"https:\/\/www.steppenwolf-bicycles.com\/wp-content\/uploads\/2024\/05\/Logo-nur-Berg-S-auf-w.png","contentUrl":"https:\/\/www.steppenwolf-bicycles.com\/wp-content\/uploads\/2024\/05\/Logo-nur-Berg-S-auf-w.png","width":1000,"height":1000,"caption":"Steppenwolf Bikes"},"image":{"@id":"https:\/\/www.steppenwolf-bicycles.com\/pt-pt\/#\/schema\/logo\/image\/"},"sameAs":["https:\/\/www.facebook.com\/Steppenwolf.Stw","https:\/\/www.instagram.com\/steppenwolfbikes\/"]}]}},"_links":{"self":[{"href":"https:\/\/www.steppenwolf-bicycles.com\/pt-pt\/wp-json\/wp\/v2\/pages\/3437","targetHints":{"allow":["GET"]}}],"collection":[{"href":"https:\/\/www.steppenwolf-bicycles.com\/pt-pt\/wp-json\/wp\/v2\/pages"}],"about":[{"href":"https:\/\/www.steppenwolf-bicycles.com\/pt-pt\/wp-json\/wp\/v2\/types\/page"}],"author":[{"embeddable":true,"href":"https:\/\/www.steppenwolf-bicycles.com\/pt-pt\/wp-json\/wp\/v2\/users\/1"}],"replies":[{"embeddable":true,"href":"https:\/\/www.steppenwolf-bicycles.com\/pt-pt\/wp-json\/wp\/v2\/comments?post=3437"}],"version-history":[{"count":5,"href":"https:\/\/www.steppenwolf-bicycles.com\/pt-pt\/wp-json\/wp\/v2\/pages\/3437\/revisions"}],"predecessor-version":[{"id":3496,"href":"https:\/\/www.steppenwolf-bicycles.com\/pt-pt\/wp-json\/wp\/v2\/pages\/3437\/revisions\/3496"}],"wp:attachment":[{"href":"https:\/\/www.steppenwolf-bicycles.com\/pt-pt\/wp-json\/wp\/v2\/media?parent=3437"}],"curies":[{"name":"wp","href":"https:\/\/api.w.org\/{rel}","templated":true}]}}