{"id":4858,"date":"2025-06-24T21:12:33","date_gmt":"2025-06-24T19:12:33","guid":{"rendered":"https:\/\/staging.steppenwolf-bicycles.com\/dji-carbon-line\/"},"modified":"2026-02-10T09:40:25","modified_gmt":"2026-02-10T08:40:25","slug":"dji-carbon-line","status":"publish","type":"page","link":"https:\/\/www.steppenwolf-bicycles.com\/pt-pt\/dji-carbon-line\/","title":{"rendered":"DJI Carbon Line"},"content":{"rendered":"<div class=\"wpb-content-wrapper\"><p>[vc_row row_height_percent=&#8221;56&#8243; back_image=&#8221;6622&#8243; overlay_alpha=&#8221;50&#8243; gutter_size=&#8221;3&#8243; column_width_percent=&#8221;100&#8243; shift_y=&#8221;0&#8243; z_index=&#8221;0&#8243; mobile_visibility=&#8221;yes&#8221; content_parallax=&#8221;0&#8243; uncode_shortcode_id=&#8221;174761&#8243; back_size=&#8221;cover&#8221;][vc_column width=&#8221;1\/2&#8243;][\/vc_column][vc_column column_width_percent=&#8221;100&#8243; position_vertical=&#8221;middle&#8221; gutter_size=&#8221;3&#8243; overlay_alpha=&#8221;50&#8243; shift_x=&#8221;0&#8243; shift_y=&#8221;0&#8243; shift_y_down=&#8221;0&#8243; z_index=&#8221;0&#8243; medium_width=&#8221;0&#8243; mobile_width=&#8221;0&#8243; width=&#8221;1\/2&#8243; uncode_shortcode_id=&#8221;146378&#8243;][vc_custom_heading heading_semantic=&#8221;h1&#8243; text_size=&#8221;h1&#8243; sub_lead=&#8221;yes&#8221; uncode_shortcode_id=&#8221;662211&#8243; subheading=&#8221;A nova Steppenwolf Carbon Line com Avinox&#8221;]Mais leve. Mais inteligente. Mais forte.[\/vc_custom_heading][\/vc_column][\/vc_row][vc_row unlock_row_content=&#8221;yes&#8221; row_height_percent=&#8221;100&#8243; override_padding=&#8221;yes&#8221; h_padding=&#8221;0&#8243; top_padding=&#8221;0&#8243; bottom_padding=&#8221;2&#8243; overlay_alpha=&#8221;50&#8243; gutter_size=&#8221;3&#8243; column_width_percent=&#8221;100&#8243; shift_y=&#8221;0&#8243; z_index=&#8221;0&#8243; desktop_visibility=&#8221;yes&#8221; medium_visibility=&#8221;yes&#8221; content_parallax=&#8221;0&#8243; uncode_shortcode_id=&#8221;115117&#8243;][vc_column width=&#8221;1\/1&#8243;][vc_single_image media=&#8221;3415&#8243; media_width_percent=&#8221;100&#8243; uncode_shortcode_id=&#8221;929125&#8243;][\/vc_column][\/vc_row][vc_row unlock_row_content=&#8221;yes&#8221; row_height_percent=&#8221;100&#8243; overlay_alpha=&#8221;50&#8243; gutter_size=&#8221;3&#8243; column_width_percent=&#8221;100&#8243; shift_y=&#8221;0&#8243; z_index=&#8221;0&#8243; desktop_visibility=&#8221;yes&#8221; medium_visibility=&#8221;yes&#8221; content_parallax=&#8221;0&#8243; uncode_shortcode_id=&#8221;184558&#8243;][vc_column width=&#8221;1\/1&#8243;][vc_custom_heading heading_semantic=&#8221;h1&#8243; text_size=&#8221;h1&#8243; sub_lead=&#8221;yes&#8221; uncode_shortcode_id=&#8221;201386&#8243; subheading=&#8221;A nova linha Steppenwolf Carbon com DJI Avinox&#8221;]Mais leve. Mais inteligente. Mais radical.[\/vc_custom_heading][\/vc_column][\/vc_row][vc_row][vc_column width=&#8221;1\/2&#8243;][vc_column_text uncode_shortcode_id=&#8221;371177&#8243;]<\/p>\n<p class=\"p1\">A Steppenwolf d\u00e1 o pr\u00f3ximo passo em dire\u00e7\u00e3o \u00e0 constru\u00e7\u00e3o leve e intransigente: juntamente com a Avinox, apresentamos a Carbon Line \u2013 bicicletas el\u00e9tricas ultraleves com tecnologia de acionamento topo de gama integrada.<\/p>\n<p>[\/vc_column_text][\/vc_column][\/vc_row][vc_row][vc_column width=&#8221;1\/2&#8243;][vc_custom_heading text_size=&#8221;h4&#8243; sub_reduced=&#8221;yes&#8221; uncode_shortcode_id=&#8221;195702&#8243; subheading=&#8221;Tecnologia da avia\u00e7\u00e3o \u2013 para o trilho.&#8221;]Sistema de Transmiss\u00e3o Avinox[\/vc_custom_heading][vc_column_text uncode_shortcode_id=&#8221;717916&#8243;]<\/p>\n<p class=\"p1\">O novo motor Avinox \u00e9 o resultado de d\u00e9cadas de inova\u00e7\u00e3o e, com base na tecnologia de bateria l\u00edder mundial, oferece a m\u00e1xima efici\u00eancia com o m\u00ednimo de peso \u2013 incluindo fun\u00e7\u00e3o de carregamento r\u00e1pido e gest\u00e3o de energia inteligente.<\/p>\n<p>[\/vc_column_text][\/vc_column][vc_column width=&#8221;1\/2&#8243;][vc_single_image media=&#8221;6594&#8243; media_width_percent=&#8221;100&#8243; uncode_shortcode_id=&#8221;139399&#8243;][\/vc_column][\/vc_row][vc_row][vc_column width=&#8221;1\/2&#8243;][vc_custom_heading text_size=&#8221;h4&#8243; sub_reduced=&#8221;yes&#8221; uncode_shortcode_id=&#8221;685382&#8243; subheading=&#8221;Constru\u00e7\u00e3o de quadros ao mais alto n\u00edvel.&#8221;]Carbono reinventado[\/vc_custom_heading][vc_column_text uncode_shortcode_id=&#8221;148989&#8243;]<\/p>\n<p class=\"p1\">Cada modelo da Carbon Line foi consistentemente otimizado para poupar peso \u2013 sem comprometer o desempenho, a durabilidade ou a integra\u00e7\u00e3o. O resultado: significativamente mais leve, significativamente mais eficiente e com um acabamento Steppenwolf inconfund\u00edvel. <\/p>\n<p>[\/vc_column_text][\/vc_column][\/vc_row][vc_row][vc_column column_width_percent=&#8221;100&#8243; position_vertical=&#8221;middle&#8221; gutter_size=&#8221;3&#8243; overlay_alpha=&#8221;50&#8243; shift_x=&#8221;0&#8243; shift_y=&#8221;0&#8243; shift_y_down=&#8221;0&#8243; z_index=&#8221;0&#8243; medium_width=&#8221;0&#8243; mobile_width=&#8221;0&#8243; width=&#8221;2\/3&#8243; uncode_shortcode_id=&#8221;166103&#8243;][vc_custom_heading text_size=&#8221;h4&#8243; uncode_shortcode_id=&#8221;150445&#8243;]Nascida na Baviera. Desenvolvido por Avinox.[\/vc_custom_heading][vc_column_text uncode_shortcode_id=&#8221;135157&#8243;]<\/p>\n<p class=\"p1\">A inova\u00e7\u00e3o encontra a origem. Com esta parceria, estamos a redefinir a bicicleta el\u00e9trica \u2013 para todos os que esperam nada menos que o m\u00e1ximo. <\/p>\n<p>[\/vc_column_text][\/vc_column][vc_column column_width_percent=&#8221;100&#8243; gutter_size=&#8221;3&#8243; overlay_alpha=&#8221;50&#8243; shadow=&#8221;xs&#8221; shadow_darker=&#8221;yes&#8221; shift_x=&#8221;0&#8243; shift_y=&#8221;0&#8243; shift_y_down=&#8221;0&#8243; z_index=&#8221;0&#8243; medium_width=&#8221;0&#8243; mobile_width=&#8221;0&#8243; width=&#8221;1\/3&#8243; uncode_shortcode_id=&#8221;224277&#8243;][vc_single_image media=&#8221;3368&#8243; media_width_percent=&#8221;100&#8243; uncode_shortcode_id=&#8221;138630&#8243;][\/vc_column][\/vc_row][vc_row row_height_percent=&#8221;0&#8243; override_padding=&#8221;yes&#8221; h_padding=&#8221;2&#8243; top_padding=&#8221;4&#8243; bottom_padding=&#8221;2&#8243; overlay_alpha=&#8221;50&#8243; gutter_size=&#8221;4&#8243; column_width_percent=&#8221;100&#8243; shift_y=&#8221;0&#8243; z_index=&#8221;0&#8243; content_parallax=&#8221;0&#8243; uncode_shortcode_id=&#8221;128690&#8243;][vc_column column_width_percent=&#8221;100&#8243; gutter_size=&#8221;3&#8243; overlay_alpha=&#8221;0&#8243; shift_x=&#8221;0&#8243; shift_y=&#8221;0&#8243; shift_y_down=&#8221;0&#8243; z_index=&#8221;0&#8243; medium_width=&#8221;3&#8243; mobile_width=&#8221;0&#8243; width=&#8221;1\/3&#8243; uncode_shortcode_id=&#8221;114623&#8243; link_to=&#8221;url:https%3A%2F%2Fwww.steppenwolf-bicycles.com%2Fpt-pt%2Fbicicleta-de-montanha-tundra-fully%2F|title:Bicicleta%20de%20montanha%20Tundra%20Fully|&#8221;][vc_separator sep_color=&#8221;&#8221; uncode_shortcode_id=&#8221;825176&#8243;][vc_custom_heading text_size=&#8221;h4&#8243; text_weight=&#8221;900&#8243; sub_reduced=&#8221;yes&#8221; subheading=&#8221;Para os tr\u00eas modelos seguintes, oferecemos variantes com motor Avinox e quadro de carbono. Para cada modelo, existem v\u00e1rias variantes de carbono com motor Avinox &#8211; com diferentes equipamentos, que se distinguem principalmente no que diz respeito \u00e0 transmiss\u00e3o e ao sistema de mudan\u00e7as: &#8221; uncode_shortcode_id=&#8221;103282&#8243;]Variantes de carbono com tecnologia Avinox[\/vc_custom_heading][\/vc_column][\/vc_row][vc_row row_height_percent=&#8221;0&#8243; override_padding=&#8221;yes&#8221; h_padding=&#8221;2&#8243; top_padding=&#8221;0&#8243; bottom_padding=&#8221;5&#8243; overlay_alpha=&#8221;50&#8243; gutter_size=&#8221;4&#8243; column_width_percent=&#8221;100&#8243; shift_y=&#8221;0&#8243; z_index=&#8221;0&#8243;][vc_column column_width_percent=&#8221;100&#8243; gutter_size=&#8221;3&#8243; overlay_alpha=&#8221;0&#8243; shift_x=&#8221;0&#8243; shift_y=&#8221;0&#8243; shift_y_down=&#8221;0&#8243; z_index=&#8221;0&#8243; medium_width=&#8221;3&#8243; mobile_width=&#8221;0&#8243; width=&#8221;1\/3&#8243; uncode_shortcode_id=&#8221;114623&#8243; link_to=&#8221;url:https%3A%2F%2Fwww.steppenwolf-bicycles.com%2Fpt-pt%2Fbicicleta-de-montanha-tundra-fully%2F|title:Bicicleta%20de%20montanha%20Tundra%20Fully|&#8221;][vc_single_image media=&#8221;3359&#8243; media_width_percent=&#8221;100&#8243; uncode_shortcode_id=&#8221;164473&#8243;][vc_custom_heading text_size=&#8221;h4&#8243; text_weight=&#8221;900&#8243; sub_reduced=&#8221;yes&#8221; subheading=&#8221;E-Fully de alta qualidade.&#8221; uncode_shortcode_id=&#8221;130861&#8243;]TUNDRA[\/vc_custom_heading][\/vc_column][vc_column column_width_percent=&#8221;100&#8243; gutter_size=&#8221;3&#8243; overlay_alpha=&#8221;50&#8243; shift_x=&#8221;0&#8243; shift_y=&#8221;0&#8243; shift_y_down=&#8221;0&#8243; z_index=&#8221;0&#8243; medium_width=&#8221;3&#8243; mobile_width=&#8221;0&#8243; width=&#8221;1\/3&#8243; uncode_shortcode_id=&#8221;184461&#8243; link_to=&#8221;url:https%3A%2F%2Fwww.steppenwolf-bicycles.com%2Fpt-pt%2Ftransterra-sport%2F|title:Transterra%20Sport|&#8221;][vc_single_image media=&#8221;4860&#8243; media_width_percent=&#8221;100&#8243; media_ratio=&#8221;three-two&#8221; uncode_shortcode_id=&#8221;150506&#8243;][vc_custom_heading text_size=&#8221;h4&#8243; text_weight=&#8221;900&#8243; sub_reduced=&#8221;yes&#8221; subheading=&#8221;Polivalente desportivo de trekking.&#8221; uncode_shortcode_id=&#8221;164475&#8243;]TRANSTERRA SPORT[\/vc_custom_heading][\/vc_column][vc_column column_width_percent=&#8221;100&#8243; gutter_size=&#8221;3&#8243; overlay_alpha=&#8221;50&#8243; shift_x=&#8221;0&#8243; shift_y=&#8221;0&#8243; shift_y_down=&#8221;0&#8243; z_index=&#8221;0&#8243; medium_width=&#8221;3&#8243; mobile_width=&#8221;0&#8243; width=&#8221;1\/3&#8243; uncode_shortcode_id=&#8221;176440&#8243; link_to=&#8221;url:https%3A%2F%2Fwww.steppenwolf-bicycles.com%2Fpt-pt%2Ftransterra-easy%2F|title:Transterra%20Easy|&#8221;][vc_single_image media=&#8221;3976&#8243; media_width_percent=&#8221;100&#8243; alignment=&#8221;center&#8221; uncode_shortcode_id=&#8221;155158&#8243;][vc_custom_heading text_size=&#8221;h4&#8243; text_weight=&#8221;900&#8243; sub_reduced=&#8221;yes&#8221; subheading=&#8221;Entrada baixa universal.&#8221; uncode_shortcode_id=&#8221;950162&#8243;]TRANSTERRA EASY[\/vc_custom_heading][\/vc_column][\/vc_row][vc_row][vc_column width=&#8221;1\/1&#8243;][uncode_block id=&#8221;1357&#8243;][\/vc_column][\/vc_row]<\/p>\n<\/div>","protected":false},"excerpt":{"rendered":"<p>[vc_row row_height_percent=&#8221;56&#8243; back_image=&#8221;6622&#8243; overlay_alpha=&#8221;50&#8243; gutter_size=&#8221;3&#8243; column_width_percent=&#8221;100&#8243; shift_y=&#8221;0&#8243; z_index=&#8221;0&#8243; mobile_visibility=&#8221;yes&#8221; content_parallax=&#8221;0&#8243; uncode_shortcode_id=&#8221;174761&#8243; back_size=&#8221;cover&#8221;][vc_column width=&#8221;1\/2&#8243;][\/vc_column][vc_column column_width_percent=&#8221;100&#8243; position_vertical=&#8221;middle&#8221; gutter_size=&#8221;3&#8243; overlay_alpha=&#8221;50&#8243; shift_x=&#8221;0&#8243; shift_y=&#8221;0&#8243; shift_y_down=&#8221;0&#8243; [&hellip;]<\/p>\n","protected":false},"author":1,"featured_media":0,"parent":0,"menu_order":0,"comment_status":"closed","ping_status":"closed","template":"","meta":{"footnotes":""},"class_list":["post-4858","page","type-page","status-publish","hentry"],"yoast_head":"<!-- This site is optimized with the Yoast SEO plugin v27.5 - https:\/\/yoast.com\/product\/yoast-seo-wordpress\/ -->\n<title>DJI Carbon Line - Steppenwolf Bikes<\/title>\n<meta name=\"robots\" content=\"index, follow, max-snippet:-1, max-image-preview:large, max-video-preview:-1\" \/>\n<link rel=\"canonical\" href=\"https:\/\/www.steppenwolf-bicycles.com\/pt-pt\/dji-carbon-line\/\" \/>\n<meta property=\"og:locale\" content=\"pt_PT\" \/>\n<meta property=\"og:type\" content=\"article\" \/>\n<meta property=\"og:title\" content=\"DJI Carbon Line - Steppenwolf Bikes\" \/>\n<meta property=\"og:description\" content=\"[vc_row row_height_percent=&#8221;56&#8243; back_image=&#8221;6622&#8243; overlay_alpha=&#8221;50&#8243; gutter_size=&#8221;3&#8243; column_width_percent=&#8221;100&#8243; shift_y=&#8221;0&#8243; z_index=&#8221;0&#8243; mobile_visibility=&#8221;yes&#8221; content_parallax=&#8221;0&#8243; uncode_shortcode_id=&#8221;174761&#8243; back_size=&#8221;cover&#8221;][vc_column width=&#8221;1\/2&#8243;][\/vc_column][vc_column column_width_percent=&#8221;100&#8243; position_vertical=&#8221;middle&#8221; gutter_size=&#8221;3&#8243; overlay_alpha=&#8221;50&#8243; shift_x=&#8221;0&#8243; shift_y=&#8221;0&#8243; shift_y_down=&#8221;0&#8243; [&hellip;]\" \/>\n<meta property=\"og:url\" content=\"https:\/\/www.steppenwolf-bicycles.com\/pt-pt\/dji-carbon-line\/\" \/>\n<meta property=\"og:site_name\" content=\"Steppenwolf Bikes\" \/>\n<meta property=\"article:publisher\" content=\"https:\/\/www.facebook.com\/Steppenwolf.Stw\" \/>\n<meta property=\"article:modified_time\" content=\"2026-02-10T08:40:25+00:00\" \/>\n<meta name=\"twitter:card\" content=\"summary_large_image\" \/>\n<meta name=\"twitter:label1\" content=\"Tempo estimado de leitura\" \/>\n\t<meta name=\"twitter:data1\" content=\"5 minutos\" \/>\n<script type=\"application\/ld+json\" class=\"yoast-schema-graph\">{\"@context\":\"https:\\\/\\\/schema.org\",\"@graph\":[{\"@type\":\"WebPage\",\"@id\":\"https:\\\/\\\/www.steppenwolf-bicycles.com\\\/pt-pt\\\/dji-carbon-line\\\/\",\"url\":\"https:\\\/\\\/www.steppenwolf-bicycles.com\\\/pt-pt\\\/dji-carbon-line\\\/\",\"name\":\"DJI Carbon Line - Steppenwolf Bikes\",\"isPartOf\":{\"@id\":\"https:\\\/\\\/www.steppenwolf-bicycles.com\\\/pt-pt\\\/#website\"},\"datePublished\":\"2025-06-24T19:12:33+00:00\",\"dateModified\":\"2026-02-10T08:40:25+00:00\",\"breadcrumb\":{\"@id\":\"https:\\\/\\\/www.steppenwolf-bicycles.com\\\/pt-pt\\\/dji-carbon-line\\\/#breadcrumb\"},\"inLanguage\":\"pt-PT\",\"potentialAction\":[{\"@type\":\"ReadAction\",\"target\":[\"https:\\\/\\\/www.steppenwolf-bicycles.com\\\/pt-pt\\\/dji-carbon-line\\\/\"]}]},{\"@type\":\"BreadcrumbList\",\"@id\":\"https:\\\/\\\/www.steppenwolf-bicycles.com\\\/pt-pt\\\/dji-carbon-line\\\/#breadcrumb\",\"itemListElement\":[{\"@type\":\"ListItem\",\"position\":1,\"name\":\"Startseite\",\"item\":\"https:\\\/\\\/www.steppenwolf-bicycles.com\\\/pt-pt\\\/\"},{\"@type\":\"ListItem\",\"position\":2,\"name\":\"DJI Carbon Line\"}]},{\"@type\":\"WebSite\",\"@id\":\"https:\\\/\\\/www.steppenwolf-bicycles.com\\\/pt-pt\\\/#website\",\"url\":\"https:\\\/\\\/www.steppenwolf-bicycles.com\\\/pt-pt\\\/\",\"name\":\"Steppenwolf Bikes\",\"description\":\"Premium E-Bikes Made in Germany\",\"publisher\":{\"@id\":\"https:\\\/\\\/www.steppenwolf-bicycles.com\\\/pt-pt\\\/#organization\"},\"potentialAction\":[{\"@type\":\"SearchAction\",\"target\":{\"@type\":\"EntryPoint\",\"urlTemplate\":\"https:\\\/\\\/www.steppenwolf-bicycles.com\\\/pt-pt\\\/?s={search_term_string}\"},\"query-input\":{\"@type\":\"PropertyValueSpecification\",\"valueRequired\":true,\"valueName\":\"search_term_string\"}}],\"inLanguage\":\"pt-PT\"},{\"@type\":\"Organization\",\"@id\":\"https:\\\/\\\/www.steppenwolf-bicycles.com\\\/pt-pt\\\/#organization\",\"name\":\"Steppenwolf Bikes\",\"url\":\"https:\\\/\\\/www.steppenwolf-bicycles.com\\\/pt-pt\\\/\",\"logo\":{\"@type\":\"ImageObject\",\"inLanguage\":\"pt-PT\",\"@id\":\"https:\\\/\\\/www.steppenwolf-bicycles.com\\\/pt-pt\\\/#\\\/schema\\\/logo\\\/image\\\/\",\"url\":\"https:\\\/\\\/www.steppenwolf-bicycles.com\\\/wp-content\\\/uploads\\\/2024\\\/05\\\/Logo-nur-Berg-S-auf-w.png\",\"contentUrl\":\"https:\\\/\\\/www.steppenwolf-bicycles.com\\\/wp-content\\\/uploads\\\/2024\\\/05\\\/Logo-nur-Berg-S-auf-w.png\",\"width\":1000,\"height\":1000,\"caption\":\"Steppenwolf Bikes\"},\"image\":{\"@id\":\"https:\\\/\\\/www.steppenwolf-bicycles.com\\\/pt-pt\\\/#\\\/schema\\\/logo\\\/image\\\/\"},\"sameAs\":[\"https:\\\/\\\/www.facebook.com\\\/Steppenwolf.Stw\",\"https:\\\/\\\/www.instagram.com\\\/steppenwolfbikes\\\/\"]}]}<\/script>\n<!-- \/ Yoast SEO plugin. -->","yoast_head_json":{"title":"DJI Carbon Line - Steppenwolf Bikes","robots":{"index":"index","follow":"follow","max-snippet":"max-snippet:-1","max-image-preview":"max-image-preview:large","max-video-preview":"max-video-preview:-1"},"canonical":"https:\/\/www.steppenwolf-bicycles.com\/pt-pt\/dji-carbon-line\/","og_locale":"pt_PT","og_type":"article","og_title":"DJI Carbon Line - Steppenwolf Bikes","og_description":"[vc_row row_height_percent=&#8221;56&#8243; back_image=&#8221;6622&#8243; overlay_alpha=&#8221;50&#8243; gutter_size=&#8221;3&#8243; column_width_percent=&#8221;100&#8243; shift_y=&#8221;0&#8243; z_index=&#8221;0&#8243; mobile_visibility=&#8221;yes&#8221; content_parallax=&#8221;0&#8243; uncode_shortcode_id=&#8221;174761&#8243; back_size=&#8221;cover&#8221;][vc_column width=&#8221;1\/2&#8243;][\/vc_column][vc_column column_width_percent=&#8221;100&#8243; position_vertical=&#8221;middle&#8221; gutter_size=&#8221;3&#8243; overlay_alpha=&#8221;50&#8243; shift_x=&#8221;0&#8243; shift_y=&#8221;0&#8243; shift_y_down=&#8221;0&#8243; [&hellip;]","og_url":"https:\/\/www.steppenwolf-bicycles.com\/pt-pt\/dji-carbon-line\/","og_site_name":"Steppenwolf Bikes","article_publisher":"https:\/\/www.facebook.com\/Steppenwolf.Stw","article_modified_time":"2026-02-10T08:40:25+00:00","twitter_card":"summary_large_image","twitter_misc":{"Tempo estimado de leitura":"5 minutos"},"schema":{"@context":"https:\/\/schema.org","@graph":[{"@type":"WebPage","@id":"https:\/\/www.steppenwolf-bicycles.com\/pt-pt\/dji-carbon-line\/","url":"https:\/\/www.steppenwolf-bicycles.com\/pt-pt\/dji-carbon-line\/","name":"DJI Carbon Line - Steppenwolf Bikes","isPartOf":{"@id":"https:\/\/www.steppenwolf-bicycles.com\/pt-pt\/#website"},"datePublished":"2025-06-24T19:12:33+00:00","dateModified":"2026-02-10T08:40:25+00:00","breadcrumb":{"@id":"https:\/\/www.steppenwolf-bicycles.com\/pt-pt\/dji-carbon-line\/#breadcrumb"},"inLanguage":"pt-PT","potentialAction":[{"@type":"ReadAction","target":["https:\/\/www.steppenwolf-bicycles.com\/pt-pt\/dji-carbon-line\/"]}]},{"@type":"BreadcrumbList","@id":"https:\/\/www.steppenwolf-bicycles.com\/pt-pt\/dji-carbon-line\/#breadcrumb","itemListElement":[{"@type":"ListItem","position":1,"name":"Startseite","item":"https:\/\/www.steppenwolf-bicycles.com\/pt-pt\/"},{"@type":"ListItem","position":2,"name":"DJI Carbon Line"}]},{"@type":"WebSite","@id":"https:\/\/www.steppenwolf-bicycles.com\/pt-pt\/#website","url":"https:\/\/www.steppenwolf-bicycles.com\/pt-pt\/","name":"Steppenwolf Bikes","description":"Premium E-Bikes Made in Germany","publisher":{"@id":"https:\/\/www.steppenwolf-bicycles.com\/pt-pt\/#organization"},"potentialAction":[{"@type":"SearchAction","target":{"@type":"EntryPoint","urlTemplate":"https:\/\/www.steppenwolf-bicycles.com\/pt-pt\/?s={search_term_string}"},"query-input":{"@type":"PropertyValueSpecification","valueRequired":true,"valueName":"search_term_string"}}],"inLanguage":"pt-PT"},{"@type":"Organization","@id":"https:\/\/www.steppenwolf-bicycles.com\/pt-pt\/#organization","name":"Steppenwolf Bikes","url":"https:\/\/www.steppenwolf-bicycles.com\/pt-pt\/","logo":{"@type":"ImageObject","inLanguage":"pt-PT","@id":"https:\/\/www.steppenwolf-bicycles.com\/pt-pt\/#\/schema\/logo\/image\/","url":"https:\/\/www.steppenwolf-bicycles.com\/wp-content\/uploads\/2024\/05\/Logo-nur-Berg-S-auf-w.png","contentUrl":"https:\/\/www.steppenwolf-bicycles.com\/wp-content\/uploads\/2024\/05\/Logo-nur-Berg-S-auf-w.png","width":1000,"height":1000,"caption":"Steppenwolf Bikes"},"image":{"@id":"https:\/\/www.steppenwolf-bicycles.com\/pt-pt\/#\/schema\/logo\/image\/"},"sameAs":["https:\/\/www.facebook.com\/Steppenwolf.Stw","https:\/\/www.instagram.com\/steppenwolfbikes\/"]}]}},"_links":{"self":[{"href":"https:\/\/www.steppenwolf-bicycles.com\/pt-pt\/wp-json\/wp\/v2\/pages\/4858","targetHints":{"allow":["GET"]}}],"collection":[{"href":"https:\/\/www.steppenwolf-bicycles.com\/pt-pt\/wp-json\/wp\/v2\/pages"}],"about":[{"href":"https:\/\/www.steppenwolf-bicycles.com\/pt-pt\/wp-json\/wp\/v2\/types\/page"}],"author":[{"embeddable":true,"href":"https:\/\/www.steppenwolf-bicycles.com\/pt-pt\/wp-json\/wp\/v2\/users\/1"}],"replies":[{"embeddable":true,"href":"https:\/\/www.steppenwolf-bicycles.com\/pt-pt\/wp-json\/wp\/v2\/comments?post=4858"}],"version-history":[{"count":40,"href":"https:\/\/www.steppenwolf-bicycles.com\/pt-pt\/wp-json\/wp\/v2\/pages\/4858\/revisions"}],"predecessor-version":[{"id":6773,"href":"https:\/\/www.steppenwolf-bicycles.com\/pt-pt\/wp-json\/wp\/v2\/pages\/4858\/revisions\/6773"}],"wp:attachment":[{"href":"https:\/\/www.steppenwolf-bicycles.com\/pt-pt\/wp-json\/wp\/v2\/media?parent=4858"}],"curies":[{"name":"wp","href":"https:\/\/api.w.org\/{rel}","templated":true}]}}